{"id":969,"date":"2020-12-15T15:44:29","date_gmt":"2020-12-15T20:44:29","guid":{"rendered":"https:\/\/ecpamericas.org\/home\/terms-and-conditions\/"},"modified":"2020-12-29T17:23:39","modified_gmt":"2020-12-29T22:23:39","slug":"terminos-de-uso","status":"publish","type":"page","link":"https:\/\/ecpamericas.org\/es\/home\/terminos-de-uso\/","title":{"rendered":"T\u00e9rminos de uso"},"content":{"rendered":"<p>Al acceder a este sitio web, el usuario acepta las condiciones y el descargo de responsabilidad que siguen:<\/p>\n<p>La Alianza de Energ\u00eda y Clima de las Am\u00e9ricas (ECPA) mantiene este sitio web s\u00f3lo con fines informativos. Los usuarios pueden descargar, copiar e imprimir informaci\u00f3n del sitio para usos sin fines de lucro siempre y cuando citen a la ECPA como fuente del material original. No se podr\u00e1 vender, distribuir o crear obras derivadas sin el permiso expreso por escrito de la ECPA.<\/p>\n<p>A menos que se indique lo contrario, el material publicado en este sitio web, incluidas las opiniones expresadas, es exclusiva responsabilidad de los autores o compiladores y no de la ECPA o sus socios.<\/p>\n<p>El sitio contiene enlaces a sitios web que la ECPA no controla. La ECPA presenta estos enlaces para comodidad de los usuarios y no se responsabiliza por su contenido. La presencia de un enlace no supone que la ECPA o sus socios aprueben su contenido.<\/p>\n<p>Toda la informaci\u00f3n en este sitio web se presenta tal como est\u00e1 disponible. La ECPA no garantiza expresa o t\u00e1citamente que el material ofrecido en el sitio web sea exacto o est\u00e9 completo. La ECPA y su personal no asumen ninguna responsabilidad, ya sea solidaria, mancomunada, individual o de cualquier otro tipo, por cualquier gasto o da\u00f1os de cualquier tipo incurridos como consecuencia de su uso, incluidos los gastos o da\u00f1os debidos a una falla en las comunicaciones y\/o en la computadora asociada al el uso del sitio. La ECPA no se responsabiliza por ninguna acci\u00f3n que se adopte conforme a, o basada en, la informaci\u00f3n de este sitio web.<\/p>\n<p>Como condici\u00f3n para el uso de este sitio web, el usuario se compromete a indemnizar a la ECPA por cualquier acto, pleito, da\u00f1o o perjuicio, incluyendo gastos judiciales y honorarios de asesoramiento jur\u00eddico, originados en el uso por parte del usuario de este sitio web y de la informaci\u00f3n que contiene.<\/p>\n<p>Si el usuario no est\u00e1 conforme con la informaci\u00f3n ofrecida en este sitio web, su \u00fanico remedio es dejar de utilizarlo.<\/p>\n<p>El usuario reconoce que todos los foros y grupos de debate interactivos son p\u00fablicos y no constituyen comunicaciones de \u00edndole privada. Los usuarios de las p\u00e1ginas de foros electr\u00f3nicos contenidos en este sitio no pueden cometer actos il\u00edcitos o difamatorios de ning\u00fan tipo y est\u00e1n obligados a acatar los acuerdos que se describen en el \u00e9ste. La ECPA se reserva el derecho a eliminar en cualquier momento sin previa notificaci\u00f3n el material que se env\u00ede a estos foros. Cuando se utilicen estos foros o se participe en ellos (incluidos los chat rooms y los grupos de debate interactivo), el usuario se compromete a:<\/p>\n<p>no difamar, abusar, acosar, ofender, amenazar o violar los derechos de otros; no publicar, distribuir o difundir ning\u00fan material o informaci\u00f3n difamatoria, infractora, obscena, indecente o ilegal; no enviar o adjuntar archivos que contengan virus, archivos corruptos, software que pueda da\u00f1ar el funcionamiento del hardware de otro individuo y material protegido por las leyes de propiedad intelectual sin obtener previa autorizaci\u00f3n del titular de los derechos de propiedad intelectual; no eliminar cualquier atribuci\u00f3n al autor, notificaci\u00f3n legal, o etiqueta en ning\u00fan archivo que env\u00ede; no falsificar el origen de la fuente del software en el material que env\u00eda; no hacer publicidad o vender cualquier tipo de producto o servicio o realizar o remitir encuestas, concursos o cartas en cadena, o descargar cualquier archivo que el usuario sabe, o deber\u00eda razonablemente saber, que no puede ser distribuido legalmente mediante este m\u00e9todo.<\/p>\n<p>La ECPA, a su juicio exclusivo, puede, sin notificaci\u00f3n y por cualquier raz\u00f3n eliminar todo contenido de los foros sin considerar su procedencia y negar el acceso a este sitio web a cualquier usuario.<\/p>\n<p>El uso de este sitio web tendr\u00e1 como resultado el almacenamiento de cierta informaci\u00f3n sobre el usuario en el servidor de la ECPA. Esta informaci\u00f3n puede incluir, entre otros, el protocolo Internet (IP), la navegaci\u00f3n a trav\u00e9s del sitio, productos que se han adquirido, informaci\u00f3n sobre la tarjeta de cr\u00e9dito presentada por el usuario, el software utilizado, el tiempo que el usuario ha permanecido en el sitio y la direcci\u00f3n y nombre del usuario en caso de que los haya proporcionado. El principal prop\u00f3sito de esta informaci\u00f3n es ayudar a la ECPA a hacer que el sitio responda de mejor manera a las necesidades de los usuarios, en particular las de aquellos que visitan el sitio frecuentemente. La ECPA y su personal no asumen ninguna responsabilidad relativa a la seguridad de esa informaci\u00f3n. A los usuarios que opten por registrarse en el sitio, se les crear\u00e1 un mecanismo identificador para el env\u00edo autom\u00e1tico de informaci\u00f3n (cookie) en su disco r\u00edgido para facilitar el manejo de suscripciones por parte del usuario y el perfil del usuario en l\u00ednea.<\/p>\n","protected":false},"excerpt":{"rendered":"<p>Al acceder a este sitio web, el usuario acepta las condiciones y el descargo de responsabilidad que siguen: La Alianza de Energ\u00eda y Clima de las Am\u00e9ricas (ECPA) mantiene este sitio web s\u00f3lo con fines informativos. Los usuarios pueden descargar, copiar e imprimir informaci\u00f3n del sitio para usos sin fines de lucro siempre y cuando [&hellip;]<\/p>\n","protected":false},"author":1,"featured_media":0,"parent":968,"menu_order":0,"comment_status":"closed","ping_status":"closed","template":"","meta":{"_acf_changed":false,"inline_featured_image":false,"footnotes":""},"class_list":["post-969","page","type-page","status-publish","hentry"],"acf":[],"yoast_head":"<!-- This site is optimized with the Yoast SEO plugin v21.7 - https:\/\/yoast.com\/wordpress\/plugins\/seo\/ -->\n<title>T\u00e9rminos de uso - ECPA - Energy and Climate Partnership of the Americas<\/title>\n<meta name=\"robots\" content=\"index, follow, max-snippet:-1, max-image-preview:large, max-video-preview:-1\" \/>\n<link rel=\"canonical\" href=\"https:\/\/ecpamericas.org\/es\/home\/terminos-de-uso\/\" \/>\n<meta property=\"og:locale\" content=\"es_ES\" \/>\n<meta property=\"og:type\" content=\"article\" \/>\n<meta property=\"og:title\" content=\"T\u00e9rminos de uso - ECPA - Energy and Climate Partnership of the Americas\" \/>\n<meta property=\"og:description\" content=\"Al acceder a este sitio web, el usuario acepta las condiciones y el descargo de responsabilidad que siguen: La Alianza de Energ\u00eda y Clima de las Am\u00e9ricas (ECPA) mantiene este sitio web s\u00f3lo con fines informativos. Los usuarios pueden descargar, copiar e imprimir informaci\u00f3n del sitio para usos sin fines de lucro siempre y cuando [&hellip;]\" \/>\n<meta property=\"og:url\" content=\"https:\/\/ecpamericas.org\/es\/home\/terminos-de-uso\/\" \/>\n<meta property=\"og:site_name\" content=\"ECPA - Energy and Climate Partnership of the Americas\" \/>\n<meta property=\"article:modified_time\" content=\"2020-12-29T22:23:39+00:00\" \/>\n<meta name=\"twitter:card\" content=\"summary_large_image\" \/>\n<meta name=\"twitter:label1\" content=\"Tiempo de lectura\" \/>\n\t<meta name=\"twitter:data1\" content=\"4 minutos\" \/>\n<script type=\"application\/ld+json\" class=\"yoast-schema-graph\">{\"@context\":\"https:\/\/schema.org\",\"@graph\":[{\"@type\":\"WebPage\",\"@id\":\"https:\/\/ecpamericas.org\/es\/home\/terminos-de-uso\/\",\"url\":\"https:\/\/ecpamericas.org\/es\/home\/terminos-de-uso\/\",\"name\":\"T\u00e9rminos de uso - ECPA - Energy and Climate Partnership of the Americas\",\"isPartOf\":{\"@id\":\"https:\/\/ecpamericas.org\/es\/#website\"},\"datePublished\":\"2020-12-15T20:44:29+00:00\",\"dateModified\":\"2020-12-29T22:23:39+00:00\",\"breadcrumb\":{\"@id\":\"https:\/\/ecpamericas.org\/es\/home\/terminos-de-uso\/#breadcrumb\"},\"inLanguage\":\"es\",\"potentialAction\":[{\"@type\":\"ReadAction\",\"target\":[\"https:\/\/ecpamericas.org\/es\/home\/terminos-de-uso\/\"]}]},{\"@type\":\"BreadcrumbList\",\"@id\":\"https:\/\/ecpamericas.org\/es\/home\/terminos-de-uso\/#breadcrumb\",\"itemListElement\":[{\"@type\":\"ListItem\",\"position\":1,\"name\":\"Home\",\"item\":\"https:\/\/ecpamericas.org\/es\/\"},{\"@type\":\"ListItem\",\"position\":2,\"name\":\"Home\",\"item\":\"https:\/\/ecpamericas.org\/es\/\"},{\"@type\":\"ListItem\",\"position\":3,\"name\":\"T\u00e9rminos de uso\"}]},{\"@type\":\"WebSite\",\"@id\":\"https:\/\/ecpamericas.org\/es\/#website\",\"url\":\"https:\/\/ecpamericas.org\/es\/\",\"name\":\"ECPA - Energy and Climate Partnership of the Americas\",\"description\":\"Promoting cooperation for a sustainable energy future in the Americas\",\"potentialAction\":[{\"@type\":\"SearchAction\",\"target\":{\"@type\":\"EntryPoint\",\"urlTemplate\":\"https:\/\/ecpamericas.org\/es\/?s={search_term_string}\"},\"query-input\":\"required name=search_term_string\"}],\"inLanguage\":\"es\"}]}<\/script>\n<!-- \/ Yoast SEO plugin. -->","yoast_head_json":{"title":"T\u00e9rminos de uso - ECPA - Energy and Climate Partnership of the Americas","robots":{"index":"index","follow":"follow","max-snippet":"max-snippet:-1","max-image-preview":"max-image-preview:large","max-video-preview":"max-video-preview:-1"},"canonical":"https:\/\/ecpamericas.org\/es\/home\/terminos-de-uso\/","og_locale":"es_ES","og_type":"article","og_title":"T\u00e9rminos de uso - ECPA - Energy and Climate Partnership of the Americas","og_description":"Al acceder a este sitio web, el usuario acepta las condiciones y el descargo de responsabilidad que siguen: La Alianza de Energ\u00eda y Clima de las Am\u00e9ricas (ECPA) mantiene este sitio web s\u00f3lo con fines informativos. Los usuarios pueden descargar, copiar e imprimir informaci\u00f3n del sitio para usos sin fines de lucro siempre y cuando [&hellip;]","og_url":"https:\/\/ecpamericas.org\/es\/home\/terminos-de-uso\/","og_site_name":"ECPA - Energy and Climate Partnership of the Americas","article_modified_time":"2020-12-29T22:23:39+00:00","twitter_card":"summary_large_image","twitter_misc":{"Tiempo de lectura":"4 minutos"},"schema":{"@context":"https:\/\/schema.org","@graph":[{"@type":"WebPage","@id":"https:\/\/ecpamericas.org\/es\/home\/terminos-de-uso\/","url":"https:\/\/ecpamericas.org\/es\/home\/terminos-de-uso\/","name":"T\u00e9rminos de uso - ECPA - Energy and Climate Partnership of the Americas","isPartOf":{"@id":"https:\/\/ecpamericas.org\/es\/#website"},"datePublished":"2020-12-15T20:44:29+00:00","dateModified":"2020-12-29T22:23:39+00:00","breadcrumb":{"@id":"https:\/\/ecpamericas.org\/es\/home\/terminos-de-uso\/#breadcrumb"},"inLanguage":"es","potentialAction":[{"@type":"ReadAction","target":["https:\/\/ecpamericas.org\/es\/home\/terminos-de-uso\/"]}]},{"@type":"BreadcrumbList","@id":"https:\/\/ecpamericas.org\/es\/home\/terminos-de-uso\/#breadcrumb","itemListElement":[{"@type":"ListItem","position":1,"name":"Home","item":"https:\/\/ecpamericas.org\/es\/"},{"@type":"ListItem","position":2,"name":"Home","item":"https:\/\/ecpamericas.org\/es\/"},{"@type":"ListItem","position":3,"name":"T\u00e9rminos de uso"}]},{"@type":"WebSite","@id":"https:\/\/ecpamericas.org\/es\/#website","url":"https:\/\/ecpamericas.org\/es\/","name":"ECPA - Energy and Climate Partnership of the Americas","description":"Promoting cooperation for a sustainable energy future in the Americas","potentialAction":[{"@type":"SearchAction","target":{"@type":"EntryPoint","urlTemplate":"https:\/\/ecpamericas.org\/es\/?s={search_term_string}"},"query-input":"required name=search_term_string"}],"inLanguage":"es"}]}},"_links":{"self":[{"href":"https:\/\/ecpamericas.org\/es\/wp-json\/wp\/v2\/pages\/969","targetHints":{"allow":["GET"]}}],"collection":[{"href":"https:\/\/ecpamericas.org\/es\/wp-json\/wp\/v2\/pages"}],"about":[{"href":"https:\/\/ecpamericas.org\/es\/wp-json\/wp\/v2\/types\/page"}],"author":[{"embeddable":true,"href":"https:\/\/ecpamericas.org\/es\/wp-json\/wp\/v2\/users\/1"}],"replies":[{"embeddable":true,"href":"https:\/\/ecpamericas.org\/es\/wp-json\/wp\/v2\/comments?post=969"}],"version-history":[{"count":2,"href":"https:\/\/ecpamericas.org\/es\/wp-json\/wp\/v2\/pages\/969\/revisions"}],"predecessor-version":[{"id":1608,"href":"https:\/\/ecpamericas.org\/es\/wp-json\/wp\/v2\/pages\/969\/revisions\/1608"}],"up":[{"embeddable":true,"href":"https:\/\/ecpamericas.org\/es\/wp-json\/wp\/v2\/pages\/968"}],"wp:attachment":[{"href":"https:\/\/ecpamericas.org\/es\/wp-json\/wp\/v2\/media?parent=969"}],"curies":[{"name":"wp","href":"https:\/\/api.w.org\/{rel}","templated":true}]}}