{"id":86,"date":"2020-12-11T23:52:21","date_gmt":"2020-12-11T22:52:21","guid":{"rendered":"https:\/\/ecpamericas.org\/?page_id=86"},"modified":"2023-12-21T07:49:40","modified_gmt":"2023-12-21T12:49:40","slug":"ministerial-ecpa-2020","status":"publish","type":"page","link":"https:\/\/ecpamericas.org\/es\/reuniones-ministeriales\/ministerial-ecpa-2020\/","title":{"rendered":"Ministerial ECPA 2020"},"content":{"rendered":"<h3><img decoding=\"async\" src=\"http:\/\/sp.ecpamericas.org\/assets\/Site_32\/images\/Logos\/logo%20ecpa%20ministerial.jpg\" alt=\"\" \/><\/h3>\n<h3>Resumen<\/h3>\n<p>La\u00a0<strong>Cuarta Reuni\u00f3n Ministerial de la ECPA\u00a0<\/strong>se celebr\u00f3 en Montego Bay, Jamaica,\u00a0<strong>los d\u00edas 27 y 28 de febrero de 2020<\/strong>. La sede para este importante evento fue anunciada en la Tercera Reuni\u00f3n Ministerial de la ECPA (celebrada en Vi\u00f1a del Mar, Chile) cuando Jamaica asumi\u00f3 la Presidencia de la ECPA en septiembre de 2017. La aceptaci\u00f3n de la Presidencia de la ECPA por Jamaica es congruente con su compromiso de impulsar la agenda de desarrollo regional y hemisf\u00e9rico. La celebraci\u00f3n de esta reuni\u00f3n ministerial represent\u00f3 una valiosa oportunidad para que Jamaica pusiera en relieve los avances alcanzados con las medidas en materia de seguridad y diversificaci\u00f3n energ\u00e9tica implementadas en el pa\u00eds. Represent\u00f3 tambi\u00e9n una oportunidad para poner de manifiesto el liderazgo de Jamaica en la promoci\u00f3n de la cooperaci\u00f3n regional, las alianzas estrat\u00e9gicas y el di\u00e1logo abierto en materia de energ\u00eda.<\/p>\n<p><a href=\"http:\/\/https\/\/www.mset.gov.jm\/\">El Ministerio de Ciencia, Tecnolog\u00eda y Energ\u00eda (MSET)<\/a>, en colaboraci\u00f3n con el\u00a0<a href=\"https:\/\/mfaft.gov.jm\/jm2\/\">Ministerio de Relaciones Exteriores y Comercio Exterior (MFAFT)<\/a>, encabez\u00f3 las actividades relacionadas con la celebraci\u00f3n en Montego Bay de esta reuni\u00f3n de alto nivel, a la que asistieron los ministros de energ\u00eda de 29 pa\u00edses miembros de la ECPA y otros dignatarios de la regi\u00f3n.<\/p>\n<p>Esta reuni\u00f3n ministerial tuvo como tema central <strong>\u201cResiliencia energ\u00e9tica y oportunidades de inversi\u00f3n\u201d<\/strong> y sirvi\u00f3 para fomentar el di\u00e1logo sobre pol\u00edticas entre l\u00edderes del sector privado y de los Gobiernos de las Am\u00e9ricas sobre prioridades, retos y oportunidades para el desarrollo y crecimiento econ\u00f3micos. Los debates se centraron en cuestiones relativas a los mecanismos de financiaci\u00f3n para la energ\u00eda limpia y renovable, las oportunidades de inversi\u00f3n en eficiencia energ\u00e9tica, la movilidad el\u00e9ctrica, as\u00ed como estrategias para aumentar la participaci\u00f3n del sector privado en el desarrollo de la infraestructura energ\u00e9tica.<\/p>\n<h3>\u00bfPor qu\u00e9 participar?<\/h3>\n<h4>Para entablar un di\u00e1logo hemisf\u00e9rico acerca de la energ\u00eda<\/h4>\n<p>Los ministros, los jefes de delegaci\u00f3n, los organismos de la energ\u00eda, el sector privado y los socios internacionales del desarrollo contaron con un espacio en el que podr\u00e1n deliberar acerca de acciones que impulsen el compromiso y la participaci\u00f3n de los pa\u00edses en el marco de la ECPA y compartir las prioridades de sus gobiernos en materia de energ\u00eda.<\/p>\n<p>Teniendo en cuenta que los pa\u00edses de Am\u00e9rica Latina y el Caribe son conscientes de las importantes oportunidades de crecimiento econ\u00f3mico y resiliencia que la descarbonizaci\u00f3n puede generar a partir de un uso m\u00e1s amplio de la energ\u00eda renovable, una mayor eficiencia energ\u00e9tica y la transici\u00f3n hacia la movilidad el\u00e9ctrica, la reuni\u00f3n ministerial facilit\u00f3 un di\u00e1logo sobre experiencias, opciones de pol\u00edticas y tecnolog\u00edas que impulsen soluciones sostenibles en las Am\u00e9ricas.<\/p>\n<p><a href=\"http:\/\/ecpaja2020.org\/es\/register\/\" data-hover-color=\"#ffffff\" data-hover-bg-color=\"#00a0a5\">Registrarse ahora<\/a><\/p>\n<p>&nbsp;<\/p>\n<h3><a href=\"https:\/\/ecpamericas.org\/es\/reuniones-ministeriales\/ministerial-ecpa-2020\/proceso-preparatorio-de-la-iv-ministerial\/\">Lugar<\/a><\/h3>\n<p>Ubicado frente al mar y sus vistas imponentes, el Centro de Convenciones Montego Bay ofrece uno de los escenarios m\u00e1s bellos del mundo. Esta es una de las nuevas incorporaciones al mercado de reuniones y convenciones, con un total combinado de 13.200 metros cuadrados para reuniones, exposiciones, salones de baile y plenarios. Para m\u00e1s informaci\u00f3n, visite:\u00a0<a href=\"http:\/\/mbconventioncentre.com\/\"><strong>mbconventioncentre.com\/<\/strong><\/a><\/p>\n<p>Vea el mapa, en este enlace.<\/p>\n<h3><a href=\"http:\/\/ecpaja2020.org\/logistics\/accomodation\/\">Alojamiento<\/a><\/h3>\n<p>Todos los miembros de las delegaciones deben comunicarse con el centro de reservas del hotel al 1-876-940-8019 o hacer la reserva en el sitio web\u00a0<a href=\"http:\/\/www.riu.com\/\">www.riu.com<\/a>. El c\u00f3digo de promoci\u00f3n para la reserva de hotel se puede obtener a trav\u00e9s de la Secretar\u00eda de Planificaci\u00f3n de la ECPA o la Unidad de Coordinaci\u00f3n T\u00e9cnica de la OEA.<\/p>\n<p>Dada la alta demanda de alojamiento hotelero durante este per\u00edodo, se insta a los delegados a realizar sus reservas en el hotel a la brevedad a fin de beneficiarse de las tarifas con descuento.<\/p>\n<h3><a href=\"https:\/\/ecpamericas.org\/es\/reuniones-ministeriales\/ministerial-ecpa-2020\/proceso-preparatorio-de-la-iv-ministerial\/\">Media<\/a><\/h3>\n<p><strong><a href=\"http:\/\/ecpaja2020.org\/press-room\/\">Sala de prensa<\/a><\/strong><\/p>\n<p>Las conferencias y entrevistas de prensa se realizar\u00e1n en la Sala de prensa (C6) ubicada en el bloque C del Centro de Convenciones Montego Bay. Los eventos se llevar\u00e1n a cabo en idioma ingl\u00e9s y espa\u00f1ol. Las solicitudes de formularios de entrevista y las hojas de inscripci\u00f3n para eventos espec\u00edficos estar\u00e1n disponibles en el mostrador de informaci\u00f3n del sal\u00f3n principal del bloque C.<\/p>\n<p><strong><a href=\"http:\/\/ecpaja2020.org\/request-for-interviews\/\">Conferencias de prensa programadas<\/a><\/strong><\/p>\n<p><strong><a href=\"https:\/\/jis.gov.jm\/accreditation-form\/4th-inter-ministerial-energy-and-climate-partnership-of-the-americas-ecpa\/\">A<\/a><a href=\"https:\/\/jis.gov.jm\/accreditation-form\/4th-inter-ministerial-energy-and-climate-partnership-of-the-americas-ecpa\/\">creditaci\u00f3n<\/a><\/strong><\/p>\n<p>&nbsp;<\/p>\n<hr \/>\n<p>&nbsp;<\/p>\n<h3><a href=\"https:\/\/ecpamericas.org\/es\/reuniones-ministeriales\/ministerial-ecpa-2020\/proceso-preparatorio-de-la-iv-ministerial\/\">Proceso preparatorio<\/a><\/h3>\n<p>El 7 de noviembre de 2018, representantes de 22 pa\u00edses de las Am\u00e9ricas se reunieron en Miami con motivo de la Primera Reuni\u00f3n Regional Preparatoria para presentar su progreso con respecto a la sostenibilidad energ\u00e9tica, la transici\u00f3n y la resiliencia. La Segunda Reuni\u00f3n Preparatoria se realiz\u00f3 en San Jos\u00e9, costa Rica, el 25 de abril, 2019.\u00a0Sobre la base de los aportes de los pa\u00edses a trav\u00e9s de sus Puntos Focales Nacionales, el Comit\u00e9 Directivo, con el apoyo de la OEA, elabor\u00f3 la agenda de la IV Reuni\u00f3n Ministerial de la ECPA.<\/p>\n<h3>Serie de di\u00e1logos previos a la reuni\u00f3n ministerial de la ECPA<\/h3>\n<ul>\n<li>9 de mayo, 2019<\/li>\n<\/ul>\n<p><a href=\"https:\/\/ecpamericas.org\/es\/events\/serie-de-dialogos-ministeriales-de-la-ecpa-retos-y-oportunidades-de-la-movilidad-electrica-en-las-americas\/\">Retos y oportunidades de la movilidad el\u00e9ctrica en las Am\u00e9ricas<\/a>.\u00a0Vea reporte,\u00a0<a href=\"https:\/\/ecpamericas.org\/es\/news\/una-red-electrica-verde-para-la-republica-dominicana\/\">aqu\u00ed<\/a>.<\/p>\n<ul>\n<li>23 de octubre, 2019<\/li>\n<\/ul>\n<p><a href=\"https:\/\/ecpamericas.org\/es\/events\/serie-de-dialogos-ministeriales-de-la-ecpa-genero-y-energia\/\">G\u00e9nero y energ\u00eda<\/a>. Vea reporte,\u00a0<a href=\"https:\/\/ecpamericas.org\/es\/news\/genero-y-energia-una-labor-mancomunada\/\">aqu\u00ed<\/a>.<\/p>\n<ul>\n<li>5 de noviembre, 2019<\/li>\n<\/ul>\n<p>&nbsp;<\/p>\n<div>\n<div>\n<p><a href=\"https:\/\/ecpamericas.org\/es\/events\/serie-de-dialogos-ministeriales-de-la-ecpa-construir-resiliencia-urbana\/\">Construir Resiliencia Urbana<\/a>. Vea reporte,\u00a0<a href=\"https:\/\/ecpamericas.org\/es\/news\/resiliencia-urbana-fortalecimiento-de-habilidades-de-supervivencia\/\">aqu\u00ed<\/a>.<\/p>\n<\/div>\n<\/div>\n<ul>\n<li>13 de diciembre, 2019<a href=\"http:\/\/sp.ecpamericas.org\/Events\/Default.aspx?id=1747\">\u00a0<\/a><a href=\"http:\/\/sp.ecpamericas.org\/Events\/Default.aspx?id=1747\">\u00a0<\/a><\/li>\n<\/ul>\n<p><a href=\"https:\/\/ecpamericas.org\/es\/events\/invertir-en-gas-natural-opciones-de-sistemas-energeticos-flexibles-y-resilientes-en-america-latina\/\">Invertir en gas natural: opciones de sistemas energ\u00e9ticos flexibles y resilientes en Am\u00e9rica Latina<\/a>.<\/p>\n<p>Lugar de encuentro<\/p>\n<p>Montego Bay, Jamaica<\/p>\n","protected":false},"excerpt":{"rendered":"<p>Resumen La\u00a0Cuarta Reuni\u00f3n Ministerial de la ECPA\u00a0se celebr\u00f3 en Montego Bay, Jamaica,\u00a0los d\u00edas 27 y 28 de febrero de 2020. La sede para este importante evento fue anunciada en la Tercera Reuni\u00f3n Ministerial de la ECPA (celebrada en Vi\u00f1a del Mar, Chile) cuando Jamaica asumi\u00f3 la Presidencia de la ECPA en septiembre de 2017. La [&hellip;]<\/p>\n","protected":false},"author":1,"featured_media":0,"parent":61,"menu_order":0,"comment_status":"closed","ping_status":"closed","template":"","meta":{"_acf_changed":false,"inline_featured_image":false,"footnotes":""},"class_list":["post-86","page","type-page","status-publish","hentry"],"acf":[],"yoast_head":"<!-- This site is optimized with the Yoast SEO plugin v21.7 - https:\/\/yoast.com\/wordpress\/plugins\/seo\/ -->\n<title>Ministerial ECPA 2020 - ECPA - Energy and Climate Partnership of the Americas<\/title>\n<meta name=\"robots\" content=\"index, follow, max-snippet:-1, max-image-preview:large, max-video-preview:-1\" \/>\n<link rel=\"canonical\" href=\"https:\/\/ecpamericas.org\/es\/reuniones-ministeriales\/ministerial-ecpa-2020\/\" \/>\n<meta property=\"og:locale\" content=\"es_ES\" \/>\n<meta property=\"og:type\" content=\"article\" \/>\n<meta property=\"og:title\" content=\"Ministerial ECPA 2020 - ECPA - Energy and Climate Partnership of the Americas\" \/>\n<meta property=\"og:description\" content=\"Resumen La\u00a0Cuarta Reuni\u00f3n Ministerial de la ECPA\u00a0se celebr\u00f3 en Montego Bay, Jamaica,\u00a0los d\u00edas 27 y 28 de febrero de 2020. La sede para este importante evento fue anunciada en la Tercera Reuni\u00f3n Ministerial de la ECPA (celebrada en Vi\u00f1a del Mar, Chile) cuando Jamaica asumi\u00f3 la Presidencia de la ECPA en septiembre de 2017. La [&hellip;]\" \/>\n<meta property=\"og:url\" content=\"https:\/\/ecpamericas.org\/es\/reuniones-ministeriales\/ministerial-ecpa-2020\/\" \/>\n<meta property=\"og:site_name\" content=\"ECPA - Energy and Climate Partnership of the Americas\" \/>\n<meta property=\"article:modified_time\" content=\"2023-12-21T12:49:40+00:00\" \/>\n<meta property=\"og:image\" content=\"http:\/\/sp.ecpamericas.org\/assets\/Site_32\/images\/Logos\/logo%20ecpa%20ministerial.jpg\" \/>\n<meta name=\"twitter:card\" content=\"summary_large_image\" \/>\n<meta name=\"twitter:label1\" content=\"Tiempo de lectura\" \/>\n\t<meta name=\"twitter:data1\" content=\"4 minutos\" \/>\n<script type=\"application\/ld+json\" class=\"yoast-schema-graph\">{\"@context\":\"https:\/\/schema.org\",\"@graph\":[{\"@type\":\"WebPage\",\"@id\":\"https:\/\/ecpamericas.org\/es\/reuniones-ministeriales\/ministerial-ecpa-2020\/\",\"url\":\"https:\/\/ecpamericas.org\/es\/reuniones-ministeriales\/ministerial-ecpa-2020\/\",\"name\":\"Ministerial ECPA 2020 - ECPA - Energy and Climate Partnership of the Americas\",\"isPartOf\":{\"@id\":\"https:\/\/ecpamericas.org\/es\/#website\"},\"datePublished\":\"2020-12-11T22:52:21+00:00\",\"dateModified\":\"2023-12-21T12:49:40+00:00\",\"breadcrumb\":{\"@id\":\"https:\/\/ecpamericas.org\/es\/reuniones-ministeriales\/ministerial-ecpa-2020\/#breadcrumb\"},\"inLanguage\":\"es\",\"potentialAction\":[{\"@type\":\"ReadAction\",\"target\":[\"https:\/\/ecpamericas.org\/es\/reuniones-ministeriales\/ministerial-ecpa-2020\/\"]}]},{\"@type\":\"BreadcrumbList\",\"@id\":\"https:\/\/ecpamericas.org\/es\/reuniones-ministeriales\/ministerial-ecpa-2020\/#breadcrumb\",\"itemListElement\":[{\"@type\":\"ListItem\",\"position\":1,\"name\":\"Home\",\"item\":\"https:\/\/ecpamericas.org\/es\/\"},{\"@type\":\"ListItem\",\"position\":2,\"name\":\"Reuniones Ministeriales\",\"item\":\"https:\/\/ecpamericas.org\/es\/reuniones-ministeriales\/\"},{\"@type\":\"ListItem\",\"position\":3,\"name\":\"Ministerial ECPA 2020\"}]},{\"@type\":\"WebSite\",\"@id\":\"https:\/\/ecpamericas.org\/es\/#website\",\"url\":\"https:\/\/ecpamericas.org\/es\/\",\"name\":\"ECPA - Energy and Climate Partnership of the Americas\",\"description\":\"Promoting cooperation for a sustainable energy future in the Americas\",\"potentialAction\":[{\"@type\":\"SearchAction\",\"target\":{\"@type\":\"EntryPoint\",\"urlTemplate\":\"https:\/\/ecpamericas.org\/es\/?s={search_term_string}\"},\"query-input\":\"required name=search_term_string\"}],\"inLanguage\":\"es\"}]}<\/script>\n<!-- \/ Yoast SEO plugin. -->","yoast_head_json":{"title":"Ministerial ECPA 2020 - ECPA - Energy and Climate Partnership of the Americas","robots":{"index":"index","follow":"follow","max-snippet":"max-snippet:-1","max-image-preview":"max-image-preview:large","max-video-preview":"max-video-preview:-1"},"canonical":"https:\/\/ecpamericas.org\/es\/reuniones-ministeriales\/ministerial-ecpa-2020\/","og_locale":"es_ES","og_type":"article","og_title":"Ministerial ECPA 2020 - ECPA - Energy and Climate Partnership of the Americas","og_description":"Resumen La\u00a0Cuarta Reuni\u00f3n Ministerial de la ECPA\u00a0se celebr\u00f3 en Montego Bay, Jamaica,\u00a0los d\u00edas 27 y 28 de febrero de 2020. La sede para este importante evento fue anunciada en la Tercera Reuni\u00f3n Ministerial de la ECPA (celebrada en Vi\u00f1a del Mar, Chile) cuando Jamaica asumi\u00f3 la Presidencia de la ECPA en septiembre de 2017. La [&hellip;]","og_url":"https:\/\/ecpamericas.org\/es\/reuniones-ministeriales\/ministerial-ecpa-2020\/","og_site_name":"ECPA - Energy and Climate Partnership of the Americas","article_modified_time":"2023-12-21T12:49:40+00:00","og_image":[{"url":"http:\/\/sp.ecpamericas.org\/assets\/Site_32\/images\/Logos\/logo%20ecpa%20ministerial.jpg"}],"twitter_card":"summary_large_image","twitter_misc":{"Tiempo de lectura":"4 minutos"},"schema":{"@context":"https:\/\/schema.org","@graph":[{"@type":"WebPage","@id":"https:\/\/ecpamericas.org\/es\/reuniones-ministeriales\/ministerial-ecpa-2020\/","url":"https:\/\/ecpamericas.org\/es\/reuniones-ministeriales\/ministerial-ecpa-2020\/","name":"Ministerial ECPA 2020 - ECPA - Energy and Climate Partnership of the Americas","isPartOf":{"@id":"https:\/\/ecpamericas.org\/es\/#website"},"datePublished":"2020-12-11T22:52:21+00:00","dateModified":"2023-12-21T12:49:40+00:00","breadcrumb":{"@id":"https:\/\/ecpamericas.org\/es\/reuniones-ministeriales\/ministerial-ecpa-2020\/#breadcrumb"},"inLanguage":"es","potentialAction":[{"@type":"ReadAction","target":["https:\/\/ecpamericas.org\/es\/reuniones-ministeriales\/ministerial-ecpa-2020\/"]}]},{"@type":"BreadcrumbList","@id":"https:\/\/ecpamericas.org\/es\/reuniones-ministeriales\/ministerial-ecpa-2020\/#breadcrumb","itemListElement":[{"@type":"ListItem","position":1,"name":"Home","item":"https:\/\/ecpamericas.org\/es\/"},{"@type":"ListItem","position":2,"name":"Reuniones Ministeriales","item":"https:\/\/ecpamericas.org\/es\/reuniones-ministeriales\/"},{"@type":"ListItem","position":3,"name":"Ministerial ECPA 2020"}]},{"@type":"WebSite","@id":"https:\/\/ecpamericas.org\/es\/#website","url":"https:\/\/ecpamericas.org\/es\/","name":"ECPA - Energy and Climate Partnership of the Americas","description":"Promoting cooperation for a sustainable energy future in the Americas","potentialAction":[{"@type":"SearchAction","target":{"@type":"EntryPoint","urlTemplate":"https:\/\/ecpamericas.org\/es\/?s={search_term_string}"},"query-input":"required name=search_term_string"}],"inLanguage":"es"}]}},"_links":{"self":[{"href":"https:\/\/ecpamericas.org\/es\/wp-json\/wp\/v2\/pages\/86","targetHints":{"allow":["GET"]}}],"collection":[{"href":"https:\/\/ecpamericas.org\/es\/wp-json\/wp\/v2\/pages"}],"about":[{"href":"https:\/\/ecpamericas.org\/es\/wp-json\/wp\/v2\/types\/page"}],"author":[{"embeddable":true,"href":"https:\/\/ecpamericas.org\/es\/wp-json\/wp\/v2\/users\/1"}],"replies":[{"embeddable":true,"href":"https:\/\/ecpamericas.org\/es\/wp-json\/wp\/v2\/comments?post=86"}],"version-history":[{"count":7,"href":"https:\/\/ecpamericas.org\/es\/wp-json\/wp\/v2\/pages\/86\/revisions"}],"predecessor-version":[{"id":7683,"href":"https:\/\/ecpamericas.org\/es\/wp-json\/wp\/v2\/pages\/86\/revisions\/7683"}],"up":[{"embeddable":true,"href":"https:\/\/ecpamericas.org\/es\/wp-json\/wp\/v2\/pages\/61"}],"wp:attachment":[{"href":"https:\/\/ecpamericas.org\/es\/wp-json\/wp\/v2\/media?parent=86"}],"curies":[{"name":"wp","href":"https:\/\/api.w.org\/{rel}","templated":true}]}}