{"id":84,"date":"2020-12-11T23:52:05","date_gmt":"2020-12-11T22:52:05","guid":{"rendered":"https:\/\/ecpamericas.org\/?page_id=84"},"modified":"2023-12-21T07:49:07","modified_gmt":"2023-12-21T12:49:07","slug":"ministerial-ecpa-2017","status":"publish","type":"page","link":"https:\/\/ecpamericas.org\/es\/reuniones-ministeriales\/ministerial-ecpa-2017\/","title":{"rendered":"Ministerial ECPA 2017"},"content":{"rendered":"<h3>Resumen<\/h3>\n<p>La\u00a0<strong>Alianza de Energ\u00eda y Clima de las Am\u00e9ricas\u00a0(ECPA)\u00a0<\/strong>es una plataforma de cooperaci\u00f3n\u00a0hemisf\u00e9rica\u00a0emanada\u00a0de\u00a0la\u00a0V\u00a0Cumbre\u00a0de\u00a0las\u00a0Am\u00e9ricas\u00a0celebrada\u00a0en\u00a0Trinidad\u00a0y\u00a0Tobago\u00a0en\u00a0abril\u00a0de\u00a02009.\u00a0Durante\u00a0la\u00a0II\u00a0Reuni\u00f3n\u00a0Ministerial\u00a0efectuada en\u00a0M\u00e9rida\u00a0en\u00a02015,\u00a0los\u00a0ministros\u00a0acordaron\u00a0dotar\u00a0a\u00a0ECPA\u00a0de\u00a0una\u00a0estructura gerencial\u00a0y\u00a0dieron\u00a0el\u00a0mandato\u00a0de\u00a0elaborar\u00a0un\u00a0Plan\u00a0de\u00a0Acci\u00f3n\u00a0hemisf\u00e9rico\u00a0sobre energ\u00eda\u00a0y\u00a0clima.\u00a0Este\u00a0a\u00f1o,\u00a0la\u00a0III\u00a0Reuni\u00f3n\u00a0Ministerial\u00a0a\u00a0realizarse\u00a0en\u00a0Vi\u00f1a\u00a0del\u00a0Mar,\u00a0Chile,\u00a0ser\u00e1\u00a0la\u00a0instancia\u00a0para\u00a0concretar\u00a0el\u00a0intercambio\u00a0en\u00a0torno\u00a0a\u00a0los\u00a0pilares\u00a0de\u00a0ECPA,\u00a0promover\u00a0el\u00a0di\u00e1logo\u00a0entre\u00a0los\u00a0pa\u00edses,\u00a0as\u00ed\u00a0como\u00a0entre\u00a0los\u00a0sectores\u00a0p\u00fablico y\u00a0privado,\u00a0e\u00a0impulsar\u00a0sinergias\u00a0a\u00a0nivel\u00a0regional\u00a0en\u00a0vistas\u00a0a\u00a0avanzar\u00a0hacia\u00a0la transici\u00f3n\u00a0energ\u00e9tica\u00a0en\u00a0las\u00a0Am\u00e9ricas,\u00a0centrada\u00a0en\u00a0el\u00a0desarrollo\u00a0de\u00a0energ\u00edas sustentables, m\u00e1s eficientes, innovadoras y\u00a0accesibles.<\/p>\n<p>La reuni\u00f3n abordar\u00e1 las acciones para avanzar hacia la\u00a0<strong>\u201cTransici\u00f3n Energ\u00e9tica en las Am\u00e9ricas\u201d\u00a0<\/strong>y contar\u00e1 con la participaci\u00f3n de los ministros de energ\u00eda de Norteam\u00e9rica, Centroam\u00e9rica, El Caribe y Am\u00e9rica del Sur, as\u00ed como de representantes de alto nivel de organizaciones internacionales y del sector privado.<\/p>\n<p>El evento ser\u00e1 inaugurado por la presidenta de la Rep\u00fablica de Chile, Sra. Michelle Bachelet y por el Secretario General de la Organizaci\u00f3n de Estados Americanos, OEA, Sr. Luis Almagro, entidad facilitadora de ECPA.<\/p>\n<h3>Saludos del pa\u00eds anfitri\u00f3n<\/h3>\n<p>Una de las fortalezas de nuestra regi\u00f3n es la abundancia de recursos energ\u00e9ticos renovables. Y a partir de ello, en todas las Am\u00e9ricas los pa\u00edses est\u00e1n avanzando hacia las energ\u00edas limpias, motivados por la urgencia del cambio clim\u00e1tico. La Alianza de Energ\u00eda y Clima de las Am\u00e9ricas (conocida como ECPA, por su acr\u00f3nimo en ingl\u00e9s) ha ayudado a darle forma a los esfuerzos de este continente por abordar una serie de retos que todos compartimos. S\u00ed, todav\u00eda nos queda un largo tramo por recorrer. S\u00ed, el Acuerdo de Par\u00eds sobre el cambio clim\u00e1tico est\u00e1 reci\u00e9n dando sus primeros pasos. Pero vamos por buen rumbo. Un buen ejemplo de ello es la realizaci\u00f3n de la Tercera Reuni\u00f3n Ministerial de ECPA, que Chile tendr\u00e1 el privilegio de acoger en septiembre de 2017, y que nos brindar\u00e1 la oportunidad de definir nuestras prioridades, fortalecer nuestra cooperaci\u00f3n y profundizar nuestro compromiso en pos de una transici\u00f3n hacia la energ\u00eda sostenible.<\/p>\n<p>-Andr\u00e9s Rebolledo Smitmans,\u00a0Ministro de Energ\u00eda de Chile<\/p>\n<h3>Proceso preparatorio<\/h3>\n<p><a href=\"https:\/\/ecpamericas.org\/wp-content\/uploads\/2020\/12\/REPORT_-Prep-Meeting-Miami-2016_FINAL.pdf\">Primera reuni\u00f3n preparatoria<\/a>: Miami, Florida, 20 de octubre de 2016<\/p>\n<p><a href=\"https:\/\/ecpamericas.org\/wp-content\/uploads\/2020\/12\/Prep_Meeting_Agenda_ESP-1.pdf\">Segunda reuni\u00f3n preparatoria<\/a>: Puerto Espa\u00f1a, Trinidad y Tobago, 20 de abril de 2017<\/p>\n<h3>Lugar de encuentro<\/h3>\n<p><strong>Sheraton Miramar Hotel &amp; Convention Center \u00a0I \u00a0<\/strong><strong>Vi\u00f1a del Mar, Chile<\/strong><\/p>\n<p><img decoding=\"async\" src=\"https:\/\/ecpamericas.org\/assets\/Site_32\/images\/2107%20Ministerial\/foto%20villa%20sin%20texto.jpg\" alt=\"\" \/><\/p>\n<div>\u00a0Vi\u00f1a\u00a0del\u00a0Mar\u00a0se\u00a0ubica\u00a0en\u00a0la\u00a0costa\u00a0central\u00a0de\u00a0la\u00a0V\u00a0Regi\u00f3n\u00a0de\u00a0Chile,\u00a0a\u00a0120\u00a0km.\u00a0de la\u00a0capital,\u00a0Santiago.<\/div>\n<p>&nbsp;<\/p>\n<p>Dada su geograf\u00eda y car\u00e1cter residencial, ha mantenido hist\u00f3ricamente\u00a0la condici\u00f3n de ciudad balneario, gracias al adecuado aprovechamiento de sus potencialidades\u00a0paisaj\u00edsticas\u00a0y\u00a0a\u00a0la\u00a0ejecuci\u00f3n\u00a0de\u00a0diversos\u00a0proyectos\u00a0que\u00a0han consolidado\u00a0a\u00a0Vi\u00f1a\u00a0del\u00a0Mar,\u00a0a\u00a0trav\u00e9s\u00a0del\u00a0tiempo\u00a0como\u00a0la\u00a0\u201cCapital\u00a0Tur\u00edstica\u00a0de Chile\u201d,\u00a0denominaci\u00f3n\u00a0que\u00a0trasciende\u00a0nuestras\u00a0fronteras.<\/p>\n<p>Vi\u00f1a del\u00a0Mar,\u00a0tambi\u00e9n es conocida como la \u201cCiudad Jard\u00edn\u201d por estar originalmente\u00a0rodeada\u00a0de\u00a0grandes\u00a0\u00e1reas\u00a0verdes\u00a0y\u00a0preservar\u00a0en\u00a0su\u00a0zona\u00a0urbana hermosos\u00a0y\u00a0extensos\u00a0jardines,\u00a0con\u00a0variadas\u00a0especies\u00a0florales\u00a0y\u00a0arb\u00f3reas\u00a0nativas y\u00a0ex\u00f3ticas.\u00a0Es\u00a0destacable\u00a0el\u00a0hecho\u00a0de\u00a0que\u00a0en\u00a0la\u00a0comunidad\u00a0vi\u00f1amarina\u00a0existe una\u00a0verdadera\u00a0cultura\u00a0por\u00a0preservar\u00a0y\u00a0generar\u00a0este\u00a0tipo\u00a0de\u00a0\u00e1reas.<\/p>\n<p>&nbsp;<\/p>\n<div>La\u00a0corta\u00a0distancia\u00a0que\u00a0la\u00a0separa\u00a0de\u00a0Santiago,\u00a0facilita\u00a0la\u00a0concurrencia\u00a0de\u00a0turistas,\u00a0por\u00a0lo\u00a0cual\u00a0es\u00a0uno\u00a0de\u00a0los\u00a0destinos\u00a0predilectos\u00a0del\u00a0turismo\u00a0nacional\u00a0y\u00a0extranjero. La\u00a0ciudad\u00a0es\u00a0conocida\u00a0tambi\u00e9n\u00a0por\u00a0su\u00a0Festival\u00a0de\u00a0la\u00a0Canci\u00f3n,\u00a0que\u00a0se\u00a0realiza todos\u00a0los\u00a0a\u00f1os\u00a0en\u00a0el\u00a0mes\u00a0d\u00a0febrero.\u00a0M\u00e1s informaci\u00f3n:\u00a0<a href=\"http:\/\/www.visitevinadelmar.cl\/\">www.visitevinadelmar.cl<\/a>.<\/div>\n<p>&nbsp;<\/p>\n<p>&nbsp;<\/p>\n<div>\n<h3>Programa<\/h3>\n<\/div>\n<p>&nbsp;<\/p>\n<p>La III Reuni\u00f3n Ministerial ECPA tendr\u00e1 un d\u00eda y medio de duraci\u00f3n. El jueves 7 de septiembre se realizar\u00e1n conferencias sobre temas relacionados a la transici\u00f3n energ\u00e9tica. \u00c9stas son organizadas por diferentes organismos internacionales y nacionales y pretenden aportar a una discusi\u00f3n m\u00e1s detallada de los contenidos. Durante la tarde se realizar\u00e1 la inauguraci\u00f3n oficial, con la presencia de la Presidenta de la Rep\u00fablica de Chile, Sra. Michelle Bachelet y de otras altas autoridades. Luego tendr\u00e1 lugar una reuni\u00f3n privada de los ministros, destinada a la revisi\u00f3n y aprobaci\u00f3n de los documentos ECPA. El d\u00eda concluir\u00e1 con una cena ofrecida por la mandataria de Chile en la residencia presidencial Palacio de Cerro Castillo (por invitaci\u00f3n).<\/p>\n<p>El viernes 8 de septiembre se iniciar\u00e1 con un desayuno entre el sector privado y los ministros. Posteriormente se dar\u00e1 inicio a las sesiones de trabajo, que tendr\u00e1n lugar durante la ma\u00f1ana. La Reuni\u00f3n Ministerial ser\u00e1 clausurada por el Ministro de Relaciones Exteriores de Chile, Sr. Heraldo Mu\u00f1oz. Finalmente, el sector privado ofrecer\u00e1 un paseo cultural a la casa de veraneo de Pablo Neruda, \u201cla Sebastiana\u201d, ubicada en Valpara\u00edso.<\/p>\n<p><a href=\"http:\/\/sp.ecpamericas.org\/assets\/Site_32\/files\/ECPA%20Ministerial%20Tab\/2017%20Ministerial\/Agenda%20Ministerial%20D%C3%8DA%201.pdf\"><img decoding=\"async\" src=\"http:\/\/sp.ecpamericas.org\/assets\/Site_32\/images\/2107%20Ministerial\/dia%201-03.jpg\" alt=\"\" \/><\/a>\u00a0 \u00a0 \u00a0<a href=\"http:\/\/sp.ecpamericas.org\/assets\/Site_32\/files\/ECPA%20Ministerial%20Tab\/2017%20Ministerial\/Ministerial%20agenda%20D%C3%8DA%202.pdf\"><img decoding=\"async\" src=\"http:\/\/sp.ecpamericas.org\/assets\/Site_32\/images\/2107%20Ministerial\/dia%202-04.jpg\" alt=\"\" \/><\/a><\/p>\n<h3>Resultados de la reuni\u00f3n<\/h3>\n<p><a href=\"https:\/\/ecpamericas.org\/assets\/Site_32\/files\/ECPA%20Ministerial%20Tab\/2017%20Ministerial\/documentos%20finales\/RESUMEN%20EJECUTIVO%20DE%20LA%20PRESIDENCIA%20DE%20ECPA.pdf\">R<\/a><a href=\"https:\/\/ecpamericas.org\/wp-content\/uploads\/2020\/12\/RESUMEN-EJECUTIVO-DE-LA-PRESIDENCIA-DE-ECPA-1.pdf\">esumen ejecutivo<\/a><\/p>\n<p><a href=\"https:\/\/ecpamericas.org\/wp-content\/uploads\/2020\/12\/PLAN-DE-ACCION-ECPA-FINAL-3-acciones-colaborativas-y-nacionales.pdf\">Plan de acci\u00f3n<\/a><\/p>\n<p><a href=\"https:\/\/ecpamericas.org\/wp-content\/uploads\/2020\/12\/PRINCIPIOS-RECTORES-ECPA2-FINAL.pdf\">Principios rectores<\/a><\/p>\n<p><a href=\"http:\/\/sp.ecpamericas.org\/assets\/Site_32\/files\/ECPA%20Ministerial%20Tab\/2017%20Ministerial\/documentos%20finales\/Prioridades%20nacionales%20esp%20final2.pdf\">P<\/a><a href=\"https:\/\/ecpamericas.org\/wp-content\/uploads\/2020\/12\/Prioridades-nacionales-esp-final2.pdf\">rioridades nacionales<\/a><\/p>\n<p>&nbsp;<\/p>\n<div>\n<hr \/>\n<\/div>\n<p>&nbsp;<\/p>\n<p>Reuniones ministeriales anteriores<\/p>\n<p>La primera Reuni\u00f3n Ministerial de Energ\u00eda y Clima de las Am\u00e9ricas se celebr\u00f3 en Washington, DC, Estados Unidos en\u00a0<strong>abril de 2010<\/strong>. Esta reuni\u00f3n de dos d\u00edas de ministros de energ\u00eda de los pa\u00edses de las Am\u00e9ricas fue clave para establecer la Alianza de Energ\u00eda y Clima de las Am\u00e9ricas (ECPA), anunciada durante la Quinta Cumbre de las Am\u00e9ricas celebrada Trinidad y Tobago en\u00a0<strong>2009<\/strong>.<\/p>\n<p>La Ciudad de M\u00e9rida, en M\u00e9xico, fue sede de la Segunda Reuni\u00f3n Ministerial realizada en mayo de 2015. Este evento reuni\u00f3 a ministros de energ\u00eda y autoridades nacionales de alto nivel que acordaron conjuntamente dise\u00f1ar un\u00a0<em>Plan de Trabajo<\/em>\u00a0din\u00e1mico con acciones concretas que impulsen el liderazgo Hemisferio en temas de energ\u00eda y cambio clim\u00e1tico. La reuni\u00f3n sent\u00f3 las bases para un\u00a0<em>Plan de Trabajo<\/em>\u00a0de dos a\u00f1os y el establecimiento de un Comit\u00e9 Directivo como estructura de gobierno para la Alianza.<\/p>\n<p>Estas reuniones tambi\u00e9n dieron origen a un\u00a0<em>Plan de Acci\u00f3n<\/em>\u00a0para la ECPA que define los pr\u00f3ximos pasos de la agenda de energ\u00eda regi\u00f3n.<\/p>\n<p>&nbsp;<\/p>\n<div>\n<hr \/>\n<\/div>\n<p>&nbsp;<\/p>\n<p>Noticias relacionadas<\/p>\n<p><strong>Bolet\u00edn de Noticias de ECPA de septiembre<\/strong><\/p>\n<p>&#8211;<a href=\"https:\/\/ecpamericas.org\/es\/news\/no-hay-tiempo-que-perder-en-la-transicion-hacia-la-energia-mas-limpia\/\">\u00abNo hay tiempo que perder\u00bb en la transici\u00f3n hacia la energ\u00eda m\u00e1s limpia<\/a><\/p>\n<p>&#8211;<a href=\"https:\/\/ecpamericas.org\/es\/news\/jamaica-centro-de-atencion\/\">Jamaica centro de atenci\u00f3n<\/a><\/p>\n<p>&#8211;<a href=\"https:\/\/ecpamericas.org\/es\/news\/los-desafios-energeticos-son-tan-diversos-como-la-propia-region\/\">Los desaf\u00edos energ\u00e9ticos son tan diversos como la propia regi\u00f3n<\/a><\/p>\n<p>8 de septiembre, 2017 &#8211;\u00a0<a href=\"http:\/\/www.oas.org\/es\/centro_noticias\/comunicado_prensa.asp?sCodigo=C-067\/17\">Pa\u00edses de las Am\u00e9ricas en Ministerial de ECPA avanzar hacia la transici\u00f3n a pol\u00edticas de energ\u00edas renovables<\/a>\u00a0(Fuente OEA)<\/p>\n<p>5 de septiembre, 2017 &#8211;\u00a0<a href=\"http:\/\/www.oas.org\/es\/centro_noticias\/comunicado_prensa.asp?sCodigo=AVI-111\/17\">24 pa\u00edses de las Am\u00e9ricas debatir\u00e1n en Chile sobre \u00abtransici\u00f3n energ\u00e9tica\u00bb en Ministerial de la Alianza de la Energ\u00eda y Clima de las Am\u00e9ricas<\/a>\u00a0\u00a0(Fuente OEA)<\/p>\n<p>13 de diciembre, 2016 &#8211;\u00a0<a href=\"https:\/\/ecpamericas.org\/es\/news\/ecpa-una-alianza-para-la-energia-sostenible\/\">ECPA: Una alianza para la energ\u00eda sostenible<\/a><\/p>\n<p>07 de noviembre, 2016 &#8211;\u00a0<a href=\"https:\/\/ecpamericas.org\/es\/news\/ecpa-en-accion\/\">ECPA en Acci\u00f3n: Transici\u00f3n energ\u00e9tica en las Am\u00e9ricas<\/a><\/p>\n<p>11 de octubre, 2016 &#8211;\u00a0<a href=\"https:\/\/ecpamericas.org\/es\/news\/en-que-anda-la-ecpa\/\">Comit\u00e9 Directivo de la ECPA lanza el proceso preparatorio de la Ministerial 2017\u00a0<\/a><\/p>\n","protected":false},"excerpt":{"rendered":"<p>Resumen La\u00a0Alianza de Energ\u00eda y Clima de las Am\u00e9ricas\u00a0(ECPA)\u00a0es una plataforma de cooperaci\u00f3n\u00a0hemisf\u00e9rica\u00a0emanada\u00a0de\u00a0la\u00a0V\u00a0Cumbre\u00a0de\u00a0las\u00a0Am\u00e9ricas\u00a0celebrada\u00a0en\u00a0Trinidad\u00a0y\u00a0Tobago\u00a0en\u00a0abril\u00a0de\u00a02009.\u00a0Durante\u00a0la\u00a0II\u00a0Reuni\u00f3n\u00a0Ministerial\u00a0efectuada en\u00a0M\u00e9rida\u00a0en\u00a02015,\u00a0los\u00a0ministros\u00a0acordaron\u00a0dotar\u00a0a\u00a0ECPA\u00a0de\u00a0una\u00a0estructura gerencial\u00a0y\u00a0dieron\u00a0el\u00a0mandato\u00a0de\u00a0elaborar\u00a0un\u00a0Plan\u00a0de\u00a0Acci\u00f3n\u00a0hemisf\u00e9rico\u00a0sobre energ\u00eda\u00a0y\u00a0clima.\u00a0Este\u00a0a\u00f1o,\u00a0la\u00a0III\u00a0Reuni\u00f3n\u00a0Ministerial\u00a0a\u00a0realizarse\u00a0en\u00a0Vi\u00f1a\u00a0del\u00a0Mar,\u00a0Chile,\u00a0ser\u00e1\u00a0la\u00a0instancia\u00a0para\u00a0concretar\u00a0el\u00a0intercambio\u00a0en\u00a0torno\u00a0a\u00a0los\u00a0pilares\u00a0de\u00a0ECPA,\u00a0promover\u00a0el\u00a0di\u00e1logo\u00a0entre\u00a0los\u00a0pa\u00edses,\u00a0as\u00ed\u00a0como\u00a0entre\u00a0los\u00a0sectores\u00a0p\u00fablico y\u00a0privado,\u00a0e\u00a0impulsar\u00a0sinergias\u00a0a\u00a0nivel\u00a0regional\u00a0en\u00a0vistas\u00a0a\u00a0avanzar\u00a0hacia\u00a0la transici\u00f3n\u00a0energ\u00e9tica\u00a0en\u00a0las\u00a0Am\u00e9ricas,\u00a0centrada\u00a0en\u00a0el\u00a0desarrollo\u00a0de\u00a0energ\u00edas sustentables, m\u00e1s eficientes, innovadoras y\u00a0accesibles. La reuni\u00f3n abordar\u00e1 las acciones para avanzar hacia la\u00a0\u201cTransici\u00f3n Energ\u00e9tica en las Am\u00e9ricas\u201d\u00a0y contar\u00e1 con la participaci\u00f3n de los ministros de energ\u00eda de Norteam\u00e9rica, Centroam\u00e9rica, El Caribe y Am\u00e9rica del Sur, as\u00ed [&hellip;]<\/p>\n","protected":false},"author":1,"featured_media":0,"parent":61,"menu_order":0,"comment_status":"closed","ping_status":"closed","template":"","meta":{"_acf_changed":false,"inline_featured_image":false,"footnotes":""},"class_list":["post-84","page","type-page","status-publish","hentry"],"acf":[],"yoast_head":"<!-- This site is optimized with the Yoast SEO plugin v21.7 - https:\/\/yoast.com\/wordpress\/plugins\/seo\/ -->\n<title>Ministerial ECPA 2017 - ECPA - Energy and Climate Partnership of the Americas<\/title>\n<meta name=\"robots\" content=\"index, follow, max-snippet:-1, max-image-preview:large, max-video-preview:-1\" \/>\n<link rel=\"canonical\" href=\"https:\/\/ecpamericas.org\/es\/reuniones-ministeriales\/ministerial-ecpa-2017\/\" \/>\n<meta property=\"og:locale\" content=\"es_ES\" \/>\n<meta property=\"og:type\" content=\"article\" \/>\n<meta property=\"og:title\" content=\"Ministerial ECPA 2017 - ECPA - Energy and Climate Partnership of the Americas\" \/>\n<meta property=\"og:description\" content=\"Resumen La\u00a0Alianza de Energ\u00eda y Clima de las Am\u00e9ricas\u00a0(ECPA)\u00a0es una plataforma de cooperaci\u00f3n\u00a0hemisf\u00e9rica\u00a0emanada\u00a0de\u00a0la\u00a0V\u00a0Cumbre\u00a0de\u00a0las\u00a0Am\u00e9ricas\u00a0celebrada\u00a0en\u00a0Trinidad\u00a0y\u00a0Tobago\u00a0en\u00a0abril\u00a0de\u00a02009.\u00a0Durante\u00a0la\u00a0II\u00a0Reuni\u00f3n\u00a0Ministerial\u00a0efectuada en\u00a0M\u00e9rida\u00a0en\u00a02015,\u00a0los\u00a0ministros\u00a0acordaron\u00a0dotar\u00a0a\u00a0ECPA\u00a0de\u00a0una\u00a0estructura gerencial\u00a0y\u00a0dieron\u00a0el\u00a0mandato\u00a0de\u00a0elaborar\u00a0un\u00a0Plan\u00a0de\u00a0Acci\u00f3n\u00a0hemisf\u00e9rico\u00a0sobre energ\u00eda\u00a0y\u00a0clima.\u00a0Este\u00a0a\u00f1o,\u00a0la\u00a0III\u00a0Reuni\u00f3n\u00a0Ministerial\u00a0a\u00a0realizarse\u00a0en\u00a0Vi\u00f1a\u00a0del\u00a0Mar,\u00a0Chile,\u00a0ser\u00e1\u00a0la\u00a0instancia\u00a0para\u00a0concretar\u00a0el\u00a0intercambio\u00a0en\u00a0torno\u00a0a\u00a0los\u00a0pilares\u00a0de\u00a0ECPA,\u00a0promover\u00a0el\u00a0di\u00e1logo\u00a0entre\u00a0los\u00a0pa\u00edses,\u00a0as\u00ed\u00a0como\u00a0entre\u00a0los\u00a0sectores\u00a0p\u00fablico y\u00a0privado,\u00a0e\u00a0impulsar\u00a0sinergias\u00a0a\u00a0nivel\u00a0regional\u00a0en\u00a0vistas\u00a0a\u00a0avanzar\u00a0hacia\u00a0la transici\u00f3n\u00a0energ\u00e9tica\u00a0en\u00a0las\u00a0Am\u00e9ricas,\u00a0centrada\u00a0en\u00a0el\u00a0desarrollo\u00a0de\u00a0energ\u00edas sustentables, m\u00e1s eficientes, innovadoras y\u00a0accesibles. La reuni\u00f3n abordar\u00e1 las acciones para avanzar hacia la\u00a0\u201cTransici\u00f3n Energ\u00e9tica en las Am\u00e9ricas\u201d\u00a0y contar\u00e1 con la participaci\u00f3n de los ministros de energ\u00eda de Norteam\u00e9rica, Centroam\u00e9rica, El Caribe y Am\u00e9rica del Sur, as\u00ed [&hellip;]\" \/>\n<meta property=\"og:url\" content=\"https:\/\/ecpamericas.org\/es\/reuniones-ministeriales\/ministerial-ecpa-2017\/\" \/>\n<meta property=\"og:site_name\" content=\"ECPA - Energy and Climate Partnership of the Americas\" \/>\n<meta property=\"article:modified_time\" content=\"2023-12-21T12:49:07+00:00\" \/>\n<meta property=\"og:image\" content=\"https:\/\/ecpamericas.org\/assets\/Site_32\/images\/2107%20Ministerial\/foto%20villa%20sin%20texto.jpg\" \/>\n<meta name=\"twitter:card\" content=\"summary_large_image\" \/>\n<meta name=\"twitter:label1\" content=\"Tiempo de lectura\" \/>\n\t<meta name=\"twitter:data1\" content=\"6 minutos\" \/>\n<script type=\"application\/ld+json\" class=\"yoast-schema-graph\">{\"@context\":\"https:\/\/schema.org\",\"@graph\":[{\"@type\":\"WebPage\",\"@id\":\"https:\/\/ecpamericas.org\/es\/reuniones-ministeriales\/ministerial-ecpa-2017\/\",\"url\":\"https:\/\/ecpamericas.org\/es\/reuniones-ministeriales\/ministerial-ecpa-2017\/\",\"name\":\"Ministerial ECPA 2017 - ECPA - Energy and Climate Partnership of the Americas\",\"isPartOf\":{\"@id\":\"https:\/\/ecpamericas.org\/es\/#website\"},\"datePublished\":\"2020-12-11T22:52:05+00:00\",\"dateModified\":\"2023-12-21T12:49:07+00:00\",\"breadcrumb\":{\"@id\":\"https:\/\/ecpamericas.org\/es\/reuniones-ministeriales\/ministerial-ecpa-2017\/#breadcrumb\"},\"inLanguage\":\"es\",\"potentialAction\":[{\"@type\":\"ReadAction\",\"target\":[\"https:\/\/ecpamericas.org\/es\/reuniones-ministeriales\/ministerial-ecpa-2017\/\"]}]},{\"@type\":\"BreadcrumbList\",\"@id\":\"https:\/\/ecpamericas.org\/es\/reuniones-ministeriales\/ministerial-ecpa-2017\/#breadcrumb\",\"itemListElement\":[{\"@type\":\"ListItem\",\"position\":1,\"name\":\"Home\",\"item\":\"https:\/\/ecpamericas.org\/es\/\"},{\"@type\":\"ListItem\",\"position\":2,\"name\":\"Reuniones Ministeriales\",\"item\":\"https:\/\/ecpamericas.org\/es\/reuniones-ministeriales\/\"},{\"@type\":\"ListItem\",\"position\":3,\"name\":\"Ministerial ECPA 2017\"}]},{\"@type\":\"WebSite\",\"@id\":\"https:\/\/ecpamericas.org\/es\/#website\",\"url\":\"https:\/\/ecpamericas.org\/es\/\",\"name\":\"ECPA - Energy and Climate Partnership of the Americas\",\"description\":\"Promoting cooperation for a sustainable energy future in the Americas\",\"potentialAction\":[{\"@type\":\"SearchAction\",\"target\":{\"@type\":\"EntryPoint\",\"urlTemplate\":\"https:\/\/ecpamericas.org\/es\/?s={search_term_string}\"},\"query-input\":\"required name=search_term_string\"}],\"inLanguage\":\"es\"}]}<\/script>\n<!-- \/ Yoast SEO plugin. -->","yoast_head_json":{"title":"Ministerial ECPA 2017 - ECPA - Energy and Climate Partnership of the Americas","robots":{"index":"index","follow":"follow","max-snippet":"max-snippet:-1","max-image-preview":"max-image-preview:large","max-video-preview":"max-video-preview:-1"},"canonical":"https:\/\/ecpamericas.org\/es\/reuniones-ministeriales\/ministerial-ecpa-2017\/","og_locale":"es_ES","og_type":"article","og_title":"Ministerial ECPA 2017 - ECPA - Energy and Climate Partnership of the Americas","og_description":"Resumen La\u00a0Alianza de Energ\u00eda y Clima de las Am\u00e9ricas\u00a0(ECPA)\u00a0es una plataforma de cooperaci\u00f3n\u00a0hemisf\u00e9rica\u00a0emanada\u00a0de\u00a0la\u00a0V\u00a0Cumbre\u00a0de\u00a0las\u00a0Am\u00e9ricas\u00a0celebrada\u00a0en\u00a0Trinidad\u00a0y\u00a0Tobago\u00a0en\u00a0abril\u00a0de\u00a02009.\u00a0Durante\u00a0la\u00a0II\u00a0Reuni\u00f3n\u00a0Ministerial\u00a0efectuada en\u00a0M\u00e9rida\u00a0en\u00a02015,\u00a0los\u00a0ministros\u00a0acordaron\u00a0dotar\u00a0a\u00a0ECPA\u00a0de\u00a0una\u00a0estructura gerencial\u00a0y\u00a0dieron\u00a0el\u00a0mandato\u00a0de\u00a0elaborar\u00a0un\u00a0Plan\u00a0de\u00a0Acci\u00f3n\u00a0hemisf\u00e9rico\u00a0sobre energ\u00eda\u00a0y\u00a0clima.\u00a0Este\u00a0a\u00f1o,\u00a0la\u00a0III\u00a0Reuni\u00f3n\u00a0Ministerial\u00a0a\u00a0realizarse\u00a0en\u00a0Vi\u00f1a\u00a0del\u00a0Mar,\u00a0Chile,\u00a0ser\u00e1\u00a0la\u00a0instancia\u00a0para\u00a0concretar\u00a0el\u00a0intercambio\u00a0en\u00a0torno\u00a0a\u00a0los\u00a0pilares\u00a0de\u00a0ECPA,\u00a0promover\u00a0el\u00a0di\u00e1logo\u00a0entre\u00a0los\u00a0pa\u00edses,\u00a0as\u00ed\u00a0como\u00a0entre\u00a0los\u00a0sectores\u00a0p\u00fablico y\u00a0privado,\u00a0e\u00a0impulsar\u00a0sinergias\u00a0a\u00a0nivel\u00a0regional\u00a0en\u00a0vistas\u00a0a\u00a0avanzar\u00a0hacia\u00a0la transici\u00f3n\u00a0energ\u00e9tica\u00a0en\u00a0las\u00a0Am\u00e9ricas,\u00a0centrada\u00a0en\u00a0el\u00a0desarrollo\u00a0de\u00a0energ\u00edas sustentables, m\u00e1s eficientes, innovadoras y\u00a0accesibles. La reuni\u00f3n abordar\u00e1 las acciones para avanzar hacia la\u00a0\u201cTransici\u00f3n Energ\u00e9tica en las Am\u00e9ricas\u201d\u00a0y contar\u00e1 con la participaci\u00f3n de los ministros de energ\u00eda de Norteam\u00e9rica, Centroam\u00e9rica, El Caribe y Am\u00e9rica del Sur, as\u00ed [&hellip;]","og_url":"https:\/\/ecpamericas.org\/es\/reuniones-ministeriales\/ministerial-ecpa-2017\/","og_site_name":"ECPA - Energy and Climate Partnership of the Americas","article_modified_time":"2023-12-21T12:49:07+00:00","og_image":[{"url":"https:\/\/ecpamericas.org\/assets\/Site_32\/images\/2107%20Ministerial\/foto%20villa%20sin%20texto.jpg"}],"twitter_card":"summary_large_image","twitter_misc":{"Tiempo de lectura":"6 minutos"},"schema":{"@context":"https:\/\/schema.org","@graph":[{"@type":"WebPage","@id":"https:\/\/ecpamericas.org\/es\/reuniones-ministeriales\/ministerial-ecpa-2017\/","url":"https:\/\/ecpamericas.org\/es\/reuniones-ministeriales\/ministerial-ecpa-2017\/","name":"Ministerial ECPA 2017 - ECPA - Energy and Climate Partnership of the Americas","isPartOf":{"@id":"https:\/\/ecpamericas.org\/es\/#website"},"datePublished":"2020-12-11T22:52:05+00:00","dateModified":"2023-12-21T12:49:07+00:00","breadcrumb":{"@id":"https:\/\/ecpamericas.org\/es\/reuniones-ministeriales\/ministerial-ecpa-2017\/#breadcrumb"},"inLanguage":"es","potentialAction":[{"@type":"ReadAction","target":["https:\/\/ecpamericas.org\/es\/reuniones-ministeriales\/ministerial-ecpa-2017\/"]}]},{"@type":"BreadcrumbList","@id":"https:\/\/ecpamericas.org\/es\/reuniones-ministeriales\/ministerial-ecpa-2017\/#breadcrumb","itemListElement":[{"@type":"ListItem","position":1,"name":"Home","item":"https:\/\/ecpamericas.org\/es\/"},{"@type":"ListItem","position":2,"name":"Reuniones Ministeriales","item":"https:\/\/ecpamericas.org\/es\/reuniones-ministeriales\/"},{"@type":"ListItem","position":3,"name":"Ministerial ECPA 2017"}]},{"@type":"WebSite","@id":"https:\/\/ecpamericas.org\/es\/#website","url":"https:\/\/ecpamericas.org\/es\/","name":"ECPA - Energy and Climate Partnership of the Americas","description":"Promoting cooperation for a sustainable energy future in the Americas","potentialAction":[{"@type":"SearchAction","target":{"@type":"EntryPoint","urlTemplate":"https:\/\/ecpamericas.org\/es\/?s={search_term_string}"},"query-input":"required name=search_term_string"}],"inLanguage":"es"}]}},"_links":{"self":[{"href":"https:\/\/ecpamericas.org\/es\/wp-json\/wp\/v2\/pages\/84","targetHints":{"allow":["GET"]}}],"collection":[{"href":"https:\/\/ecpamericas.org\/es\/wp-json\/wp\/v2\/pages"}],"about":[{"href":"https:\/\/ecpamericas.org\/es\/wp-json\/wp\/v2\/types\/page"}],"author":[{"embeddable":true,"href":"https:\/\/ecpamericas.org\/es\/wp-json\/wp\/v2\/users\/1"}],"replies":[{"embeddable":true,"href":"https:\/\/ecpamericas.org\/es\/wp-json\/wp\/v2\/comments?post=84"}],"version-history":[{"count":6,"href":"https:\/\/ecpamericas.org\/es\/wp-json\/wp\/v2\/pages\/84\/revisions"}],"predecessor-version":[{"id":7682,"href":"https:\/\/ecpamericas.org\/es\/wp-json\/wp\/v2\/pages\/84\/revisions\/7682"}],"up":[{"embeddable":true,"href":"https:\/\/ecpamericas.org\/es\/wp-json\/wp\/v2\/pages\/61"}],"wp:attachment":[{"href":"https:\/\/ecpamericas.org\/es\/wp-json\/wp\/v2\/media?parent=84"}],"curies":[{"name":"wp","href":"https:\/\/api.w.org\/{rel}","templated":true}]}}