{"id":79,"date":"2020-12-11T23:49:50","date_gmt":"2020-12-12T04:49:50","guid":{"rendered":"https:\/\/ecpamericas.org\/?page_id=79"},"modified":"2023-12-21T07:48:55","modified_gmt":"2023-12-21T12:48:55","slug":"ministerial-ecpa-2015","status":"publish","type":"page","link":"https:\/\/ecpamericas.org\/es\/reuniones-ministeriales\/ministerial-ecpa-2015\/","title":{"rendered":"Ministerial ECPA 2015"},"content":{"rendered":"<h3>Reuni\u00f3n Ministerial de la ECPA: resumen del proceso preparatorio<\/h3>\n<p>Con miras a una segunda reuni\u00f3n ministerial a realizarse en el 2015-la primera se realiz\u00f3 en Washington, DC-en el 2010, el Mecanismo de Facilitaci\u00f3n organiz\u00f3\u00a0<a href=\"https:\/\/ecpamericas.org\/news\/default.aspx?id=1124%22\" target=\"_blank\" rel=\"noopener noreferrer\">reuniones\u00a0preparatorias<\/a>\u00a0en cada subregi\u00f3n\u00a0con el objetivo de\u00a0evaluar los avances de las iniciativas y proyectos adelantadas bajo el marco de la ECPA y\u00a0colectivamente analizar distintas l\u00edneas de acci\u00f3n que contribuyan al fortalecimiento de este esfuerzo hemisf\u00e9rico. Estas reuniones sentaron\u00a0adem\u00e1s las\u00a0bases para la elaboraci\u00f3n de un Plan de Acci\u00f3n para la ECPA, el cual busca definir y enmarcar\u00a0los siguientes pasos que la regi\u00f3n debe tomar\u00a0en materia de energ\u00eda y cambio clim\u00e1tico.\u00a0 La II Reuni\u00f3n de Ministros de la ECPA ofreci\u00f3 una\u00a0oportunidad para que representantes de los pa\u00edses de todo el continente dialogaran sobre\u00a0sus retos y\u00a0prioridades relacionadas a la energ\u00eda y el cambio clim\u00e1tico, de manera que ECPA se consolide como la plataforma hemisf\u00e9rica por excelencia\u00a0para abordar estos temas.<\/p>\n<p><a href=\"https:\/\/ecpamericas.org\/news\/default.aspx?id=972%22\">Primera reuni\u00f3n preparatoria, Norteam\u00e9rica: Quintana Roo-M\u00e9xico, mayo 19-20 de 2014<\/a><\/p>\n<ul>\n<li>Agenda\u00a0\u00a0<a href=\"https:\/\/ecpamericas.org\/wp-content\/uploads\/2020\/12\/Agenda-ECPA-FIER-Marco-Ingles.pdf\">EN<\/a>\u00a0|\u00a0<a href=\"https:\/\/ecpamericas.org\/wp-content\/uploads\/2020\/12\/Agenda-ECPA-FIER-Marco-Ingles.pdf\">ES<\/a>\u00a0|<\/li>\n<li>Reporte\u00a0<a href=\"https:\/\/ecpamericas.org\/wp-content\/uploads\/2020\/12\/FIER_event_ECPA_Proceedings_eng.pdf\">EN<\/a>\u00a0|\u00a0<a href=\"https:\/\/ecpamericas.org\/wp-content\/uploads\/2020\/12\/FIER_event_ECPA_Proceedings_esp.pdf\">ES<\/a>\u00a0|<\/li>\n<\/ul>\n<p>Segunda reuni\u00f3n preparatoria, Caribe: Miami-EE.UU. octubre 6 de 2014<\/p>\n<ul>\n<li>Agenda\u00a0<a href=\"https:\/\/ecpamericas.org\/wp-content\/uploads\/2020\/12\/agenda_pre-ecpa_cref.pdf\">EN<\/a>\u00a0|\u00a0<a href=\"https:\/\/ecpamericas.org\/wp-content\/uploads\/2020\/12\/AGENDA-CREF-2014-ESP-1.pdf\">ES\u00a0<\/a>|<\/li>\n<li>Reporte\u00a0 <a href=\"https:\/\/ecpamericas.org\/wp-content\/uploads\/2020\/12\/Pre-CREF_event_ECPA_Proceedings.pdf\">EN<\/a>\u00a0|\u00a0<a href=\"https:\/\/ecpamericas.org\/wp-content\/uploads\/2020\/12\/Pre-CREF_event_ECPA_Proceedings.pdf\">ES<\/a>\u00a0|<\/li>\n<\/ul>\n<p>Tercera reuni\u00f3n preparatoria, Suram\u00e9rica: Montevideo-Uruguay, octubre 28 de 2014<\/p>\n<ul>\n<li>Agenda\u00a0<a href=\"https:\/\/ecpamericas.org\/wp-content\/uploads\/2020\/12\/ECPA-Agenda-Reunion-Preparatoria_eng.pdf\">EN<\/a>\u00a0|\u00a0<a href=\"https:\/\/ecpamericas.org\/wp-content\/uploads\/2020\/12\/ECPA-Agenda-Reunion-Preparatoria-DEFINITIVA.pdf\">ES<\/a>\u00a0|<\/li>\n<li>Reporte\u00a0 <a href=\"https:\/\/ecpamericas.org\/wp-content\/uploads\/2020\/12\/Memoria-de-la-III-reunion-preparatoria-Uy2-in-English.pdf\">EN<\/a>\u00a0|\u00a0<a href=\"https:\/\/ecpamericas.org\/wp-content\/uploads\/2020\/12\/Memoria-de-la-III-reunion-preparatoria-Uy2.pdf\">ES<\/a>\u00a0|<\/li>\n<\/ul>\n<p>Cuarta reuni\u00f3n preparatoria, Centroam\u00e9rica: Ciudad de Guatemala, noviembre 5 de 2014<\/p>\n<ul>\n<li>Agenda\u00a0<a href=\"https:\/\/ecpamericas.org\/wp-content\/uploads\/2020\/12\/Agenda-IV-reunio\u0301n-preparatoria-GT-ENGLISH.pdf\">EN<\/a>\u00a0|\u00a0<a href=\"https:\/\/ecpamericas.org\/wp-content\/uploads\/2020\/12\/agenda_prep_guate_DEFINITIVA.pdf\">ES<\/a>\u00a0|<\/li>\n<li>Reporte\u00a0 <a href=\"https:\/\/ecpamericas.org\/wp-content\/uploads\/2020\/12\/Memoria-de-la-IV-reunion-preparatoria-GT-ENGLISH.pdf\">EN<\/a>\u00a0|\u00a0<a href=\"https:\/\/ecpamericas.org\/wp-content\/uploads\/2020\/12\/Memoria-de-la-IV-reunion-preparatoria-GT.pdf\">ES<\/a>\u00a0|<\/li>\n<\/ul>\n<h3><a href=\"http:\/\/sp.ecpamericas.org\/events\/Default.aspx?id=551&amp;archive=1\"><strong>II Reuni\u00f3n Ministerial\u00a0ECPA<\/strong><\/a><\/h3>\n<ul>\n<li>Reporte de la sesi\u00f3n plenaria <a href=\"https:\/\/ecpamericas.org\/wp-content\/uploads\/2020\/12\/ECPA-Ministerial-Plenary-Session-Report_eng-FINAL.pdf\">ENG<\/a> | <a href=\"https:\/\/ecpamericas.org\/wp-content\/uploads\/2020\/12\/Informe_Plenaria_II_Ministerial_ECPA.pdf\">ES<\/a> |<\/li>\n<\/ul>\n<p><strong>Recursos Adicionales<\/strong><\/p>\n<ul>\n<li><a href=\"https:\/\/ecpamericas.org\/wp-content\/uploads\/2020\/12\/ECPA_NFP-2016.pdf\">Puntos Focales Nacionales de la ECPA<\/a><\/li>\n<li><a href=\"https:\/\/ecpamericas.org\/wp-content\/uploads\/2020\/12\/ECPA-Initiatives-Tracking-Sheet-2015.pdf\">Matr\u00edz de las iniciativas en cooperaci\u00f3n t\u00e9cnica de la ECPA<\/a><\/li>\n<\/ul>\n","protected":false},"excerpt":{"rendered":"<p>Reuni\u00f3n Ministerial de la ECPA: resumen del proceso preparatorio Con miras a una segunda reuni\u00f3n ministerial a realizarse en el 2015-la primera se realiz\u00f3 en Washington, DC-en el 2010, el Mecanismo de Facilitaci\u00f3n organiz\u00f3\u00a0reuniones\u00a0preparatorias\u00a0en cada subregi\u00f3n\u00a0con el objetivo de\u00a0evaluar los avances de las iniciativas y proyectos adelantadas bajo el marco de la ECPA y\u00a0colectivamente analizar [&hellip;]<\/p>\n","protected":false},"author":1,"featured_media":0,"parent":61,"menu_order":0,"comment_status":"closed","ping_status":"closed","template":"","meta":{"_acf_changed":false,"inline_featured_image":false,"footnotes":""},"class_list":["post-79","page","type-page","status-publish","hentry"],"acf":[],"yoast_head":"<!-- This site is optimized with the Yoast SEO plugin v21.7 - https:\/\/yoast.com\/wordpress\/plugins\/seo\/ -->\n<title>Ministerial ECPA 2015 - ECPA - Energy and Climate Partnership of the Americas<\/title>\n<meta name=\"robots\" content=\"index, follow, max-snippet:-1, max-image-preview:large, max-video-preview:-1\" \/>\n<link rel=\"canonical\" href=\"https:\/\/ecpamericas.org\/es\/reuniones-ministeriales\/ministerial-ecpa-2015\/\" \/>\n<meta property=\"og:locale\" content=\"es_ES\" \/>\n<meta property=\"og:type\" content=\"article\" \/>\n<meta property=\"og:title\" content=\"Ministerial ECPA 2015 - ECPA - Energy and Climate Partnership of the Americas\" \/>\n<meta property=\"og:description\" content=\"Reuni\u00f3n Ministerial de la ECPA: resumen del proceso preparatorio Con miras a una segunda reuni\u00f3n ministerial a realizarse en el 2015-la primera se realiz\u00f3 en Washington, DC-en el 2010, el Mecanismo de Facilitaci\u00f3n organiz\u00f3\u00a0reuniones\u00a0preparatorias\u00a0en cada subregi\u00f3n\u00a0con el objetivo de\u00a0evaluar los avances de las iniciativas y proyectos adelantadas bajo el marco de la ECPA y\u00a0colectivamente analizar [&hellip;]\" \/>\n<meta property=\"og:url\" content=\"https:\/\/ecpamericas.org\/es\/reuniones-ministeriales\/ministerial-ecpa-2015\/\" \/>\n<meta property=\"og:site_name\" content=\"ECPA - Energy and Climate Partnership of the Americas\" \/>\n<meta property=\"article:modified_time\" content=\"2023-12-21T12:48:55+00:00\" \/>\n<meta name=\"twitter:card\" content=\"summary_large_image\" \/>\n<meta name=\"twitter:label1\" content=\"Tiempo de lectura\" \/>\n\t<meta name=\"twitter:data1\" content=\"2 minutos\" \/>\n<script type=\"application\/ld+json\" class=\"yoast-schema-graph\">{\"@context\":\"https:\/\/schema.org\",\"@graph\":[{\"@type\":\"WebPage\",\"@id\":\"https:\/\/ecpamericas.org\/es\/reuniones-ministeriales\/ministerial-ecpa-2015\/\",\"url\":\"https:\/\/ecpamericas.org\/es\/reuniones-ministeriales\/ministerial-ecpa-2015\/\",\"name\":\"Ministerial ECPA 2015 - ECPA - Energy and Climate Partnership of the Americas\",\"isPartOf\":{\"@id\":\"https:\/\/ecpamericas.org\/es\/#website\"},\"datePublished\":\"2020-12-12T04:49:50+00:00\",\"dateModified\":\"2023-12-21T12:48:55+00:00\",\"breadcrumb\":{\"@id\":\"https:\/\/ecpamericas.org\/es\/reuniones-ministeriales\/ministerial-ecpa-2015\/#breadcrumb\"},\"inLanguage\":\"es\",\"potentialAction\":[{\"@type\":\"ReadAction\",\"target\":[\"https:\/\/ecpamericas.org\/es\/reuniones-ministeriales\/ministerial-ecpa-2015\/\"]}]},{\"@type\":\"BreadcrumbList\",\"@id\":\"https:\/\/ecpamericas.org\/es\/reuniones-ministeriales\/ministerial-ecpa-2015\/#breadcrumb\",\"itemListElement\":[{\"@type\":\"ListItem\",\"position\":1,\"name\":\"Home\",\"item\":\"https:\/\/ecpamericas.org\/es\/\"},{\"@type\":\"ListItem\",\"position\":2,\"name\":\"Reuniones Ministeriales\",\"item\":\"https:\/\/ecpamericas.org\/es\/reuniones-ministeriales\/\"},{\"@type\":\"ListItem\",\"position\":3,\"name\":\"Ministerial ECPA 2015\"}]},{\"@type\":\"WebSite\",\"@id\":\"https:\/\/ecpamericas.org\/es\/#website\",\"url\":\"https:\/\/ecpamericas.org\/es\/\",\"name\":\"ECPA - Energy and Climate Partnership of the Americas\",\"description\":\"Promoting cooperation for a sustainable energy future in the Americas\",\"potentialAction\":[{\"@type\":\"SearchAction\",\"target\":{\"@type\":\"EntryPoint\",\"urlTemplate\":\"https:\/\/ecpamericas.org\/es\/?s={search_term_string}\"},\"query-input\":\"required name=search_term_string\"}],\"inLanguage\":\"es\"}]}<\/script>\n<!-- \/ Yoast SEO plugin. -->","yoast_head_json":{"title":"Ministerial ECPA 2015 - ECPA - Energy and Climate Partnership of the Americas","robots":{"index":"index","follow":"follow","max-snippet":"max-snippet:-1","max-image-preview":"max-image-preview:large","max-video-preview":"max-video-preview:-1"},"canonical":"https:\/\/ecpamericas.org\/es\/reuniones-ministeriales\/ministerial-ecpa-2015\/","og_locale":"es_ES","og_type":"article","og_title":"Ministerial ECPA 2015 - ECPA - Energy and Climate Partnership of the Americas","og_description":"Reuni\u00f3n Ministerial de la ECPA: resumen del proceso preparatorio Con miras a una segunda reuni\u00f3n ministerial a realizarse en el 2015-la primera se realiz\u00f3 en Washington, DC-en el 2010, el Mecanismo de Facilitaci\u00f3n organiz\u00f3\u00a0reuniones\u00a0preparatorias\u00a0en cada subregi\u00f3n\u00a0con el objetivo de\u00a0evaluar los avances de las iniciativas y proyectos adelantadas bajo el marco de la ECPA y\u00a0colectivamente analizar [&hellip;]","og_url":"https:\/\/ecpamericas.org\/es\/reuniones-ministeriales\/ministerial-ecpa-2015\/","og_site_name":"ECPA - Energy and Climate Partnership of the Americas","article_modified_time":"2023-12-21T12:48:55+00:00","twitter_card":"summary_large_image","twitter_misc":{"Tiempo de lectura":"2 minutos"},"schema":{"@context":"https:\/\/schema.org","@graph":[{"@type":"WebPage","@id":"https:\/\/ecpamericas.org\/es\/reuniones-ministeriales\/ministerial-ecpa-2015\/","url":"https:\/\/ecpamericas.org\/es\/reuniones-ministeriales\/ministerial-ecpa-2015\/","name":"Ministerial ECPA 2015 - ECPA - Energy and Climate Partnership of the Americas","isPartOf":{"@id":"https:\/\/ecpamericas.org\/es\/#website"},"datePublished":"2020-12-12T04:49:50+00:00","dateModified":"2023-12-21T12:48:55+00:00","breadcrumb":{"@id":"https:\/\/ecpamericas.org\/es\/reuniones-ministeriales\/ministerial-ecpa-2015\/#breadcrumb"},"inLanguage":"es","potentialAction":[{"@type":"ReadAction","target":["https:\/\/ecpamericas.org\/es\/reuniones-ministeriales\/ministerial-ecpa-2015\/"]}]},{"@type":"BreadcrumbList","@id":"https:\/\/ecpamericas.org\/es\/reuniones-ministeriales\/ministerial-ecpa-2015\/#breadcrumb","itemListElement":[{"@type":"ListItem","position":1,"name":"Home","item":"https:\/\/ecpamericas.org\/es\/"},{"@type":"ListItem","position":2,"name":"Reuniones Ministeriales","item":"https:\/\/ecpamericas.org\/es\/reuniones-ministeriales\/"},{"@type":"ListItem","position":3,"name":"Ministerial ECPA 2015"}]},{"@type":"WebSite","@id":"https:\/\/ecpamericas.org\/es\/#website","url":"https:\/\/ecpamericas.org\/es\/","name":"ECPA - Energy and Climate Partnership of the Americas","description":"Promoting cooperation for a sustainable energy future in the Americas","potentialAction":[{"@type":"SearchAction","target":{"@type":"EntryPoint","urlTemplate":"https:\/\/ecpamericas.org\/es\/?s={search_term_string}"},"query-input":"required name=search_term_string"}],"inLanguage":"es"}]}},"_links":{"self":[{"href":"https:\/\/ecpamericas.org\/es\/wp-json\/wp\/v2\/pages\/79","targetHints":{"allow":["GET"]}}],"collection":[{"href":"https:\/\/ecpamericas.org\/es\/wp-json\/wp\/v2\/pages"}],"about":[{"href":"https:\/\/ecpamericas.org\/es\/wp-json\/wp\/v2\/types\/page"}],"author":[{"embeddable":true,"href":"https:\/\/ecpamericas.org\/es\/wp-json\/wp\/v2\/users\/1"}],"replies":[{"embeddable":true,"href":"https:\/\/ecpamericas.org\/es\/wp-json\/wp\/v2\/comments?post=79"}],"version-history":[{"count":6,"href":"https:\/\/ecpamericas.org\/es\/wp-json\/wp\/v2\/pages\/79\/revisions"}],"predecessor-version":[{"id":7681,"href":"https:\/\/ecpamericas.org\/es\/wp-json\/wp\/v2\/pages\/79\/revisions\/7681"}],"up":[{"embeddable":true,"href":"https:\/\/ecpamericas.org\/es\/wp-json\/wp\/v2\/pages\/61"}],"wp:attachment":[{"href":"https:\/\/ecpamericas.org\/es\/wp-json\/wp\/v2\/media?parent=79"}],"curies":[{"name":"wp","href":"https:\/\/api.w.org\/{rel}","templated":true}]}}