{"id":77,"date":"2020-12-11T23:49:19","date_gmt":"2020-12-11T22:49:19","guid":{"rendered":"https:\/\/ecpamericas.org\/?page_id=77"},"modified":"2020-12-31T12:22:19","modified_gmt":"2020-12-31T17:22:19","slug":"ministerial-ecpa-2010","status":"publish","type":"page","link":"https:\/\/ecpamericas.org\/es\/reuniones-ministeriales\/ministerial-ecpa-2010\/","title":{"rendered":"Ministerial ECPA 2010"},"content":{"rendered":"<p>El 15 y 16 de abril de 2010, se llev\u00f3 a cabo la Reuni\u00f3n Ministerial de las Am\u00e9ricas sobre Energ\u00eda y Clima en Washington, D. C., Estados Unidos.\u00a0\u00a0El evento, organizado por el Departamento de Energ\u00eda de Estados Unidos, tuvo lugar el 15 de abril en el Banco Interamericano de Desarrollo (BID) y el 16 de abril en la Organizaci\u00f3n de los Estados Americanos (OEA).\u00a0\u00a0Esta reuni\u00f3n de ministros de energ\u00eda de las Am\u00e9ricas fue un componente clave en la Alianza de las Am\u00e9ricas para la Energ\u00eda y el Clima (ECPA), anunciada por el Gobierno de Estados Unidos en la Cumbre de las Am\u00e9ricas del 2009.<\/p>\n<p>&nbsp;<\/p>\n<h4>Reuni\u00f3n Ministerial de las Am\u00e9ricas sobre Energ\u00eda y Clima<\/h4>\n<h4>15 de abril, 2010<\/h4>\n<p>Washington, D.C. USA<\/p>\n<p>Inter-American Development Bank (IDB)<\/p>\n<p><strong>Agenda\u00a0<\/strong><\/p>\n<p><a href=\"https:\/\/ecpamericas.org\/wp-content\/uploads\/2020\/12\/agenda_final.pdf\">EN<\/a>\u00a0I\u00a0<a href=\"https:\/\/ecpamericas.org\/wp-content\/uploads\/2020\/12\/agenda_final_espanol.pdf\">ES<\/a><\/p>\n<p>Hillary Clinton (<a href=\"https:\/\/ecpamericas.org\/wp-content\/uploads\/2020\/12\/Hillary-Clinton-1.pdf\">palabras de apertura<\/a>)<\/p>\n<p>Presidente del Banco Interamericano de Desarrollo, Luis Alberto Moreno (<a href=\"https:\/\/ecpamericas.org\/wp-content\/uploads\/2020\/12\/Luis-Alberto-Moreno-1.pdf\">palabras de apertura<\/a>)<\/p>\n<p>Secretario de Energ\u00eda, Steven Chu. Vea presentaci\u00f3n,\u00a0<a href=\"https:\/\/ecpamericas.org\/wp-content\/uploads\/2020\/12\/Chu_ECPA_4_15_10-1.pdf\">aqu\u00ed<\/a>.<\/p>\n<p>Vea el reporte,\u00a0<a href=\"https:\/\/ecpamericas.org\/wp-content\/uploads\/2020\/12\/April-15th-Report_FINAL-1.pdf\">aqu\u00ed<\/a>.<\/p>\n<h4>Reuni\u00f3n Ministerial de las Am\u00e9ricas sobre Energ\u00eda y Clima<\/h4>\n<h4>16 de abril, 2010<\/h4>\n<p>Organization of American States<\/p>\n<p>Washington, D.C. USA<\/p>\n<p><strong>Agenda<\/strong><\/p>\n<p><a href=\"https:\/\/ecpamericas.org\/wp-content\/uploads\/2020\/12\/ENERGY-AND-CLIMATE-MINISTERIAL-OF-THE-AMERICAS-Schedule_ENG-1.pdf\">EN<\/a>\u00a0I\u00a0<a href=\"https:\/\/ecpamericas.org\/wp-content\/uploads\/2020\/12\/ENERGY-AND-CLIMATE-MINISTERIAL-OF-THE-AMERICAS-Schedule_ESP-1.pdf\">ES<\/a><\/p>\n<p>-General of the Organization of American States Jos\u00e9 Miguel Insulza (<a href=\"https:\/\/ecpamericas.org\/wp-content\/uploads\/2020\/12\/Insulza-1.pdf\">palabras de apertura<\/a>)<\/p>\n<p>-Secretario de Energ\u00eda, Steven Chu (Opening remarks)<\/p>\n<ul>\n<li>Todd Stern, Enviado Especial para el Cambio Clim\u00e1tico, \u201cCambio clim\u00e1tico en las Am\u00e9ricas\u201d\u00a0(<a href=\"https:\/\/ecpamericas.org\/wp-content\/uploads\/2020\/12\/Todd_Stern.pdf\">discurso disponible en ingl\u00e9s<\/a>)<\/li>\n<li>Jacques Gabriel, Ministro de Transporte y Comunicaciones, Hait\u00ed, \u201cOportunidades en el campo de la energ\u00eda no contaminante en Hait\u00ed\u201d (<a href=\"https:\/\/ecpamericas.org\/wp-content\/uploads\/2020\/12\/MinistreTPTC_EnergyPovertyPanel_WashDC_15-16avr10.pdf\">discurso disponible en franc\u00e9s<\/a>)<\/li>\n<\/ul>\n<p>Vea el reporte,\u00a0<a href=\"https:\/\/ecpamericas.org\/wp-content\/uploads\/2020\/12\/April-16-report_final.pdf\">aqu\u00ed<\/a>.<\/p>\n<div>\u200b<\/div>\n","protected":false},"excerpt":{"rendered":"<p>El 15 y 16 de abril de 2010, se llev\u00f3 a cabo la Reuni\u00f3n Ministerial de las Am\u00e9ricas sobre Energ\u00eda y Clima en Washington, D. C., Estados Unidos.\u00a0\u00a0El evento, organizado por el Departamento de Energ\u00eda de Estados Unidos, tuvo lugar el 15 de abril en el Banco Interamericano de Desarrollo (BID) y el 16 de [&hellip;]<\/p>\n","protected":false},"author":1,"featured_media":0,"parent":61,"menu_order":0,"comment_status":"closed","ping_status":"closed","template":"","meta":{"_acf_changed":false,"inline_featured_image":false,"footnotes":""},"class_list":["post-77","page","type-page","status-publish","hentry"],"acf":[],"yoast_head":"<!-- This site is optimized with the Yoast SEO plugin v21.7 - https:\/\/yoast.com\/wordpress\/plugins\/seo\/ -->\n<title>Ministerial ECPA 2010 - ECPA - Energy and Climate Partnership of the Americas<\/title>\n<meta name=\"robots\" content=\"index, follow, max-snippet:-1, max-image-preview:large, max-video-preview:-1\" \/>\n<link rel=\"canonical\" href=\"https:\/\/ecpamericas.org\/es\/reuniones-ministeriales\/ministerial-ecpa-2010\/\" \/>\n<meta property=\"og:locale\" content=\"es_ES\" \/>\n<meta property=\"og:type\" content=\"article\" \/>\n<meta property=\"og:title\" content=\"Ministerial ECPA 2010 - ECPA - Energy and Climate Partnership of the Americas\" \/>\n<meta property=\"og:description\" content=\"El 15 y 16 de abril de 2010, se llev\u00f3 a cabo la Reuni\u00f3n Ministerial de las Am\u00e9ricas sobre Energ\u00eda y Clima en Washington, D. C., Estados Unidos.\u00a0\u00a0El evento, organizado por el Departamento de Energ\u00eda de Estados Unidos, tuvo lugar el 15 de abril en el Banco Interamericano de Desarrollo (BID) y el 16 de [&hellip;]\" \/>\n<meta property=\"og:url\" content=\"https:\/\/ecpamericas.org\/es\/reuniones-ministeriales\/ministerial-ecpa-2010\/\" \/>\n<meta property=\"og:site_name\" content=\"ECPA - Energy and Climate Partnership of the Americas\" \/>\n<meta property=\"article:modified_time\" content=\"2020-12-31T17:22:19+00:00\" \/>\n<meta name=\"twitter:card\" content=\"summary_large_image\" \/>\n<meta name=\"twitter:label1\" content=\"Tiempo de lectura\" \/>\n\t<meta name=\"twitter:data1\" content=\"1 minuto\" \/>\n<script type=\"application\/ld+json\" class=\"yoast-schema-graph\">{\"@context\":\"https:\/\/schema.org\",\"@graph\":[{\"@type\":\"WebPage\",\"@id\":\"https:\/\/ecpamericas.org\/es\/reuniones-ministeriales\/ministerial-ecpa-2010\/\",\"url\":\"https:\/\/ecpamericas.org\/es\/reuniones-ministeriales\/ministerial-ecpa-2010\/\",\"name\":\"Ministerial ECPA 2010 - ECPA - Energy and Climate Partnership of the Americas\",\"isPartOf\":{\"@id\":\"https:\/\/ecpamericas.org\/es\/#website\"},\"datePublished\":\"2020-12-11T22:49:19+00:00\",\"dateModified\":\"2020-12-31T17:22:19+00:00\",\"breadcrumb\":{\"@id\":\"https:\/\/ecpamericas.org\/es\/reuniones-ministeriales\/ministerial-ecpa-2010\/#breadcrumb\"},\"inLanguage\":\"es\",\"potentialAction\":[{\"@type\":\"ReadAction\",\"target\":[\"https:\/\/ecpamericas.org\/es\/reuniones-ministeriales\/ministerial-ecpa-2010\/\"]}]},{\"@type\":\"BreadcrumbList\",\"@id\":\"https:\/\/ecpamericas.org\/es\/reuniones-ministeriales\/ministerial-ecpa-2010\/#breadcrumb\",\"itemListElement\":[{\"@type\":\"ListItem\",\"position\":1,\"name\":\"Home\",\"item\":\"https:\/\/ecpamericas.org\/es\/\"},{\"@type\":\"ListItem\",\"position\":2,\"name\":\"Reuniones Ministeriales\",\"item\":\"https:\/\/ecpamericas.org\/es\/reuniones-ministeriales\/\"},{\"@type\":\"ListItem\",\"position\":3,\"name\":\"Ministerial ECPA 2010\"}]},{\"@type\":\"WebSite\",\"@id\":\"https:\/\/ecpamericas.org\/es\/#website\",\"url\":\"https:\/\/ecpamericas.org\/es\/\",\"name\":\"ECPA - Energy and Climate Partnership of the Americas\",\"description\":\"Promoting cooperation for a sustainable energy future in the Americas\",\"potentialAction\":[{\"@type\":\"SearchAction\",\"target\":{\"@type\":\"EntryPoint\",\"urlTemplate\":\"https:\/\/ecpamericas.org\/es\/?s={search_term_string}\"},\"query-input\":\"required name=search_term_string\"}],\"inLanguage\":\"es\"}]}<\/script>\n<!-- \/ Yoast SEO plugin. -->","yoast_head_json":{"title":"Ministerial ECPA 2010 - ECPA - Energy and Climate Partnership of the Americas","robots":{"index":"index","follow":"follow","max-snippet":"max-snippet:-1","max-image-preview":"max-image-preview:large","max-video-preview":"max-video-preview:-1"},"canonical":"https:\/\/ecpamericas.org\/es\/reuniones-ministeriales\/ministerial-ecpa-2010\/","og_locale":"es_ES","og_type":"article","og_title":"Ministerial ECPA 2010 - ECPA - Energy and Climate Partnership of the Americas","og_description":"El 15 y 16 de abril de 2010, se llev\u00f3 a cabo la Reuni\u00f3n Ministerial de las Am\u00e9ricas sobre Energ\u00eda y Clima en Washington, D. C., Estados Unidos.\u00a0\u00a0El evento, organizado por el Departamento de Energ\u00eda de Estados Unidos, tuvo lugar el 15 de abril en el Banco Interamericano de Desarrollo (BID) y el 16 de [&hellip;]","og_url":"https:\/\/ecpamericas.org\/es\/reuniones-ministeriales\/ministerial-ecpa-2010\/","og_site_name":"ECPA - Energy and Climate Partnership of the Americas","article_modified_time":"2020-12-31T17:22:19+00:00","twitter_card":"summary_large_image","twitter_misc":{"Tiempo de lectura":"1 minuto"},"schema":{"@context":"https:\/\/schema.org","@graph":[{"@type":"WebPage","@id":"https:\/\/ecpamericas.org\/es\/reuniones-ministeriales\/ministerial-ecpa-2010\/","url":"https:\/\/ecpamericas.org\/es\/reuniones-ministeriales\/ministerial-ecpa-2010\/","name":"Ministerial ECPA 2010 - ECPA - Energy and Climate Partnership of the Americas","isPartOf":{"@id":"https:\/\/ecpamericas.org\/es\/#website"},"datePublished":"2020-12-11T22:49:19+00:00","dateModified":"2020-12-31T17:22:19+00:00","breadcrumb":{"@id":"https:\/\/ecpamericas.org\/es\/reuniones-ministeriales\/ministerial-ecpa-2010\/#breadcrumb"},"inLanguage":"es","potentialAction":[{"@type":"ReadAction","target":["https:\/\/ecpamericas.org\/es\/reuniones-ministeriales\/ministerial-ecpa-2010\/"]}]},{"@type":"BreadcrumbList","@id":"https:\/\/ecpamericas.org\/es\/reuniones-ministeriales\/ministerial-ecpa-2010\/#breadcrumb","itemListElement":[{"@type":"ListItem","position":1,"name":"Home","item":"https:\/\/ecpamericas.org\/es\/"},{"@type":"ListItem","position":2,"name":"Reuniones Ministeriales","item":"https:\/\/ecpamericas.org\/es\/reuniones-ministeriales\/"},{"@type":"ListItem","position":3,"name":"Ministerial ECPA 2010"}]},{"@type":"WebSite","@id":"https:\/\/ecpamericas.org\/es\/#website","url":"https:\/\/ecpamericas.org\/es\/","name":"ECPA - Energy and Climate Partnership of the Americas","description":"Promoting cooperation for a sustainable energy future in the Americas","potentialAction":[{"@type":"SearchAction","target":{"@type":"EntryPoint","urlTemplate":"https:\/\/ecpamericas.org\/es\/?s={search_term_string}"},"query-input":"required name=search_term_string"}],"inLanguage":"es"}]}},"_links":{"self":[{"href":"https:\/\/ecpamericas.org\/es\/wp-json\/wp\/v2\/pages\/77","targetHints":{"allow":["GET"]}}],"collection":[{"href":"https:\/\/ecpamericas.org\/es\/wp-json\/wp\/v2\/pages"}],"about":[{"href":"https:\/\/ecpamericas.org\/es\/wp-json\/wp\/v2\/types\/page"}],"author":[{"embeddable":true,"href":"https:\/\/ecpamericas.org\/es\/wp-json\/wp\/v2\/users\/1"}],"replies":[{"embeddable":true,"href":"https:\/\/ecpamericas.org\/es\/wp-json\/wp\/v2\/comments?post=77"}],"version-history":[{"count":5,"href":"https:\/\/ecpamericas.org\/es\/wp-json\/wp\/v2\/pages\/77\/revisions"}],"predecessor-version":[{"id":3438,"href":"https:\/\/ecpamericas.org\/es\/wp-json\/wp\/v2\/pages\/77\/revisions\/3438"}],"up":[{"embeddable":true,"href":"https:\/\/ecpamericas.org\/es\/wp-json\/wp\/v2\/pages\/61"}],"wp:attachment":[{"href":"https:\/\/ecpamericas.org\/es\/wp-json\/wp\/v2\/media?parent=77"}],"curies":[{"name":"wp","href":"https:\/\/api.w.org\/{rel}","templated":true}]}}