{"id":5993,"date":"2021-12-20T18:38:18","date_gmt":"2021-12-20T23:38:18","guid":{"rendered":"https:\/\/ecpamericas.org\/?page_id=5993"},"modified":"2023-12-21T07:51:12","modified_gmt":"2023-12-21T12:51:12","slug":"ministerial-ecpa-2022","status":"publish","type":"page","link":"https:\/\/ecpamericas.org\/es\/reuniones-ministeriales\/ministerial-ecpa-2022\/","title":{"rendered":"Ministerial ECPA 2022"},"content":{"rendered":"<p><img fetchpriority=\"high\" decoding=\"async\" class=\"alignnone wp-image-5994 size-large\" src=\"https:\/\/ecpamericas.org\/wp-content\/uploads\/2021\/12\/ECPA_MINISTERIAL_PANAMA_2022_ESP-1024x588.png\" alt=\"\" width=\"1024\" height=\"588\" srcset=\"https:\/\/ecpamericas.org\/wp-content\/uploads\/2021\/12\/ECPA_MINISTERIAL_PANAMA_2022_ESP-1024x588.png 1024w, https:\/\/ecpamericas.org\/wp-content\/uploads\/2021\/12\/ECPA_MINISTERIAL_PANAMA_2022_ESP-300x172.png 300w, https:\/\/ecpamericas.org\/wp-content\/uploads\/2021\/12\/ECPA_MINISTERIAL_PANAMA_2022_ESP-768x441.png 768w, https:\/\/ecpamericas.org\/wp-content\/uploads\/2021\/12\/ECPA_MINISTERIAL_PANAMA_2022_ESP.png 1082w\" sizes=\"(max-width: 1024px) 100vw, 1024px\" \/><\/p>\n<p>&nbsp;<\/p>\n<p><span style=\"font-weight: 400;\">La <\/span><strong>Quinta Reuni\u00f3n de Ministros de la Alianza de Energ\u00eda y Clima de las Am\u00e9ricas<\/strong><span style=\"font-weight: 400;\"> se celebr\u00f3 en forma virtual y presencial en la <\/span><span style=\"font-weight: 400;\">ciudad de Panam\u00e1 los pasados d\u00edas 10 y 11 de febrero de 2022<\/span><span style=\"font-weight: 400;\">.<\/span><\/p>\n<p><span style=\"font-weight: 400;\">El liderazgo de Panam\u00e1 en el marco de la ECPA estuvo en consonancia con su compromiso de promover <\/span><span style=\"font-weight: 400;\">transiciones energ\u00e9ticas justas e inclusivas<\/span><span style=\"font-weight: 400;\">, el tema que la naci\u00f3n Centroamericana escogi\u00f3 para el encuentro.\u00a0<\/span><\/p>\n<p><span style=\"font-weight: 400;\">La reuni\u00f3n de ministros tuvo como objetivos impulsar una agenda regional de transici\u00f3n energ\u00e9tica, fomentar el liderazgo energ\u00e9tico compartido, la cooperaci\u00f3n y la integraci\u00f3n en las Am\u00e9ricas a fin de alcanzar <\/span><span style=\"font-weight: 400;\">cero emisiones netas a 2050<\/span><span style=\"font-weight: 400;\">.<\/span><\/p>\n<p><span style=\"font-weight: 400;\">Adem\u00e1s de guiar las futuras actividades que la ECPA llevar\u00e1 a cabo, el evento busc\u00f3 servir como fuente de informaci\u00f3n en materia de energ\u00eda para las deliberaciones de los jefes de estado en la <\/span><a href=\"https:\/\/ixsummitamericas.org\/\"><span style=\"font-weight: 400;\">IX Cumbre de las Am\u00e9ricas<\/span><\/a><span style=\"font-weight: 400;\"> a celebrarse en Los \u00c1ngeles en junio.<\/span><\/p>\n<p><span style=\"font-weight: 400;\">A trav\u00e9s de deliberaciones de gobierno, t\u00e9cnicas o del sector privado, los pa\u00edses entablaron di\u00e1logo unos con otros, con empresas y con la sociedad civil, construyendo sinergias, deliberando acerca de intereses comunes y estableciendo alianzas. Tambi\u00e9n se comparti\u00f3 informaci\u00f3n acerca de actividades concretas en curso de ejecuci\u00f3n a fin de abordar la necesidad de la regi\u00f3n de descarbonizar el sector energ\u00e9tico, impulsar transiciones energ\u00e9ticas a emisiones netas de valor cero y cumplir con objetivos clim\u00e1ticos cr\u00edticos.<\/span><\/p>\n<p>&nbsp;<\/p>\n<p><a class=\"boton-green\" style=\"text-decoration: none; background-color: #e87850; border-color: #E87850; color:white !important;\" tabindex=\"-1\" href=\"https:\/\/ecpamericas.org\/wp-content\/uploads\/2022\/02\/ECPA_MInisterial_Meeting_Panama_2022_Agenda_ESP_02-12.pdf\" target=\"_blank\" rel=\"noopener\">DESCARGAR AGENDA<\/a><\/p>\n<p>&nbsp;<\/p>\n<section class=\"side-story\">\n<h5>Videos<\/h5>\n<p>&nbsp;<\/p>\n<p><a href=\"https:\/\/youtu.be\/G7W_TfB81qw\" target=\"_blank\" rel=\"noopener\">Ceremonia de apertura | Primera sesi\u00f3n plenaria<\/a><\/p>\n<\/section>\n<p>&nbsp;<\/p>\n<section class=\"side-story\">\n<h5>Art\u00edculos relacionados<\/h5>\n<p>&nbsp;<\/p>\n<p><a href=\"https:\/\/ecpamericas.org\/es\/newsletters\/transformar-los-sistemas-energeticos-y-la-vida-de-las-personas\/\" target=\"_blank\" rel=\"noopener\">Transformar los sistemas energ\u00e9ticos y la vida de las personas<\/a><\/p>\n<p><a href=\"https:\/\/ecpamericas.org\/es\/newsletters\/una-dosis-de-entusiasmo-climatico-de-parte-de-john-kerry\/\" target=\"_blank\" rel=\"noopener\">Una dosis de \u00abentusiasmo clim\u00e1tico\u00bb de parte de John Kerry<\/a><\/p>\n<p><a href=\"https:\/\/ecpamericas.org\/es\/newsletters\/reunion-ministerial-de-la-ecpa-en-panama\/\" target=\"_blank\" rel=\"noopener\">Reuni\u00f3n Ministerial de la ECPA en Panam\u00e1<\/a><\/p>\n<p><a href=\"https:\/\/ecpamericas.org\/es\/newsletters\/panama-eje-central-de-una-transicion-energetica-justa-e-inclusiva\/\" target=\"_blank\" rel=\"noopener\">Panam\u00e1: Eje central de una transici\u00f3n energ\u00e9tica justa e inclusiva<\/a><\/p>\n<\/section>\n<p>&nbsp;<\/p>\n<section class=\"side-story\">\n<h5>Documentos de la Reuni\u00f3n Ministerial<\/h5>\n<p>&nbsp;<\/p>\n<p><a href=\"https:\/\/ecpamericas.org\/wp-content\/uploads\/2022\/02\/ECPA_ACTION_PLAN_ESP-1.pdf\" target=\"_blank\" rel=\"noopener\">Plan de Acci\u00f3n ECPA 2022-2024<\/a><\/p>\n<p><a href=\"https:\/\/ecpamericas.org\/wp-content\/uploads\/2022\/02\/Americas-Business-Dialogue-Energy-Working-Group-ECPA-Recommendations.pdf\" target=\"_blank\" rel=\"noopener\">Di\u00e1logo Empresarial de las Am\u00e9ricas &#8211; Recomendaciones del grupo de trabajo sobre energ\u00eda<\/a><\/p>\n<p><a href=\"https:\/\/ecpamericas.org\/wp-content\/uploads\/2022\/08\/Relatoria-fnal-ECPA-2022-_20220617.pdf\">Relator\u00eda de la Quinta Reuni\u00f3n de Ministros de la Alianza de Energ\u00eda y Clima de las Am\u00e9ricas.<\/a><\/p>\n<\/section>\n<p>&nbsp;<\/p>\n<h5><\/h5>\n<h6>Tema principal:<\/h6>\n<p>Transiciones energ\u00e9ticas justas e inclusivas.<\/p>\n<h5><\/h5>\n<h6>Sub-temas:<\/h6>\n<p>Energ\u00eda renovable, Acceso universal a la energ\u00eda, Movilidad el\u00e9ctrica.<\/p>\n<h5><\/h5>\n<h6>Temas transversales:<\/h6>\n<p>Descarbonizaci\u00f3n, Infraestructura el\u00e9ctrica resiliente, Financiaci\u00f3n, Participaci\u00f3n del sector privado.<\/p>\n<h5><\/h5>\n<h6>Fechas:<\/h6>\n<p>10 y 11 de febrero, 2022.<\/p>\n<h5><\/h5>\n<h6>Sede:<\/h6>\n<p>Ciudad de Panam\u00e1, Panam\u00e1.<\/p>\n","protected":false},"excerpt":{"rendered":"<p>&nbsp; La Quinta Reuni\u00f3n de Ministros de la Alianza de Energ\u00eda y Clima de las Am\u00e9ricas se celebr\u00f3 en forma virtual y presencial en la ciudad de Panam\u00e1 los pasados d\u00edas 10 y 11 de febrero de 2022. El liderazgo de Panam\u00e1 en el marco de la ECPA estuvo en consonancia con su compromiso de [&hellip;]<\/p>\n","protected":false},"author":4,"featured_media":0,"parent":61,"menu_order":0,"comment_status":"closed","ping_status":"closed","template":"","meta":{"_acf_changed":false,"inline_featured_image":false,"footnotes":""},"class_list":["post-5993","page","type-page","status-publish","hentry"],"acf":[],"yoast_head":"<!-- This site is optimized with the Yoast SEO plugin v21.7 - https:\/\/yoast.com\/wordpress\/plugins\/seo\/ -->\n<title>Ministerial ECPA 2022 - ECPA - Energy and Climate Partnership of the Americas<\/title>\n<meta name=\"robots\" content=\"index, follow, max-snippet:-1, max-image-preview:large, max-video-preview:-1\" \/>\n<link rel=\"canonical\" href=\"https:\/\/ecpamericas.org\/es\/reuniones-ministeriales\/ministerial-ecpa-2022\/\" \/>\n<meta property=\"og:locale\" content=\"es_ES\" \/>\n<meta property=\"og:type\" content=\"article\" \/>\n<meta property=\"og:title\" content=\"Ministerial ECPA 2022 - ECPA - Energy and Climate Partnership of the Americas\" \/>\n<meta property=\"og:description\" content=\"&nbsp; La Quinta Reuni\u00f3n de Ministros de la Alianza de Energ\u00eda y Clima de las Am\u00e9ricas se celebr\u00f3 en forma virtual y presencial en la ciudad de Panam\u00e1 los pasados d\u00edas 10 y 11 de febrero de 2022. El liderazgo de Panam\u00e1 en el marco de la ECPA estuvo en consonancia con su compromiso de [&hellip;]\" \/>\n<meta property=\"og:url\" content=\"https:\/\/ecpamericas.org\/es\/reuniones-ministeriales\/ministerial-ecpa-2022\/\" \/>\n<meta property=\"og:site_name\" content=\"ECPA - Energy and Climate Partnership of the Americas\" \/>\n<meta property=\"article:modified_time\" content=\"2023-12-21T12:51:12+00:00\" \/>\n<meta property=\"og:image\" content=\"https:\/\/ecpamericas.org\/wp-content\/uploads\/2021\/12\/ECPA_MINISTERIAL_PANAMA_2022_ESP-1024x588.png\" \/>\n<meta name=\"twitter:card\" content=\"summary_large_image\" \/>\n<meta name=\"twitter:label1\" content=\"Tiempo de lectura\" \/>\n\t<meta name=\"twitter:data1\" content=\"2 minutos\" \/>\n<script type=\"application\/ld+json\" class=\"yoast-schema-graph\">{\"@context\":\"https:\/\/schema.org\",\"@graph\":[{\"@type\":\"WebPage\",\"@id\":\"https:\/\/ecpamericas.org\/es\/reuniones-ministeriales\/ministerial-ecpa-2022\/\",\"url\":\"https:\/\/ecpamericas.org\/es\/reuniones-ministeriales\/ministerial-ecpa-2022\/\",\"name\":\"Ministerial ECPA 2022 - ECPA - Energy and Climate Partnership of the Americas\",\"isPartOf\":{\"@id\":\"https:\/\/ecpamericas.org\/es\/#website\"},\"datePublished\":\"2021-12-20T23:38:18+00:00\",\"dateModified\":\"2023-12-21T12:51:12+00:00\",\"breadcrumb\":{\"@id\":\"https:\/\/ecpamericas.org\/es\/reuniones-ministeriales\/ministerial-ecpa-2022\/#breadcrumb\"},\"inLanguage\":\"es\",\"potentialAction\":[{\"@type\":\"ReadAction\",\"target\":[\"https:\/\/ecpamericas.org\/es\/reuniones-ministeriales\/ministerial-ecpa-2022\/\"]}]},{\"@type\":\"BreadcrumbList\",\"@id\":\"https:\/\/ecpamericas.org\/es\/reuniones-ministeriales\/ministerial-ecpa-2022\/#breadcrumb\",\"itemListElement\":[{\"@type\":\"ListItem\",\"position\":1,\"name\":\"Home\",\"item\":\"https:\/\/ecpamericas.org\/es\/\"},{\"@type\":\"ListItem\",\"position\":2,\"name\":\"Reuniones Ministeriales\",\"item\":\"https:\/\/ecpamericas.org\/es\/reuniones-ministeriales\/\"},{\"@type\":\"ListItem\",\"position\":3,\"name\":\"Ministerial ECPA 2022\"}]},{\"@type\":\"WebSite\",\"@id\":\"https:\/\/ecpamericas.org\/es\/#website\",\"url\":\"https:\/\/ecpamericas.org\/es\/\",\"name\":\"ECPA - Energy and Climate Partnership of the Americas\",\"description\":\"Promoting cooperation for a sustainable energy future in the Americas\",\"potentialAction\":[{\"@type\":\"SearchAction\",\"target\":{\"@type\":\"EntryPoint\",\"urlTemplate\":\"https:\/\/ecpamericas.org\/es\/?s={search_term_string}\"},\"query-input\":\"required name=search_term_string\"}],\"inLanguage\":\"es\"}]}<\/script>\n<!-- \/ Yoast SEO plugin. -->","yoast_head_json":{"title":"Ministerial ECPA 2022 - ECPA - Energy and Climate Partnership of the Americas","robots":{"index":"index","follow":"follow","max-snippet":"max-snippet:-1","max-image-preview":"max-image-preview:large","max-video-preview":"max-video-preview:-1"},"canonical":"https:\/\/ecpamericas.org\/es\/reuniones-ministeriales\/ministerial-ecpa-2022\/","og_locale":"es_ES","og_type":"article","og_title":"Ministerial ECPA 2022 - ECPA - Energy and Climate Partnership of the Americas","og_description":"&nbsp; La Quinta Reuni\u00f3n de Ministros de la Alianza de Energ\u00eda y Clima de las Am\u00e9ricas se celebr\u00f3 en forma virtual y presencial en la ciudad de Panam\u00e1 los pasados d\u00edas 10 y 11 de febrero de 2022. El liderazgo de Panam\u00e1 en el marco de la ECPA estuvo en consonancia con su compromiso de [&hellip;]","og_url":"https:\/\/ecpamericas.org\/es\/reuniones-ministeriales\/ministerial-ecpa-2022\/","og_site_name":"ECPA - Energy and Climate Partnership of the Americas","article_modified_time":"2023-12-21T12:51:12+00:00","og_image":[{"url":"https:\/\/ecpamericas.org\/wp-content\/uploads\/2021\/12\/ECPA_MINISTERIAL_PANAMA_2022_ESP-1024x588.png"}],"twitter_card":"summary_large_image","twitter_misc":{"Tiempo de lectura":"2 minutos"},"schema":{"@context":"https:\/\/schema.org","@graph":[{"@type":"WebPage","@id":"https:\/\/ecpamericas.org\/es\/reuniones-ministeriales\/ministerial-ecpa-2022\/","url":"https:\/\/ecpamericas.org\/es\/reuniones-ministeriales\/ministerial-ecpa-2022\/","name":"Ministerial ECPA 2022 - ECPA - Energy and Climate Partnership of the Americas","isPartOf":{"@id":"https:\/\/ecpamericas.org\/es\/#website"},"datePublished":"2021-12-20T23:38:18+00:00","dateModified":"2023-12-21T12:51:12+00:00","breadcrumb":{"@id":"https:\/\/ecpamericas.org\/es\/reuniones-ministeriales\/ministerial-ecpa-2022\/#breadcrumb"},"inLanguage":"es","potentialAction":[{"@type":"ReadAction","target":["https:\/\/ecpamericas.org\/es\/reuniones-ministeriales\/ministerial-ecpa-2022\/"]}]},{"@type":"BreadcrumbList","@id":"https:\/\/ecpamericas.org\/es\/reuniones-ministeriales\/ministerial-ecpa-2022\/#breadcrumb","itemListElement":[{"@type":"ListItem","position":1,"name":"Home","item":"https:\/\/ecpamericas.org\/es\/"},{"@type":"ListItem","position":2,"name":"Reuniones Ministeriales","item":"https:\/\/ecpamericas.org\/es\/reuniones-ministeriales\/"},{"@type":"ListItem","position":3,"name":"Ministerial ECPA 2022"}]},{"@type":"WebSite","@id":"https:\/\/ecpamericas.org\/es\/#website","url":"https:\/\/ecpamericas.org\/es\/","name":"ECPA - Energy and Climate Partnership of the Americas","description":"Promoting cooperation for a sustainable energy future in the Americas","potentialAction":[{"@type":"SearchAction","target":{"@type":"EntryPoint","urlTemplate":"https:\/\/ecpamericas.org\/es\/?s={search_term_string}"},"query-input":"required name=search_term_string"}],"inLanguage":"es"}]}},"_links":{"self":[{"href":"https:\/\/ecpamericas.org\/es\/wp-json\/wp\/v2\/pages\/5993","targetHints":{"allow":["GET"]}}],"collection":[{"href":"https:\/\/ecpamericas.org\/es\/wp-json\/wp\/v2\/pages"}],"about":[{"href":"https:\/\/ecpamericas.org\/es\/wp-json\/wp\/v2\/types\/page"}],"author":[{"embeddable":true,"href":"https:\/\/ecpamericas.org\/es\/wp-json\/wp\/v2\/users\/4"}],"replies":[{"embeddable":true,"href":"https:\/\/ecpamericas.org\/es\/wp-json\/wp\/v2\/comments?post=5993"}],"version-history":[{"count":31,"href":"https:\/\/ecpamericas.org\/es\/wp-json\/wp\/v2\/pages\/5993\/revisions"}],"predecessor-version":[{"id":7684,"href":"https:\/\/ecpamericas.org\/es\/wp-json\/wp\/v2\/pages\/5993\/revisions\/7684"}],"up":[{"embeddable":true,"href":"https:\/\/ecpamericas.org\/es\/wp-json\/wp\/v2\/pages\/61"}],"wp:attachment":[{"href":"https:\/\/ecpamericas.org\/es\/wp-json\/wp\/v2\/media?parent=5993"}],"curies":[{"name":"wp","href":"https:\/\/api.w.org\/{rel}","templated":true}]}}