{"id":47,"date":"2020-12-03T05:39:33","date_gmt":"2020-12-03T05:39:33","guid":{"rendered":"https:\/\/ecpamericas.org\/?page_id=47"},"modified":"2023-04-11T16:34:24","modified_gmt":"2023-04-11T21:34:24","slug":"comite-directivo","status":"publish","type":"page","link":"https:\/\/ecpamericas.org\/es\/acerca\/comite-directivo\/","title":{"rendered":"Comit\u00e9 directivo"},"content":{"rendered":"<p>Su funci\u00f3n es impulsar las actividades de la ECPA con el apoyo de la\u00a0<a href=\"https:\/\/ecpamericas.org\/es\/acerca\/unidad-de-coordinacion-tecnica\/\">Unidad de Coordinaci\u00f3n T\u00e9cnica<\/a>, promover el di\u00e1logo pol\u00edtico, fomentar el intercambio de pr\u00e1cticas \u00f3ptimas, contribuir al fortalecimiento de capacidades y facilitar la coordinaci\u00f3n regional y la diplomacia en torno a la energ\u00eda limpia. Los pa\u00edses que componen el Comit\u00e9 Directivo lideran pilares o \u00e1reas tem\u00e1ticas espec\u00edficas relacionadas con la energ\u00eda.<\/p>\n<p>En la\u00a0<a href=\"https:\/\/ecpamericas.org\/es\/reuniones-ministeriales\/ministerial-ecpa-2015\/\">Segunda Reuni\u00f3n Ministerial<\/a>, realizada en M\u00e9rida, M\u00e9xico, en mayo de 2015, las autoridades destacraon la necesidad de vigorizar la operatividad de la Alianza. Para ello, establecieron un Comit\u00e9 Directivo que gu\u00eda las acciones de la ECPA. Este cuerpo colegiado ofrece un espacio propicio en el que los gobiernos asumen un papel de liderazgo, impulsan las acciones de los sectores p\u00fablico y privado e identifican recursos para instrumentar iniciativas.<\/p>\n<p>Durante la\u00a0<a href=\"https:\/\/ecpamericas.org\/es\/reuniones-ministeriales\/ministerial-ecpa-2017\/\">Tercera Reuni\u00f3n Ministerial<\/a>, realizada en Vi\u00f1a del Mar, Chile, en septiembre de 2017, Argentina y Panam\u00e1 expresaron su inter\u00e9s en formar parter del Comit\u00e9 Directivo de ECPA. El Comit\u00e9 Directivo ha quedado conformado por Estados Unidos y M\u00e9xico, en el \u00e1rea de Am\u00e9rica del Norte; por Costa Rica y Panam\u00e1, en Am\u00e9rica Central; Jamaica, Trinidad y Tobago y Rep\u00fablica Dominicana, en representaci\u00f3n del Caribe; y Argentina y Chile, por parte de Am\u00e9rica del Sur. El fortalecimiento de esta estructura permite augurar una conducci\u00f3n s\u00f3lida y representativa a los intereses y particularidades de cada regi\u00f3n.<\/p>\n<figure class=\"wp-block-image size-large\"><\/figure>\n<p>&nbsp;<\/p>\n<h4>Miembros del Comit\u00e9 Directivo<\/h4>\n<p>&nbsp;<\/p>\n<ul>\n<li>Argentina<\/li>\n<li>Chile<\/li>\n<li>Colombia<\/li>\n<li>Costa Rica<\/li>\n<li>Estados Unidos<\/li>\n<li>Jamaica<\/li>\n<li>M\u00e9xico<\/li>\n<li>Panam\u00e1<\/li>\n<li>Rep\u00fablica Dominicana<\/li>\n<li>Trinidad y Tobago<\/li>\n<\/ul>\n","protected":false},"excerpt":{"rendered":"<p>Su funci\u00f3n es impulsar las actividades de la ECPA con el apoyo de la\u00a0Unidad de Coordinaci\u00f3n T\u00e9cnica, promover el di\u00e1logo pol\u00edtico, fomentar el intercambio de pr\u00e1cticas \u00f3ptimas, contribuir al fortalecimiento de capacidades y facilitar la coordinaci\u00f3n regional y la diplomacia en torno a la energ\u00eda limpia. Los pa\u00edses que componen el Comit\u00e9 Directivo lideran pilares [&hellip;]<\/p>\n","protected":false},"author":1,"featured_media":0,"parent":37,"menu_order":0,"comment_status":"closed","ping_status":"closed","template":"","meta":{"_acf_changed":false,"inline_featured_image":false,"footnotes":""},"class_list":["post-47","page","type-page","status-publish","hentry"],"acf":[],"yoast_head":"<!-- This site is optimized with the Yoast SEO plugin v21.7 - https:\/\/yoast.com\/wordpress\/plugins\/seo\/ -->\n<title>Comit\u00e9 directivo - ECPA - Energy and Climate Partnership of the Americas<\/title>\n<meta name=\"robots\" content=\"index, follow, max-snippet:-1, max-image-preview:large, max-video-preview:-1\" \/>\n<link rel=\"canonical\" href=\"https:\/\/ecpamericas.org\/es\/acerca\/comite-directivo\/\" \/>\n<meta property=\"og:locale\" content=\"es_ES\" \/>\n<meta property=\"og:type\" content=\"article\" \/>\n<meta property=\"og:title\" content=\"Comit\u00e9 directivo - ECPA - Energy and Climate Partnership of the Americas\" \/>\n<meta property=\"og:description\" content=\"Su funci\u00f3n es impulsar las actividades de la ECPA con el apoyo de la\u00a0Unidad de Coordinaci\u00f3n T\u00e9cnica, promover el di\u00e1logo pol\u00edtico, fomentar el intercambio de pr\u00e1cticas \u00f3ptimas, contribuir al fortalecimiento de capacidades y facilitar la coordinaci\u00f3n regional y la diplomacia en torno a la energ\u00eda limpia. Los pa\u00edses que componen el Comit\u00e9 Directivo lideran pilares [&hellip;]\" \/>\n<meta property=\"og:url\" content=\"https:\/\/ecpamericas.org\/es\/acerca\/comite-directivo\/\" \/>\n<meta property=\"og:site_name\" content=\"ECPA - Energy and Climate Partnership of the Americas\" \/>\n<meta property=\"article:modified_time\" content=\"2023-04-11T21:34:24+00:00\" \/>\n<meta name=\"twitter:card\" content=\"summary_large_image\" \/>\n<meta name=\"twitter:label1\" content=\"Tiempo de lectura\" \/>\n\t<meta name=\"twitter:data1\" content=\"2 minutos\" \/>\n<script type=\"application\/ld+json\" class=\"yoast-schema-graph\">{\"@context\":\"https:\/\/schema.org\",\"@graph\":[{\"@type\":\"WebPage\",\"@id\":\"https:\/\/ecpamericas.org\/es\/acerca\/comite-directivo\/\",\"url\":\"https:\/\/ecpamericas.org\/es\/acerca\/comite-directivo\/\",\"name\":\"Comit\u00e9 directivo - ECPA - Energy and Climate Partnership of the Americas\",\"isPartOf\":{\"@id\":\"https:\/\/ecpamericas.org\/es\/#website\"},\"datePublished\":\"2020-12-03T05:39:33+00:00\",\"dateModified\":\"2023-04-11T21:34:24+00:00\",\"breadcrumb\":{\"@id\":\"https:\/\/ecpamericas.org\/es\/acerca\/comite-directivo\/#breadcrumb\"},\"inLanguage\":\"es\",\"potentialAction\":[{\"@type\":\"ReadAction\",\"target\":[\"https:\/\/ecpamericas.org\/es\/acerca\/comite-directivo\/\"]}]},{\"@type\":\"BreadcrumbList\",\"@id\":\"https:\/\/ecpamericas.org\/es\/acerca\/comite-directivo\/#breadcrumb\",\"itemListElement\":[{\"@type\":\"ListItem\",\"position\":1,\"name\":\"Home\",\"item\":\"https:\/\/ecpamericas.org\/es\/\"},{\"@type\":\"ListItem\",\"position\":2,\"name\":\"Sobre ECPA\",\"item\":\"https:\/\/ecpamericas.org\/es\/acerca\/\"},{\"@type\":\"ListItem\",\"position\":3,\"name\":\"Comit\u00e9 directivo\"}]},{\"@type\":\"WebSite\",\"@id\":\"https:\/\/ecpamericas.org\/es\/#website\",\"url\":\"https:\/\/ecpamericas.org\/es\/\",\"name\":\"ECPA - Energy and Climate Partnership of the Americas\",\"description\":\"Promoting cooperation for a sustainable energy future in the Americas\",\"potentialAction\":[{\"@type\":\"SearchAction\",\"target\":{\"@type\":\"EntryPoint\",\"urlTemplate\":\"https:\/\/ecpamericas.org\/es\/?s={search_term_string}\"},\"query-input\":\"required name=search_term_string\"}],\"inLanguage\":\"es\"}]}<\/script>\n<!-- \/ Yoast SEO plugin. -->","yoast_head_json":{"title":"Comit\u00e9 directivo - ECPA - Energy and Climate Partnership of the Americas","robots":{"index":"index","follow":"follow","max-snippet":"max-snippet:-1","max-image-preview":"max-image-preview:large","max-video-preview":"max-video-preview:-1"},"canonical":"https:\/\/ecpamericas.org\/es\/acerca\/comite-directivo\/","og_locale":"es_ES","og_type":"article","og_title":"Comit\u00e9 directivo - ECPA - Energy and Climate Partnership of the Americas","og_description":"Su funci\u00f3n es impulsar las actividades de la ECPA con el apoyo de la\u00a0Unidad de Coordinaci\u00f3n T\u00e9cnica, promover el di\u00e1logo pol\u00edtico, fomentar el intercambio de pr\u00e1cticas \u00f3ptimas, contribuir al fortalecimiento de capacidades y facilitar la coordinaci\u00f3n regional y la diplomacia en torno a la energ\u00eda limpia. Los pa\u00edses que componen el Comit\u00e9 Directivo lideran pilares [&hellip;]","og_url":"https:\/\/ecpamericas.org\/es\/acerca\/comite-directivo\/","og_site_name":"ECPA - Energy and Climate Partnership of the Americas","article_modified_time":"2023-04-11T21:34:24+00:00","twitter_card":"summary_large_image","twitter_misc":{"Tiempo de lectura":"2 minutos"},"schema":{"@context":"https:\/\/schema.org","@graph":[{"@type":"WebPage","@id":"https:\/\/ecpamericas.org\/es\/acerca\/comite-directivo\/","url":"https:\/\/ecpamericas.org\/es\/acerca\/comite-directivo\/","name":"Comit\u00e9 directivo - ECPA - Energy and Climate Partnership of the Americas","isPartOf":{"@id":"https:\/\/ecpamericas.org\/es\/#website"},"datePublished":"2020-12-03T05:39:33+00:00","dateModified":"2023-04-11T21:34:24+00:00","breadcrumb":{"@id":"https:\/\/ecpamericas.org\/es\/acerca\/comite-directivo\/#breadcrumb"},"inLanguage":"es","potentialAction":[{"@type":"ReadAction","target":["https:\/\/ecpamericas.org\/es\/acerca\/comite-directivo\/"]}]},{"@type":"BreadcrumbList","@id":"https:\/\/ecpamericas.org\/es\/acerca\/comite-directivo\/#breadcrumb","itemListElement":[{"@type":"ListItem","position":1,"name":"Home","item":"https:\/\/ecpamericas.org\/es\/"},{"@type":"ListItem","position":2,"name":"Sobre ECPA","item":"https:\/\/ecpamericas.org\/es\/acerca\/"},{"@type":"ListItem","position":3,"name":"Comit\u00e9 directivo"}]},{"@type":"WebSite","@id":"https:\/\/ecpamericas.org\/es\/#website","url":"https:\/\/ecpamericas.org\/es\/","name":"ECPA - Energy and Climate Partnership of the Americas","description":"Promoting cooperation for a sustainable energy future in the Americas","potentialAction":[{"@type":"SearchAction","target":{"@type":"EntryPoint","urlTemplate":"https:\/\/ecpamericas.org\/es\/?s={search_term_string}"},"query-input":"required name=search_term_string"}],"inLanguage":"es"}]}},"_links":{"self":[{"href":"https:\/\/ecpamericas.org\/es\/wp-json\/wp\/v2\/pages\/47","targetHints":{"allow":["GET"]}}],"collection":[{"href":"https:\/\/ecpamericas.org\/es\/wp-json\/wp\/v2\/pages"}],"about":[{"href":"https:\/\/ecpamericas.org\/es\/wp-json\/wp\/v2\/types\/page"}],"author":[{"embeddable":true,"href":"https:\/\/ecpamericas.org\/es\/wp-json\/wp\/v2\/users\/1"}],"replies":[{"embeddable":true,"href":"https:\/\/ecpamericas.org\/es\/wp-json\/wp\/v2\/comments?post=47"}],"version-history":[{"count":6,"href":"https:\/\/ecpamericas.org\/es\/wp-json\/wp\/v2\/pages\/47\/revisions"}],"predecessor-version":[{"id":6864,"href":"https:\/\/ecpamericas.org\/es\/wp-json\/wp\/v2\/pages\/47\/revisions\/6864"}],"up":[{"embeddable":true,"href":"https:\/\/ecpamericas.org\/es\/wp-json\/wp\/v2\/pages\/37"}],"wp:attachment":[{"href":"https:\/\/ecpamericas.org\/es\/wp-json\/wp\/v2\/media?parent=47"}],"curies":[{"name":"wp","href":"https:\/\/api.w.org\/{rel}","templated":true}]}}