{"id":42,"date":"2020-12-03T05:35:45","date_gmt":"2020-12-03T05:35:45","guid":{"rendered":"https:\/\/ecpamericas.org\/?page_id=42"},"modified":"2022-07-04T13:48:11","modified_gmt":"2022-07-04T18:48:11","slug":"unidad-de-coordinacion-tecnica","status":"publish","type":"page","link":"https:\/\/ecpamericas.org\/es\/acerca\/unidad-de-coordinacion-tecnica\/","title":{"rendered":"Unidad de coordinaci\u00f3n t\u00e9cnica"},"content":{"rendered":"\r\n<p>La Secretar\u00eda General de la\u00a0<a href=\"http:\/\/www.oas.org\/es\/default.asp\">Organizaci\u00f3n de los Estados Americanos (OEA)<\/a>, a trav\u00e9s de su\u00a0<a href=\"http:\/\/www.oas.org\/es\/sedi\/dsd\/\">Departamento de Desarrollo Sostenible (DDS)<\/a>, maneja la Unidad T\u00e9cnica de Coordinaci\u00f3n de la ECPA desde 2009. Durante la Cumbre de las Am\u00e9ricas celebrada en Puerto Espa\u00f1a, Trinidad y Tobago, en abril de 2009, el Gobierno de los Estados Unidos invit\u00f3 a todos los gobiernos del Hemisferio occidental a unirse a la ECPA. Como seguimiento a esta invitaci\u00f3n, en junio de 2009 los representantes pol\u00edticos de varios pa\u00edses se dieron cita en una reuni\u00f3n de trabajo durante el Simposio\u00a0 de\u00a0 Energ\u00eda y Clima, celebrado en Lima para discutir el mejoramiento de posibles \u00e1reas de cooperaci\u00f3n en \u00e1reas cr\u00edticas en energ\u00eda y cambio clim\u00e1tico. El evento promovi\u00f3 el di\u00e1logo que se produjo en Puerto de Espa\u00f1a, y se identificaron los pr\u00f3ximos pasos concretos de cooperaci\u00f3n, incluida la necesidad del establecimiento de un Mecanismo de facilitaci\u00f3n que proporcione el di\u00e1logo y la coordinaci\u00f3n de las actividades y su divulgaci\u00f3n. Los gobiernos se demostraron entusiastas ante una Unidad t\u00e9cnica de coordinaci\u00f3n encabezada por la OEA.<\/p>\r\n<p>La Unidad de Coordinaci\u00f3n T\u00e9cnica es el ente coordinador de la ECPA, concebido como una unidad creada para fomentar alianzas interinstitucionales, promocionar un mayor di\u00e1logo, colaboraci\u00f3n y sensibilizaci\u00f3n en temas relacionados a energ\u00eda y cambio clim\u00e1tico. Esta Unidad est\u00e1 a cargo de las comunicaciones y de los esfuerzos de divulgaci\u00f3n de la ECPA, brindando apoyo y visibilidad al trabajo realizado dentro de sus actuales iniciativas. Asimismo, en su capacidad de Unidad de Coordinaci\u00f3n T\u00e9cnica, el DDS publica boletines bimensuales, colabora en procesos de participaci\u00f3n de instituciones asociadas, organiza mesas redondas, y mantiene el sitio web de y la presencia de la ECPA en las redes sociales.<\/p>\r\n<p>En la misma l\u00ednea que la ECPA, su Unidad de Coordinaci\u00f3n T\u00e9cnica no es una estructura r\u00edgida, pero un mecanismo flexible y sencillo que permite el establecimiento de alianzas y un di\u00e1logo abierto sobre la energ\u00eda y cambio clim\u00e1tico.\u00a0\u00a0\u00a0<\/p>\r\n\r\n\r\n\r\n<figure class=\"wp-block-image size-large is-resized\"><img fetchpriority=\"high\" decoding=\"async\" class=\"wp-image-40\" src=\"https:\/\/ecpamericas.org\/wp-content\/uploads\/2020\/12\/OEA-ENG-Main-01-small.png\" alt=\"\" width=\"433\" height=\"125\" srcset=\"https:\/\/ecpamericas.org\/wp-content\/uploads\/2020\/12\/OEA-ENG-Main-01-small.png 314w, https:\/\/ecpamericas.org\/wp-content\/uploads\/2020\/12\/OEA-ENG-Main-01-small-300x87.png 300w\" sizes=\"(max-width: 433px) 100vw, 433px\" \/><\/figure>\r\n\r\n\r\n\r\n<h1 class=\"wp-block-heading\">Equipo de la Unidad de Coordinaci\u00f3n\u00a0T\u00e9cnica:\u00a0<\/h1>\r\n\r\n\r\n\r\n<p>Juan Cruz Monticelli<br \/>Jefe de Secci\u00f3n, Energ\u00eda Sostenible, Organizaci\u00f3n de los Estados Americanos<br \/><a href=\"mailto:jmonticelli@oas.org\">jmonticelli@oas.org<br \/><\/a><br \/><br \/>Janelle Conaway<br \/>Redactora del bolet\u00edn de noticias<\/p>\r\n","protected":false},"excerpt":{"rendered":"<p>La Secretar\u00eda General de la\u00a0Organizaci\u00f3n de los Estados Americanos (OEA), a trav\u00e9s de su\u00a0Departamento de Desarrollo Sostenible (DDS), maneja la Unidad T\u00e9cnica de Coordinaci\u00f3n de la ECPA desde 2009. Durante la Cumbre de las Am\u00e9ricas celebrada en Puerto Espa\u00f1a, Trinidad y Tobago, en abril de 2009, el Gobierno de los Estados Unidos invit\u00f3 a todos [&hellip;]<\/p>\n","protected":false},"author":1,"featured_media":0,"parent":37,"menu_order":0,"comment_status":"closed","ping_status":"closed","template":"","meta":{"_acf_changed":false,"inline_featured_image":false,"footnotes":""},"class_list":["post-42","page","type-page","status-publish","hentry"],"acf":[],"yoast_head":"<!-- This site is optimized with the Yoast SEO plugin v21.7 - https:\/\/yoast.com\/wordpress\/plugins\/seo\/ -->\n<title>Unidad de coordinaci\u00f3n t\u00e9cnica - ECPA - Energy and Climate Partnership of the Americas<\/title>\n<meta name=\"robots\" content=\"index, follow, max-snippet:-1, max-image-preview:large, max-video-preview:-1\" \/>\n<link rel=\"canonical\" href=\"https:\/\/ecpamericas.org\/es\/acerca\/unidad-de-coordinacion-tecnica\/\" \/>\n<meta property=\"og:locale\" content=\"es_ES\" \/>\n<meta property=\"og:type\" content=\"article\" \/>\n<meta property=\"og:title\" content=\"Unidad de coordinaci\u00f3n t\u00e9cnica - ECPA - Energy and Climate Partnership of the Americas\" \/>\n<meta property=\"og:description\" content=\"La Secretar\u00eda General de la\u00a0Organizaci\u00f3n de los Estados Americanos (OEA), a trav\u00e9s de su\u00a0Departamento de Desarrollo Sostenible (DDS), maneja la Unidad T\u00e9cnica de Coordinaci\u00f3n de la ECPA desde 2009. Durante la Cumbre de las Am\u00e9ricas celebrada en Puerto Espa\u00f1a, Trinidad y Tobago, en abril de 2009, el Gobierno de los Estados Unidos invit\u00f3 a todos [&hellip;]\" \/>\n<meta property=\"og:url\" content=\"https:\/\/ecpamericas.org\/es\/acerca\/unidad-de-coordinacion-tecnica\/\" \/>\n<meta property=\"og:site_name\" content=\"ECPA - Energy and Climate Partnership of the Americas\" \/>\n<meta property=\"article:modified_time\" content=\"2022-07-04T18:48:11+00:00\" \/>\n<meta property=\"og:image\" content=\"https:\/\/ecpamericas.org\/wp-content\/uploads\/2020\/12\/OEA-ENG-Main-01-small.png\" \/>\n<meta name=\"twitter:card\" content=\"summary_large_image\" \/>\n<meta name=\"twitter:label1\" content=\"Tiempo de lectura\" \/>\n\t<meta name=\"twitter:data1\" content=\"2 minutos\" \/>\n<script type=\"application\/ld+json\" class=\"yoast-schema-graph\">{\"@context\":\"https:\/\/schema.org\",\"@graph\":[{\"@type\":\"WebPage\",\"@id\":\"https:\/\/ecpamericas.org\/es\/acerca\/unidad-de-coordinacion-tecnica\/\",\"url\":\"https:\/\/ecpamericas.org\/es\/acerca\/unidad-de-coordinacion-tecnica\/\",\"name\":\"Unidad de coordinaci\u00f3n t\u00e9cnica - ECPA - Energy and Climate Partnership of the Americas\",\"isPartOf\":{\"@id\":\"https:\/\/ecpamericas.org\/es\/#website\"},\"datePublished\":\"2020-12-03T05:35:45+00:00\",\"dateModified\":\"2022-07-04T18:48:11+00:00\",\"breadcrumb\":{\"@id\":\"https:\/\/ecpamericas.org\/es\/acerca\/unidad-de-coordinacion-tecnica\/#breadcrumb\"},\"inLanguage\":\"es\",\"potentialAction\":[{\"@type\":\"ReadAction\",\"target\":[\"https:\/\/ecpamericas.org\/es\/acerca\/unidad-de-coordinacion-tecnica\/\"]}]},{\"@type\":\"BreadcrumbList\",\"@id\":\"https:\/\/ecpamericas.org\/es\/acerca\/unidad-de-coordinacion-tecnica\/#breadcrumb\",\"itemListElement\":[{\"@type\":\"ListItem\",\"position\":1,\"name\":\"Home\",\"item\":\"https:\/\/ecpamericas.org\/es\/\"},{\"@type\":\"ListItem\",\"position\":2,\"name\":\"Sobre ECPA\",\"item\":\"https:\/\/ecpamericas.org\/es\/acerca\/\"},{\"@type\":\"ListItem\",\"position\":3,\"name\":\"Unidad de coordinaci\u00f3n t\u00e9cnica\"}]},{\"@type\":\"WebSite\",\"@id\":\"https:\/\/ecpamericas.org\/es\/#website\",\"url\":\"https:\/\/ecpamericas.org\/es\/\",\"name\":\"ECPA - Energy and Climate Partnership of the Americas\",\"description\":\"Promoting cooperation for a sustainable energy future in the Americas\",\"potentialAction\":[{\"@type\":\"SearchAction\",\"target\":{\"@type\":\"EntryPoint\",\"urlTemplate\":\"https:\/\/ecpamericas.org\/es\/?s={search_term_string}\"},\"query-input\":\"required name=search_term_string\"}],\"inLanguage\":\"es\"}]}<\/script>\n<!-- \/ Yoast SEO plugin. -->","yoast_head_json":{"title":"Unidad de coordinaci\u00f3n t\u00e9cnica - ECPA - Energy and Climate Partnership of the Americas","robots":{"index":"index","follow":"follow","max-snippet":"max-snippet:-1","max-image-preview":"max-image-preview:large","max-video-preview":"max-video-preview:-1"},"canonical":"https:\/\/ecpamericas.org\/es\/acerca\/unidad-de-coordinacion-tecnica\/","og_locale":"es_ES","og_type":"article","og_title":"Unidad de coordinaci\u00f3n t\u00e9cnica - ECPA - Energy and Climate Partnership of the Americas","og_description":"La Secretar\u00eda General de la\u00a0Organizaci\u00f3n de los Estados Americanos (OEA), a trav\u00e9s de su\u00a0Departamento de Desarrollo Sostenible (DDS), maneja la Unidad T\u00e9cnica de Coordinaci\u00f3n de la ECPA desde 2009. Durante la Cumbre de las Am\u00e9ricas celebrada en Puerto Espa\u00f1a, Trinidad y Tobago, en abril de 2009, el Gobierno de los Estados Unidos invit\u00f3 a todos [&hellip;]","og_url":"https:\/\/ecpamericas.org\/es\/acerca\/unidad-de-coordinacion-tecnica\/","og_site_name":"ECPA - Energy and Climate Partnership of the Americas","article_modified_time":"2022-07-04T18:48:11+00:00","og_image":[{"url":"https:\/\/ecpamericas.org\/wp-content\/uploads\/2020\/12\/OEA-ENG-Main-01-small.png"}],"twitter_card":"summary_large_image","twitter_misc":{"Tiempo de lectura":"2 minutos"},"schema":{"@context":"https:\/\/schema.org","@graph":[{"@type":"WebPage","@id":"https:\/\/ecpamericas.org\/es\/acerca\/unidad-de-coordinacion-tecnica\/","url":"https:\/\/ecpamericas.org\/es\/acerca\/unidad-de-coordinacion-tecnica\/","name":"Unidad de coordinaci\u00f3n t\u00e9cnica - ECPA - Energy and Climate Partnership of the Americas","isPartOf":{"@id":"https:\/\/ecpamericas.org\/es\/#website"},"datePublished":"2020-12-03T05:35:45+00:00","dateModified":"2022-07-04T18:48:11+00:00","breadcrumb":{"@id":"https:\/\/ecpamericas.org\/es\/acerca\/unidad-de-coordinacion-tecnica\/#breadcrumb"},"inLanguage":"es","potentialAction":[{"@type":"ReadAction","target":["https:\/\/ecpamericas.org\/es\/acerca\/unidad-de-coordinacion-tecnica\/"]}]},{"@type":"BreadcrumbList","@id":"https:\/\/ecpamericas.org\/es\/acerca\/unidad-de-coordinacion-tecnica\/#breadcrumb","itemListElement":[{"@type":"ListItem","position":1,"name":"Home","item":"https:\/\/ecpamericas.org\/es\/"},{"@type":"ListItem","position":2,"name":"Sobre ECPA","item":"https:\/\/ecpamericas.org\/es\/acerca\/"},{"@type":"ListItem","position":3,"name":"Unidad de coordinaci\u00f3n t\u00e9cnica"}]},{"@type":"WebSite","@id":"https:\/\/ecpamericas.org\/es\/#website","url":"https:\/\/ecpamericas.org\/es\/","name":"ECPA - Energy and Climate Partnership of the Americas","description":"Promoting cooperation for a sustainable energy future in the Americas","potentialAction":[{"@type":"SearchAction","target":{"@type":"EntryPoint","urlTemplate":"https:\/\/ecpamericas.org\/es\/?s={search_term_string}"},"query-input":"required name=search_term_string"}],"inLanguage":"es"}]}},"_links":{"self":[{"href":"https:\/\/ecpamericas.org\/es\/wp-json\/wp\/v2\/pages\/42","targetHints":{"allow":["GET"]}}],"collection":[{"href":"https:\/\/ecpamericas.org\/es\/wp-json\/wp\/v2\/pages"}],"about":[{"href":"https:\/\/ecpamericas.org\/es\/wp-json\/wp\/v2\/types\/page"}],"author":[{"embeddable":true,"href":"https:\/\/ecpamericas.org\/es\/wp-json\/wp\/v2\/users\/1"}],"replies":[{"embeddable":true,"href":"https:\/\/ecpamericas.org\/es\/wp-json\/wp\/v2\/comments?post=42"}],"version-history":[{"count":8,"href":"https:\/\/ecpamericas.org\/es\/wp-json\/wp\/v2\/pages\/42\/revisions"}],"predecessor-version":[{"id":6382,"href":"https:\/\/ecpamericas.org\/es\/wp-json\/wp\/v2\/pages\/42\/revisions\/6382"}],"up":[{"embeddable":true,"href":"https:\/\/ecpamericas.org\/es\/wp-json\/wp\/v2\/pages\/37"}],"wp:attachment":[{"href":"https:\/\/ecpamericas.org\/es\/wp-json\/wp\/v2\/media?parent=42"}],"curies":[{"name":"wp","href":"https:\/\/api.w.org\/{rel}","templated":true}]}}