{"id":37,"date":"2020-12-03T05:31:12","date_gmt":"2020-12-03T05:31:12","guid":{"rendered":"https:\/\/ecpamericas.org\/?page_id=37"},"modified":"2023-09-13T16:02:37","modified_gmt":"2023-09-13T21:02:37","slug":"acerca","status":"publish","type":"page","link":"https:\/\/ecpamericas.org\/es\/acerca\/","title":{"rendered":"Sobre ECPA"},"content":{"rendered":"<h4><\/h4>\n<p><img fetchpriority=\"high\" decoding=\"async\" class=\"alignnone wp-image-7267\" src=\"https:\/\/ecpamericas.org\/wp-content\/uploads\/2023\/09\/ECPA_Logo_VC_C2_ESP_07-e1694638357751.png\" alt=\"\" width=\"440\" height=\"114\" \/><\/p>\n<h2><span style=\"font-weight: 600;\">Promovemos la cooperaci\u00f3n para\u00a0<\/span><span style=\"font-weight: 600;\">un futuro energ\u00e9tico sostenible en las Am\u00e9ricas<\/span><\/h2>\n<p>&nbsp;<\/p>\n<p><span style=\"font-weight: 400;\">La Alianza de Energ\u00eda y Clima de las Am\u00e9ricas es un programa del Departamento de Desarrollo Sostenible de la OEA que promueve el desarrollo energ\u00e9tico sostenible de la regi\u00f3n con vistas a un futuro sin emisiones netas.\u00a0<\/span><\/p>\n<p><span style=\"font-weight: 400;\">Brindamos apoyo a los pa\u00edses de las Am\u00e9ricas en sus transiciones hacia sistemas energ\u00e9ticos limpios, resilientes e inclusivos, sirviendo como plataforma para la coordinaci\u00f3n multilateral, la cooperaci\u00f3n p\u00fablico-privada, el fortalecimiento de capacidades y la divulgaci\u00f3n.\u00a0<\/span><\/p>\n<p><span style=\"font-weight: 400;\">El plan de acci\u00f3n de la ECPA est\u00e1 basado en seis <strong>pilares fundamentales<\/strong> que gu\u00edan las iniciativas del programa:\u00a0<\/span><\/p>\n<p>&nbsp;<\/p>\n<p><b>Fuentes de Energ\u00eda m\u00e1s limpias<\/b><\/p>\n<p><span style=\"font-weight: 400;\">Promover la descarbonizaci\u00f3n del sistema energ\u00e9tico, el transporte, la industria y la vivienda en las Am\u00e9ricas, a trav\u00e9s de la cooperaci\u00f3n para la producci\u00f3n y el uso sostenible de todas las formas de energ\u00edas renovables y otras fuentes bajas en carbono que potencien el desarrollo energ\u00e9tico sostenible de la regi\u00f3n. <\/span><span style=\"font-weight: 600;\">\u00a0\u00a0<\/span><\/p>\n<p>&nbsp;<\/p>\n<p><b>Acceso Universal a la Energ\u00eda<\/b><\/p>\n<p><span style=\"font-weight: 400;\">Garantizar el acceso a la energ\u00eda limpia, segura y asequible, priorizando el desarrollo energ\u00e9tico sostenible de zonas rurales, \u00e1reas vulnerables y comunidades hist\u00f3ricamente postergadas.<\/span><\/p>\n<p><span style=\"font-weight: 400;\">Promover la inclusi\u00f3n en el sector energ\u00e9tico fomentando la diversidad \u00e9tnica, social y de g\u00e9nero y la equidad en materia de empleo, salarios, acceso a la capacitaci\u00f3n y oportunidades para ejercer liderazgo.<\/span><\/p>\n<p>&nbsp;<\/p>\n<p><b>\u00a0Eficiencia Energ\u00e9tica<\/b><\/p>\n<p><span style=\"font-weight: 400;\">Fomentar el desarrollo de pol\u00edticas p\u00fablicas que promuevan el consumo energ\u00e9tico responsable y la adopci\u00f3n de tecnolog\u00edas m\u00e1s eficientes y limpias en los sectores residencial, industrial, comercial y transporte.<\/span><\/p>\n<p>&nbsp;<\/p>\n<p><b>Integraci\u00f3n Regional<\/b><\/p>\n<p><span style=\"font-weight: 400;\">Promover la coordinaci\u00f3n t\u00e9cnica y de pol\u00edticas para la interconexi\u00f3n basada principalmente en <\/span><span style=\"font-weight: 400;\">energ\u00edas renovables, la armonizaci\u00f3n de est\u00e1ndares y el intercambio de conocimiento entre los pa\u00edses de las Am\u00e9ricas.\u00a0\u00a0<\/span><\/p>\n<p>&nbsp;<\/p>\n<p><b>Resiliencia Energ\u00e9tica<\/b><\/p>\n<p><span style=\"font-weight: 400;\">Promover el desarrollo de sistemas energ\u00e9ticos con mayor capacidad de adaptaci\u00f3n y recuperaci\u00f3n frente a los impactos del cambio clim\u00e1tico, considerando particularmente las vulnerabilidades espec\u00edficas de los estados insulares y los pa\u00edses en desarrollo.<\/span><\/p>\n<p>&nbsp;<\/p>\n<p><b>Innovaci\u00f3n<\/b><\/p>\n<p><span style=\"font-weight: 400;\">Promover la investigaci\u00f3n e implementaci\u00f3n de nuevas tecnolog\u00edas y procesos, as\u00ed como soluciones basadas en la naturaleza, que aceleren la transici\u00f3n energ\u00e9tica y contribuyan a la adaptaci\u00f3n y mitigaci\u00f3n a los efectos del cambio clim\u00e1tico<\/span><\/p>\n<p>&nbsp;<\/p>\n<h4><\/h4>\n<p>&nbsp;<\/p>\n<h4>Origen<\/h4>\n<p>&nbsp;<\/p>\n<p><span style=\"font-weight: 400;\">En la Cumbre de las Am\u00e9ricas celebrada en abril de 2009 en Puerto Espa\u00f1a, Trinidad y<\/span><\/p>\n<p><span style=\"font-weight: 400;\">Tobago, los l\u00edderes del hemisferio occidental coincidieron en que la transici\u00f3n energ\u00e9tica es uno de los desaf\u00edos m\u00e1s relevantes que sus pa\u00edses deber\u00e1n enfrentar y reafirmaron su compromiso por trabajar conjuntamente con miras a un futuro energ\u00e9tico sostenible.\u00a0<\/span><\/p>\n<p><span style=\"font-weight: 400;\">En respuesta a esta problem\u00e1tica, los gobiernos de la regi\u00f3n, junto a representantes de la sociedad civil y el sector privado, impulsaron la creaci\u00f3n de la Alianza de Energ\u00eda y Clima de las Am\u00e9ricas como un mecanismo flexible para el desarrollo de estrategias compartidas que fomenten la adopci\u00f3n de fuentes de energ\u00eda renovable y promuevan la acci\u00f3n clim\u00e1tica.\u00a0<\/span><\/p>\n<h4><\/h4>\n<p>&nbsp;<\/p>\n<div id=\"uct\">\n<h4>Unidad de Coordinaci\u00f3n T\u00e9cnica<\/h4>\n<p>&nbsp;<\/p>\n<p><span style=\"font-weight: 400;\">En junio de 2009, en el marco del Simposio sobre Energ\u00eda y Clima en las Am\u00e9ricas, los gobiernos participantes establecieron los lineamientos fundamentales y la estructura inicial del programa, dando lugar a la creaci\u00f3n de una Unidad de Coordinaci\u00f3n T\u00e9cnica encargada de articular, promover y supervisar las acciones llevadas a cabo por ECPA.<\/span><\/p>\n<p><span style=\"font-weight: 400;\">Desde su creaci\u00f3n, la Unidad de Coordinaci\u00f3n T\u00e9cnica funciona dentro del Departamento de Desarrollo Sostenible de la Secretar\u00eda General de la Organizaci\u00f3n de los Estados Americanos (OEA) y se encarga de fomentar alianzas interinstitucionales, promover el di\u00e1logo entre pa\u00edses y sectores interesados, generar oportunidades para el intercambio de experiencias y liderar iniciativas de divulgaci\u00f3n.<\/span><\/p>\n<\/div>\n<p>&nbsp;<\/p>\n<h4>Comit\u00e9 Directivo<\/h4>\n<p>&nbsp;<\/p>\n<p><span style=\"font-weight: 400;\">En la Segunda Reuni\u00f3n Ministerial de la ECPA celebrada en M\u00e9rida, M\u00e9xico, en mayo de 2015, los pa\u00edses participantes destacaron la necesidad de darle un mayor impulso a la operatividad del programa. Para lograrlo, establecieron un Comit\u00e9 Directivo que gu\u00eda las acciones de la ECPA y se propone representar los intereses y particularidades de cada subregi\u00f3n de las Am\u00e9ricas.<\/span><\/p>\n<p><span style=\"font-weight: 400;\">A trav\u00e9s de este \u00f3rgano rector, los gobiernos asumen un papel de liderazgo mediante el cu\u00e1l proponen deliberaciones, impulsan acciones p\u00fablico-privadas e identifican recursos para instrumentar iniciativas.<\/span><\/p>\n<p><span style=\"font-weight: 400;\">El Comit\u00e9 Directivo est\u00e1 compuesto por 10 pa\u00edses y es presidido por la Rep\u00fablica Dominicana, pa\u00eds anfitri\u00f3n de la reuni\u00f3n ministerial de 2024:<\/span><\/p>\n<p>&nbsp;<\/p>\n<p><strong>Argentina, <\/strong><strong>Chile, <\/strong><strong>Colombia, <\/strong><strong>Costa Rica, <\/strong><strong>Estados Unidos, <\/strong><strong>Jamaica, <\/strong><strong>M\u00e9xico, <\/strong><strong>Panam\u00e1, <\/strong><strong>Rep\u00fablica Dominicana y <\/strong><strong>Trinidad y Tobago.<\/strong><\/p>\n<p>&nbsp;<\/p>\n<p>&nbsp;<\/p>\n<p>&nbsp;<\/p>\n","protected":false},"excerpt":{"rendered":"<p>Promovemos la cooperaci\u00f3n para\u00a0un futuro energ\u00e9tico sostenible en las Am\u00e9ricas &nbsp; La Alianza de Energ\u00eda y Clima de las Am\u00e9ricas es un programa del Departamento de Desarrollo Sostenible de la OEA que promueve el desarrollo energ\u00e9tico sostenible de la regi\u00f3n con vistas a un futuro sin emisiones netas.\u00a0 Brindamos apoyo a los pa\u00edses de las [&hellip;]<\/p>\n","protected":false},"author":1,"featured_media":0,"parent":0,"menu_order":0,"comment_status":"closed","ping_status":"closed","template":"","meta":{"_acf_changed":false,"inline_featured_image":false,"footnotes":""},"class_list":["post-37","page","type-page","status-publish","hentry"],"acf":[],"yoast_head":"<!-- This site is optimized with the Yoast SEO plugin v21.7 - https:\/\/yoast.com\/wordpress\/plugins\/seo\/ -->\n<title>Sobre ECPA - ECPA - Energy and Climate Partnership of the Americas<\/title>\n<meta name=\"robots\" content=\"index, follow, max-snippet:-1, max-image-preview:large, max-video-preview:-1\" \/>\n<link rel=\"canonical\" href=\"https:\/\/ecpamericas.org\/es\/acerca\/\" \/>\n<meta property=\"og:locale\" content=\"es_ES\" \/>\n<meta property=\"og:type\" content=\"article\" \/>\n<meta property=\"og:title\" content=\"Sobre ECPA - ECPA - Energy and Climate Partnership of the Americas\" \/>\n<meta property=\"og:description\" content=\"Promovemos la cooperaci\u00f3n para\u00a0un futuro energ\u00e9tico sostenible en las Am\u00e9ricas &nbsp; La Alianza de Energ\u00eda y Clima de las Am\u00e9ricas es un programa del Departamento de Desarrollo Sostenible de la OEA que promueve el desarrollo energ\u00e9tico sostenible de la regi\u00f3n con vistas a un futuro sin emisiones netas.\u00a0 Brindamos apoyo a los pa\u00edses de las [&hellip;]\" \/>\n<meta property=\"og:url\" content=\"https:\/\/ecpamericas.org\/es\/acerca\/\" \/>\n<meta property=\"og:site_name\" content=\"ECPA - Energy and Climate Partnership of the Americas\" \/>\n<meta property=\"article:modified_time\" content=\"2023-09-13T21:02:37+00:00\" \/>\n<meta property=\"og:image\" content=\"https:\/\/ecpamericas.org\/wp-content\/uploads\/2023\/09\/ECPA_Logo_VC_C2_ESP_07-e1694638357751.png\" \/>\n<meta name=\"twitter:card\" content=\"summary_large_image\" \/>\n<meta name=\"twitter:label1\" content=\"Tiempo de lectura\" \/>\n\t<meta name=\"twitter:data1\" content=\"4 minutos\" \/>\n<script type=\"application\/ld+json\" class=\"yoast-schema-graph\">{\"@context\":\"https:\/\/schema.org\",\"@graph\":[{\"@type\":\"WebPage\",\"@id\":\"https:\/\/ecpamericas.org\/es\/acerca\/\",\"url\":\"https:\/\/ecpamericas.org\/es\/acerca\/\",\"name\":\"Sobre ECPA - ECPA - Energy and Climate Partnership of the Americas\",\"isPartOf\":{\"@id\":\"https:\/\/ecpamericas.org\/es\/#website\"},\"datePublished\":\"2020-12-03T05:31:12+00:00\",\"dateModified\":\"2023-09-13T21:02:37+00:00\",\"breadcrumb\":{\"@id\":\"https:\/\/ecpamericas.org\/es\/acerca\/#breadcrumb\"},\"inLanguage\":\"es\",\"potentialAction\":[{\"@type\":\"ReadAction\",\"target\":[\"https:\/\/ecpamericas.org\/es\/acerca\/\"]}]},{\"@type\":\"BreadcrumbList\",\"@id\":\"https:\/\/ecpamericas.org\/es\/acerca\/#breadcrumb\",\"itemListElement\":[{\"@type\":\"ListItem\",\"position\":1,\"name\":\"Home\",\"item\":\"https:\/\/ecpamericas.org\/es\/\"},{\"@type\":\"ListItem\",\"position\":2,\"name\":\"Sobre ECPA\"}]},{\"@type\":\"WebSite\",\"@id\":\"https:\/\/ecpamericas.org\/es\/#website\",\"url\":\"https:\/\/ecpamericas.org\/es\/\",\"name\":\"ECPA - Energy and Climate Partnership of the Americas\",\"description\":\"Promoting cooperation for a sustainable energy future in the Americas\",\"potentialAction\":[{\"@type\":\"SearchAction\",\"target\":{\"@type\":\"EntryPoint\",\"urlTemplate\":\"https:\/\/ecpamericas.org\/es\/?s={search_term_string}\"},\"query-input\":\"required name=search_term_string\"}],\"inLanguage\":\"es\"}]}<\/script>\n<!-- \/ Yoast SEO plugin. -->","yoast_head_json":{"title":"Sobre ECPA - ECPA - Energy and Climate Partnership of the Americas","robots":{"index":"index","follow":"follow","max-snippet":"max-snippet:-1","max-image-preview":"max-image-preview:large","max-video-preview":"max-video-preview:-1"},"canonical":"https:\/\/ecpamericas.org\/es\/acerca\/","og_locale":"es_ES","og_type":"article","og_title":"Sobre ECPA - ECPA - Energy and Climate Partnership of the Americas","og_description":"Promovemos la cooperaci\u00f3n para\u00a0un futuro energ\u00e9tico sostenible en las Am\u00e9ricas &nbsp; La Alianza de Energ\u00eda y Clima de las Am\u00e9ricas es un programa del Departamento de Desarrollo Sostenible de la OEA que promueve el desarrollo energ\u00e9tico sostenible de la regi\u00f3n con vistas a un futuro sin emisiones netas.\u00a0 Brindamos apoyo a los pa\u00edses de las [&hellip;]","og_url":"https:\/\/ecpamericas.org\/es\/acerca\/","og_site_name":"ECPA - Energy and Climate Partnership of the Americas","article_modified_time":"2023-09-13T21:02:37+00:00","og_image":[{"url":"https:\/\/ecpamericas.org\/wp-content\/uploads\/2023\/09\/ECPA_Logo_VC_C2_ESP_07-e1694638357751.png"}],"twitter_card":"summary_large_image","twitter_misc":{"Tiempo de lectura":"4 minutos"},"schema":{"@context":"https:\/\/schema.org","@graph":[{"@type":"WebPage","@id":"https:\/\/ecpamericas.org\/es\/acerca\/","url":"https:\/\/ecpamericas.org\/es\/acerca\/","name":"Sobre ECPA - ECPA - Energy and Climate Partnership of the Americas","isPartOf":{"@id":"https:\/\/ecpamericas.org\/es\/#website"},"datePublished":"2020-12-03T05:31:12+00:00","dateModified":"2023-09-13T21:02:37+00:00","breadcrumb":{"@id":"https:\/\/ecpamericas.org\/es\/acerca\/#breadcrumb"},"inLanguage":"es","potentialAction":[{"@type":"ReadAction","target":["https:\/\/ecpamericas.org\/es\/acerca\/"]}]},{"@type":"BreadcrumbList","@id":"https:\/\/ecpamericas.org\/es\/acerca\/#breadcrumb","itemListElement":[{"@type":"ListItem","position":1,"name":"Home","item":"https:\/\/ecpamericas.org\/es\/"},{"@type":"ListItem","position":2,"name":"Sobre ECPA"}]},{"@type":"WebSite","@id":"https:\/\/ecpamericas.org\/es\/#website","url":"https:\/\/ecpamericas.org\/es\/","name":"ECPA - Energy and Climate Partnership of the Americas","description":"Promoting cooperation for a sustainable energy future in the Americas","potentialAction":[{"@type":"SearchAction","target":{"@type":"EntryPoint","urlTemplate":"https:\/\/ecpamericas.org\/es\/?s={search_term_string}"},"query-input":"required name=search_term_string"}],"inLanguage":"es"}]}},"_links":{"self":[{"href":"https:\/\/ecpamericas.org\/es\/wp-json\/wp\/v2\/pages\/37","targetHints":{"allow":["GET"]}}],"collection":[{"href":"https:\/\/ecpamericas.org\/es\/wp-json\/wp\/v2\/pages"}],"about":[{"href":"https:\/\/ecpamericas.org\/es\/wp-json\/wp\/v2\/types\/page"}],"author":[{"embeddable":true,"href":"https:\/\/ecpamericas.org\/es\/wp-json\/wp\/v2\/users\/1"}],"replies":[{"embeddable":true,"href":"https:\/\/ecpamericas.org\/es\/wp-json\/wp\/v2\/comments?post=37"}],"version-history":[{"count":31,"href":"https:\/\/ecpamericas.org\/es\/wp-json\/wp\/v2\/pages\/37\/revisions"}],"predecessor-version":[{"id":7275,"href":"https:\/\/ecpamericas.org\/es\/wp-json\/wp\/v2\/pages\/37\/revisions\/7275"}],"wp:attachment":[{"href":"https:\/\/ecpamericas.org\/es\/wp-json\/wp\/v2\/media?parent=37"}],"curies":[{"name":"wp","href":"https:\/\/api.w.org\/{rel}","templated":true}]}}