{"id":1981,"date":"2020-12-31T01:13:47","date_gmt":"2020-12-31T06:13:47","guid":{"rendered":"https:\/\/ecpamericas.org\/?page_id=1981"},"modified":"2021-01-28T17:32:00","modified_gmt":"2021-01-28T22:32:00","slug":"energia-renovable","status":"publish","type":"page","link":"https:\/\/ecpamericas.org\/es\/areas-tematicas\/energia-renovable\/","title":{"rendered":"Energ\u00eda renovable"},"content":{"rendered":"<div class=\"page\" title=\"Page 16\">\n<div class=\"section\">\n<div class=\"layoutArea\">\n<div class=\"column\">Algunos pa\u00edses latinoamericanos tienen altos porcentajes de energ\u00edas renovables en su matriz energ\u00e9tica, debido en parte, a sus vastos recursos hidroel\u00e9ctricos. Mientras tanto, a medida que la regi\u00f3n aprovecha sus bienes naturales, las inversiones en energ\u00eda solar y e\u00f3lica est\u00e1n aumentando en toda Am\u00e9rica Latina y el Caribe. La energ\u00eda e\u00f3lica represent\u00f3 el 8% de la electricidad generada por Brasil en 2018, frente al 0,4% en 2010. La capacidad e\u00f3lica y solar de Argentina tambi\u00e9n ha aumentado vertiginosamente. Las plantas geot\u00e9rmicas ya est\u00e1n produciendo energ\u00eda renovable y fiable en varios pa\u00edses, especialmente en M\u00e9xico, Costa Rica, El Salvador y Nicaragua, con iniciativas de exploraci\u00f3n o desarrollo en marcha desde Per\u00fa y Ecuador hasta Dominica y San Vicente y las Granadinas.<\/div>\n<\/div>\n<\/div>\n<\/div>\n<p>&nbsp;<\/p>\n<h4>Noticias relacionadas:<\/h4>\n<blockquote class=\"wp-embedded-content\" data-secret=\"LYuCu7lSw3\"><p><a href=\"https:\/\/ecpamericas.org\/es\/newsletters\/ideas-brillantes-para-un-alumbrado-mas-eficiente\/\">Ideas brillantes para un alumbrado m\u00e1s eficiente<\/a><\/p><\/blockquote>\n<p><iframe class=\"wp-embedded-content\" sandbox=\"allow-scripts\" security=\"restricted\" style=\"position: absolute; visibility: hidden;\" title=\"\u00abIdeas brillantes para un alumbrado m\u00e1s eficiente\u00bb \u2014 ECPA - Energy and Climate Partnership of the Americas\" src=\"https:\/\/ecpamericas.org\/es\/newsletters\/ideas-brillantes-para-un-alumbrado-mas-eficiente\/embed\/#?secret=0PGTJLzbSi#?secret=LYuCu7lSw3\" data-secret=\"LYuCu7lSw3\" width=\"500\" height=\"282\" frameborder=\"0\" marginwidth=\"0\" marginheight=\"0\" scrolling=\"no\"><\/iframe><\/p>\n<blockquote class=\"wp-embedded-content\" data-secret=\"ngEBeIMWN5\"><p><a href=\"https:\/\/ecpamericas.org\/es\/newsletters\/chile-opta-por-el-hidrogeno-verde\/\">Chile opta por el hidr\u00f3geno verde<\/a><\/p><\/blockquote>\n<p><iframe class=\"wp-embedded-content\" sandbox=\"allow-scripts\" security=\"restricted\" style=\"position: absolute; visibility: hidden;\" title=\"\u00abChile opta por el hidr\u00f3geno verde\u00bb \u2014 ECPA - Energy and Climate Partnership of the Americas\" src=\"https:\/\/ecpamericas.org\/es\/newsletters\/chile-opta-por-el-hidrogeno-verde\/embed\/#?secret=IjS19MLVcR#?secret=ngEBeIMWN5\" data-secret=\"ngEBeIMWN5\" width=\"500\" height=\"282\" frameborder=\"0\" marginwidth=\"0\" marginheight=\"0\" scrolling=\"no\"><\/iframe><\/p>\n<blockquote class=\"wp-embedded-content\" data-secret=\"478PyvcSR3\"><p><a href=\"https:\/\/ecpamericas.org\/es\/newsletters\/la-energia-renovable-como-motor-de-crecimiento-del-empleo\/\">La energ\u00eda renovable como motor de crecimiento del empleo<\/a><\/p><\/blockquote>\n<p><iframe class=\"wp-embedded-content\" sandbox=\"allow-scripts\" security=\"restricted\" style=\"position: absolute; visibility: hidden;\" title=\"\u00abLa energ\u00eda renovable como motor de crecimiento del empleo\u00bb \u2014 ECPA - Energy and Climate Partnership of the Americas\" src=\"https:\/\/ecpamericas.org\/es\/newsletters\/la-energia-renovable-como-motor-de-crecimiento-del-empleo\/embed\/#?secret=02xmGzZZqE#?secret=478PyvcSR3\" data-secret=\"478PyvcSR3\" width=\"500\" height=\"282\" frameborder=\"0\" marginwidth=\"0\" marginheight=\"0\" scrolling=\"no\"><\/iframe><\/p>\n<div class=\"page\" title=\"Page 16\"><\/div>\n","protected":false},"excerpt":{"rendered":"<p>Algunos pa\u00edses latinoamericanos tienen altos porcentajes de energ\u00edas renovables en su matriz energ\u00e9tica, debido en parte, a sus vastos recursos hidroel\u00e9ctricos. Mientras tanto, a medida que la regi\u00f3n aprovecha sus bienes naturales, las inversiones en energ\u00eda solar y e\u00f3lica est\u00e1n aumentando en toda Am\u00e9rica Latina y el Caribe. La energ\u00eda e\u00f3lica represent\u00f3 el 8% de [&hellip;]<\/p>\n","protected":false},"author":1,"featured_media":0,"parent":63,"menu_order":0,"comment_status":"closed","ping_status":"closed","template":"templates\/thematic-areas.php","meta":{"_acf_changed":false,"inline_featured_image":false,"footnotes":""},"class_list":["post-1981","page","type-page","status-publish","hentry"],"acf":[],"yoast_head":"<!-- This site is optimized with the Yoast SEO plugin v21.7 - https:\/\/yoast.com\/wordpress\/plugins\/seo\/ -->\n<title>Energ\u00eda renovable - ECPA - Energy and Climate Partnership of the Americas<\/title>\n<meta name=\"robots\" content=\"index, follow, max-snippet:-1, max-image-preview:large, max-video-preview:-1\" \/>\n<link rel=\"canonical\" href=\"https:\/\/ecpamericas.org\/es\/areas-tematicas\/energia-renovable\/\" \/>\n<meta property=\"og:locale\" content=\"es_ES\" \/>\n<meta property=\"og:type\" content=\"article\" \/>\n<meta property=\"og:title\" content=\"Energ\u00eda renovable - ECPA - Energy and Climate Partnership of the Americas\" \/>\n<meta property=\"og:description\" content=\"Algunos pa\u00edses latinoamericanos tienen altos porcentajes de energ\u00edas renovables en su matriz energ\u00e9tica, debido en parte, a sus vastos recursos hidroel\u00e9ctricos. Mientras tanto, a medida que la regi\u00f3n aprovecha sus bienes naturales, las inversiones en energ\u00eda solar y e\u00f3lica est\u00e1n aumentando en toda Am\u00e9rica Latina y el Caribe. La energ\u00eda e\u00f3lica represent\u00f3 el 8% de [&hellip;]\" \/>\n<meta property=\"og:url\" content=\"https:\/\/ecpamericas.org\/es\/areas-tematicas\/energia-renovable\/\" \/>\n<meta property=\"og:site_name\" content=\"ECPA - Energy and Climate Partnership of the Americas\" \/>\n<meta property=\"article:modified_time\" content=\"2021-01-28T22:32:00+00:00\" \/>\n<meta name=\"twitter:card\" content=\"summary_large_image\" \/>\n<meta name=\"twitter:label1\" content=\"Tiempo de lectura\" \/>\n\t<meta name=\"twitter:data1\" content=\"1 minuto\" \/>\n<script type=\"application\/ld+json\" class=\"yoast-schema-graph\">{\"@context\":\"https:\/\/schema.org\",\"@graph\":[{\"@type\":\"WebPage\",\"@id\":\"https:\/\/ecpamericas.org\/es\/areas-tematicas\/energia-renovable\/\",\"url\":\"https:\/\/ecpamericas.org\/es\/areas-tematicas\/energia-renovable\/\",\"name\":\"Energ\u00eda renovable - ECPA - Energy and Climate Partnership of the Americas\",\"isPartOf\":{\"@id\":\"https:\/\/ecpamericas.org\/es\/#website\"},\"datePublished\":\"2020-12-31T06:13:47+00:00\",\"dateModified\":\"2021-01-28T22:32:00+00:00\",\"breadcrumb\":{\"@id\":\"https:\/\/ecpamericas.org\/es\/areas-tematicas\/energia-renovable\/#breadcrumb\"},\"inLanguage\":\"es\",\"potentialAction\":[{\"@type\":\"ReadAction\",\"target\":[\"https:\/\/ecpamericas.org\/es\/areas-tematicas\/energia-renovable\/\"]}]},{\"@type\":\"BreadcrumbList\",\"@id\":\"https:\/\/ecpamericas.org\/es\/areas-tematicas\/energia-renovable\/#breadcrumb\",\"itemListElement\":[{\"@type\":\"ListItem\",\"position\":1,\"name\":\"Home\",\"item\":\"https:\/\/ecpamericas.org\/es\/\"},{\"@type\":\"ListItem\",\"position\":2,\"name\":\"\u00c1reas Tem\u00e1ticas\",\"item\":\"https:\/\/ecpamericas.org\/es\/areas-tematicas\/\"},{\"@type\":\"ListItem\",\"position\":3,\"name\":\"Energ\u00eda renovable\"}]},{\"@type\":\"WebSite\",\"@id\":\"https:\/\/ecpamericas.org\/es\/#website\",\"url\":\"https:\/\/ecpamericas.org\/es\/\",\"name\":\"ECPA - Energy and Climate Partnership of the Americas\",\"description\":\"Promoting cooperation for a sustainable energy future in the Americas\",\"potentialAction\":[{\"@type\":\"SearchAction\",\"target\":{\"@type\":\"EntryPoint\",\"urlTemplate\":\"https:\/\/ecpamericas.org\/es\/?s={search_term_string}\"},\"query-input\":\"required name=search_term_string\"}],\"inLanguage\":\"es\"}]}<\/script>\n<!-- \/ Yoast SEO plugin. -->","yoast_head_json":{"title":"Energ\u00eda renovable - ECPA - Energy and Climate Partnership of the Americas","robots":{"index":"index","follow":"follow","max-snippet":"max-snippet:-1","max-image-preview":"max-image-preview:large","max-video-preview":"max-video-preview:-1"},"canonical":"https:\/\/ecpamericas.org\/es\/areas-tematicas\/energia-renovable\/","og_locale":"es_ES","og_type":"article","og_title":"Energ\u00eda renovable - ECPA - Energy and Climate Partnership of the Americas","og_description":"Algunos pa\u00edses latinoamericanos tienen altos porcentajes de energ\u00edas renovables en su matriz energ\u00e9tica, debido en parte, a sus vastos recursos hidroel\u00e9ctricos. Mientras tanto, a medida que la regi\u00f3n aprovecha sus bienes naturales, las inversiones en energ\u00eda solar y e\u00f3lica est\u00e1n aumentando en toda Am\u00e9rica Latina y el Caribe. La energ\u00eda e\u00f3lica represent\u00f3 el 8% de [&hellip;]","og_url":"https:\/\/ecpamericas.org\/es\/areas-tematicas\/energia-renovable\/","og_site_name":"ECPA - Energy and Climate Partnership of the Americas","article_modified_time":"2021-01-28T22:32:00+00:00","twitter_card":"summary_large_image","twitter_misc":{"Tiempo de lectura":"1 minuto"},"schema":{"@context":"https:\/\/schema.org","@graph":[{"@type":"WebPage","@id":"https:\/\/ecpamericas.org\/es\/areas-tematicas\/energia-renovable\/","url":"https:\/\/ecpamericas.org\/es\/areas-tematicas\/energia-renovable\/","name":"Energ\u00eda renovable - ECPA - Energy and Climate Partnership of the Americas","isPartOf":{"@id":"https:\/\/ecpamericas.org\/es\/#website"},"datePublished":"2020-12-31T06:13:47+00:00","dateModified":"2021-01-28T22:32:00+00:00","breadcrumb":{"@id":"https:\/\/ecpamericas.org\/es\/areas-tematicas\/energia-renovable\/#breadcrumb"},"inLanguage":"es","potentialAction":[{"@type":"ReadAction","target":["https:\/\/ecpamericas.org\/es\/areas-tematicas\/energia-renovable\/"]}]},{"@type":"BreadcrumbList","@id":"https:\/\/ecpamericas.org\/es\/areas-tematicas\/energia-renovable\/#breadcrumb","itemListElement":[{"@type":"ListItem","position":1,"name":"Home","item":"https:\/\/ecpamericas.org\/es\/"},{"@type":"ListItem","position":2,"name":"\u00c1reas Tem\u00e1ticas","item":"https:\/\/ecpamericas.org\/es\/areas-tematicas\/"},{"@type":"ListItem","position":3,"name":"Energ\u00eda renovable"}]},{"@type":"WebSite","@id":"https:\/\/ecpamericas.org\/es\/#website","url":"https:\/\/ecpamericas.org\/es\/","name":"ECPA - Energy and Climate Partnership of the Americas","description":"Promoting cooperation for a sustainable energy future in the Americas","potentialAction":[{"@type":"SearchAction","target":{"@type":"EntryPoint","urlTemplate":"https:\/\/ecpamericas.org\/es\/?s={search_term_string}"},"query-input":"required name=search_term_string"}],"inLanguage":"es"}]}},"_links":{"self":[{"href":"https:\/\/ecpamericas.org\/es\/wp-json\/wp\/v2\/pages\/1981","targetHints":{"allow":["GET"]}}],"collection":[{"href":"https:\/\/ecpamericas.org\/es\/wp-json\/wp\/v2\/pages"}],"about":[{"href":"https:\/\/ecpamericas.org\/es\/wp-json\/wp\/v2\/types\/page"}],"author":[{"embeddable":true,"href":"https:\/\/ecpamericas.org\/es\/wp-json\/wp\/v2\/users\/1"}],"replies":[{"embeddable":true,"href":"https:\/\/ecpamericas.org\/es\/wp-json\/wp\/v2\/comments?post=1981"}],"version-history":[{"count":11,"href":"https:\/\/ecpamericas.org\/es\/wp-json\/wp\/v2\/pages\/1981\/revisions"}],"predecessor-version":[{"id":5093,"href":"https:\/\/ecpamericas.org\/es\/wp-json\/wp\/v2\/pages\/1981\/revisions\/5093"}],"up":[{"embeddable":true,"href":"https:\/\/ecpamericas.org\/es\/wp-json\/wp\/v2\/pages\/63"}],"wp:attachment":[{"href":"https:\/\/ecpamericas.org\/es\/wp-json\/wp\/v2\/media?parent=1981"}],"curies":[{"name":"wp","href":"https:\/\/api.w.org\/{rel}","templated":true}]}}