{"id":1980,"date":"2020-12-31T01:13:36","date_gmt":"2020-12-31T06:13:36","guid":{"rendered":"https:\/\/ecpamericas.org\/?page_id=1980"},"modified":"2021-01-28T11:28:55","modified_gmt":"2021-01-28T16:28:55","slug":"integracion","status":"publish","type":"page","link":"https:\/\/ecpamericas.org\/es\/areas-tematicas\/integracion\/","title":{"rendered":"Integraci\u00f3n"},"content":{"rendered":"<div class=\"page\" title=\"Page 19\">\n<div class=\"layoutArea\">\n<div class=\"column\">La capacidad de comprar, vender y distribuir energ\u00eda a trav\u00e9s de las fronteras, ya sea por medio de env\u00edos de gas natural o l\u00edneas de transmisi\u00f3n el\u00e9ctrica, puede hacer que los sistemas de energ\u00eda sean m\u00e1s seguros, resistentes y eficaces en funci\u00f3n del costo. Laintegraci\u00f3n de las redes el\u00e9ctricas, tanto en infraestructura como en los marcos normativos, permite que la electricidad se mueva entre pa\u00edses de manera eficiente para satisfacer las fluctuaciones de la oferta y la demanda. Seg\u00fan un estudio de 2017 del Banco Interamericano de Desarrollo (BID), una mayor interconexi\u00f3n entre los pa\u00edses de la regi\u00f3n podr\u00eda ampliar el alcance de las fuentes de energ\u00eda renovables y complementar el suministro de energ\u00eda en pa\u00edses con diferentes climas, condiciones estacionales o zonas horarias.<\/div>\n<div><\/div>\n<\/div>\n<\/div>\n<div><\/div>\n<h4>Noticias relacionadas:<\/h4>\n<blockquote class=\"wp-embedded-content\" data-secret=\"Y6g4p8ZnMb\"><p><a href=\"https:\/\/ecpamericas.org\/es\/newsletters\/el-ecuador-aumenta-sus-exportaciones-de-energia-electrica\/\">El Ecuador aumenta sus exportaciones de energ\u00eda el\u00e9ctrica<\/a><\/p><\/blockquote>\n<p><iframe class=\"wp-embedded-content\" sandbox=\"allow-scripts\" security=\"restricted\" style=\"position: absolute; visibility: hidden;\" title=\"\u00abEl Ecuador aumenta sus exportaciones de energ\u00eda el\u00e9ctrica\u00bb \u2014 ECPA - Energy and Climate Partnership of the Americas\" src=\"https:\/\/ecpamericas.org\/es\/newsletters\/el-ecuador-aumenta-sus-exportaciones-de-energia-electrica\/embed\/#?secret=bzBmjCiAHv#?secret=Y6g4p8ZnMb\" data-secret=\"Y6g4p8ZnMb\" width=\"500\" height=\"282\" frameborder=\"0\" marginwidth=\"0\" marginheight=\"0\" scrolling=\"no\"><\/iframe><\/p>\n<blockquote class=\"wp-embedded-content\" data-secret=\"lyBjzg8clg\"><p><a href=\"https:\/\/ecpamericas.org\/es\/newsletters\/el-poder-de-la-interconexion\/\">El poder de la interconectividad<\/a><\/p><\/blockquote>\n<p><iframe class=\"wp-embedded-content\" sandbox=\"allow-scripts\" security=\"restricted\" style=\"position: absolute; visibility: hidden;\" title=\"\u00abEl poder de la interconectividad\u00bb \u2014 ECPA - Energy and Climate Partnership of the Americas\" src=\"https:\/\/ecpamericas.org\/es\/newsletters\/el-poder-de-la-interconexion\/embed\/#?secret=sVjLNR56pz#?secret=lyBjzg8clg\" data-secret=\"lyBjzg8clg\" width=\"500\" height=\"282\" frameborder=\"0\" marginwidth=\"0\" marginheight=\"0\" scrolling=\"no\"><\/iframe><\/p>\n<div><\/div>\n","protected":false},"excerpt":{"rendered":"<p>La capacidad de comprar, vender y distribuir energ\u00eda a trav\u00e9s de las fronteras, ya sea por medio de env\u00edos de gas natural o l\u00edneas de transmisi\u00f3n el\u00e9ctrica, puede hacer que los sistemas de energ\u00eda sean m\u00e1s seguros, resistentes y eficaces en funci\u00f3n del costo. Laintegraci\u00f3n de las redes el\u00e9ctricas, tanto en infraestructura como en los [&hellip;]<\/p>\n","protected":false},"author":1,"featured_media":0,"parent":63,"menu_order":0,"comment_status":"closed","ping_status":"closed","template":"templates\/thematic-areas.php","meta":{"_acf_changed":false,"inline_featured_image":false,"footnotes":""},"class_list":["post-1980","page","type-page","status-publish","hentry"],"acf":[],"yoast_head":"<!-- This site is optimized with the Yoast SEO plugin v21.7 - https:\/\/yoast.com\/wordpress\/plugins\/seo\/ -->\n<title>Integraci\u00f3n - ECPA - Energy and Climate Partnership of the Americas<\/title>\n<meta name=\"robots\" content=\"index, follow, max-snippet:-1, max-image-preview:large, max-video-preview:-1\" \/>\n<link rel=\"canonical\" href=\"https:\/\/ecpamericas.org\/es\/areas-tematicas\/integracion\/\" \/>\n<meta property=\"og:locale\" content=\"es_ES\" \/>\n<meta property=\"og:type\" content=\"article\" \/>\n<meta property=\"og:title\" content=\"Integraci\u00f3n - ECPA - Energy and Climate Partnership of the Americas\" \/>\n<meta property=\"og:description\" content=\"La capacidad de comprar, vender y distribuir energ\u00eda a trav\u00e9s de las fronteras, ya sea por medio de env\u00edos de gas natural o l\u00edneas de transmisi\u00f3n el\u00e9ctrica, puede hacer que los sistemas de energ\u00eda sean m\u00e1s seguros, resistentes y eficaces en funci\u00f3n del costo. Laintegraci\u00f3n de las redes el\u00e9ctricas, tanto en infraestructura como en los [&hellip;]\" \/>\n<meta property=\"og:url\" content=\"https:\/\/ecpamericas.org\/es\/areas-tematicas\/integracion\/\" \/>\n<meta property=\"og:site_name\" content=\"ECPA - Energy and Climate Partnership of the Americas\" \/>\n<meta property=\"article:modified_time\" content=\"2021-01-28T16:28:55+00:00\" \/>\n<meta name=\"twitter:card\" content=\"summary_large_image\" \/>\n<meta name=\"twitter:label1\" content=\"Tiempo de lectura\" \/>\n\t<meta name=\"twitter:data1\" content=\"1 minuto\" \/>\n<script type=\"application\/ld+json\" class=\"yoast-schema-graph\">{\"@context\":\"https:\/\/schema.org\",\"@graph\":[{\"@type\":\"WebPage\",\"@id\":\"https:\/\/ecpamericas.org\/es\/areas-tematicas\/integracion\/\",\"url\":\"https:\/\/ecpamericas.org\/es\/areas-tematicas\/integracion\/\",\"name\":\"Integraci\u00f3n - ECPA - Energy and Climate Partnership of the Americas\",\"isPartOf\":{\"@id\":\"https:\/\/ecpamericas.org\/es\/#website\"},\"datePublished\":\"2020-12-31T06:13:36+00:00\",\"dateModified\":\"2021-01-28T16:28:55+00:00\",\"breadcrumb\":{\"@id\":\"https:\/\/ecpamericas.org\/es\/areas-tematicas\/integracion\/#breadcrumb\"},\"inLanguage\":\"es\",\"potentialAction\":[{\"@type\":\"ReadAction\",\"target\":[\"https:\/\/ecpamericas.org\/es\/areas-tematicas\/integracion\/\"]}]},{\"@type\":\"BreadcrumbList\",\"@id\":\"https:\/\/ecpamericas.org\/es\/areas-tematicas\/integracion\/#breadcrumb\",\"itemListElement\":[{\"@type\":\"ListItem\",\"position\":1,\"name\":\"Home\",\"item\":\"https:\/\/ecpamericas.org\/es\/\"},{\"@type\":\"ListItem\",\"position\":2,\"name\":\"\u00c1reas Tem\u00e1ticas\",\"item\":\"https:\/\/ecpamericas.org\/es\/areas-tematicas\/\"},{\"@type\":\"ListItem\",\"position\":3,\"name\":\"Integraci\u00f3n\"}]},{\"@type\":\"WebSite\",\"@id\":\"https:\/\/ecpamericas.org\/es\/#website\",\"url\":\"https:\/\/ecpamericas.org\/es\/\",\"name\":\"ECPA - Energy and Climate Partnership of the Americas\",\"description\":\"Promoting cooperation for a sustainable energy future in the Americas\",\"potentialAction\":[{\"@type\":\"SearchAction\",\"target\":{\"@type\":\"EntryPoint\",\"urlTemplate\":\"https:\/\/ecpamericas.org\/es\/?s={search_term_string}\"},\"query-input\":\"required name=search_term_string\"}],\"inLanguage\":\"es\"}]}<\/script>\n<!-- \/ Yoast SEO plugin. -->","yoast_head_json":{"title":"Integraci\u00f3n - ECPA - Energy and Climate Partnership of the Americas","robots":{"index":"index","follow":"follow","max-snippet":"max-snippet:-1","max-image-preview":"max-image-preview:large","max-video-preview":"max-video-preview:-1"},"canonical":"https:\/\/ecpamericas.org\/es\/areas-tematicas\/integracion\/","og_locale":"es_ES","og_type":"article","og_title":"Integraci\u00f3n - ECPA - Energy and Climate Partnership of the Americas","og_description":"La capacidad de comprar, vender y distribuir energ\u00eda a trav\u00e9s de las fronteras, ya sea por medio de env\u00edos de gas natural o l\u00edneas de transmisi\u00f3n el\u00e9ctrica, puede hacer que los sistemas de energ\u00eda sean m\u00e1s seguros, resistentes y eficaces en funci\u00f3n del costo. Laintegraci\u00f3n de las redes el\u00e9ctricas, tanto en infraestructura como en los [&hellip;]","og_url":"https:\/\/ecpamericas.org\/es\/areas-tematicas\/integracion\/","og_site_name":"ECPA - Energy and Climate Partnership of the Americas","article_modified_time":"2021-01-28T16:28:55+00:00","twitter_card":"summary_large_image","twitter_misc":{"Tiempo de lectura":"1 minuto"},"schema":{"@context":"https:\/\/schema.org","@graph":[{"@type":"WebPage","@id":"https:\/\/ecpamericas.org\/es\/areas-tematicas\/integracion\/","url":"https:\/\/ecpamericas.org\/es\/areas-tematicas\/integracion\/","name":"Integraci\u00f3n - ECPA - Energy and Climate Partnership of the Americas","isPartOf":{"@id":"https:\/\/ecpamericas.org\/es\/#website"},"datePublished":"2020-12-31T06:13:36+00:00","dateModified":"2021-01-28T16:28:55+00:00","breadcrumb":{"@id":"https:\/\/ecpamericas.org\/es\/areas-tematicas\/integracion\/#breadcrumb"},"inLanguage":"es","potentialAction":[{"@type":"ReadAction","target":["https:\/\/ecpamericas.org\/es\/areas-tematicas\/integracion\/"]}]},{"@type":"BreadcrumbList","@id":"https:\/\/ecpamericas.org\/es\/areas-tematicas\/integracion\/#breadcrumb","itemListElement":[{"@type":"ListItem","position":1,"name":"Home","item":"https:\/\/ecpamericas.org\/es\/"},{"@type":"ListItem","position":2,"name":"\u00c1reas Tem\u00e1ticas","item":"https:\/\/ecpamericas.org\/es\/areas-tematicas\/"},{"@type":"ListItem","position":3,"name":"Integraci\u00f3n"}]},{"@type":"WebSite","@id":"https:\/\/ecpamericas.org\/es\/#website","url":"https:\/\/ecpamericas.org\/es\/","name":"ECPA - Energy and Climate Partnership of the Americas","description":"Promoting cooperation for a sustainable energy future in the Americas","potentialAction":[{"@type":"SearchAction","target":{"@type":"EntryPoint","urlTemplate":"https:\/\/ecpamericas.org\/es\/?s={search_term_string}"},"query-input":"required name=search_term_string"}],"inLanguage":"es"}]}},"_links":{"self":[{"href":"https:\/\/ecpamericas.org\/es\/wp-json\/wp\/v2\/pages\/1980","targetHints":{"allow":["GET"]}}],"collection":[{"href":"https:\/\/ecpamericas.org\/es\/wp-json\/wp\/v2\/pages"}],"about":[{"href":"https:\/\/ecpamericas.org\/es\/wp-json\/wp\/v2\/types\/page"}],"author":[{"embeddable":true,"href":"https:\/\/ecpamericas.org\/es\/wp-json\/wp\/v2\/users\/1"}],"replies":[{"embeddable":true,"href":"https:\/\/ecpamericas.org\/es\/wp-json\/wp\/v2\/comments?post=1980"}],"version-history":[{"count":11,"href":"https:\/\/ecpamericas.org\/es\/wp-json\/wp\/v2\/pages\/1980\/revisions"}],"predecessor-version":[{"id":5050,"href":"https:\/\/ecpamericas.org\/es\/wp-json\/wp\/v2\/pages\/1980\/revisions\/5050"}],"up":[{"embeddable":true,"href":"https:\/\/ecpamericas.org\/es\/wp-json\/wp\/v2\/pages\/63"}],"wp:attachment":[{"href":"https:\/\/ecpamericas.org\/es\/wp-json\/wp\/v2\/media?parent=1980"}],"curies":[{"name":"wp","href":"https:\/\/api.w.org\/{rel}","templated":true}]}}