{"id":1979,"date":"2020-12-31T01:13:25","date_gmt":"2020-12-31T06:13:25","guid":{"rendered":"https:\/\/ecpamericas.org\/?page_id=1979"},"modified":"2021-01-28T17:29:21","modified_gmt":"2021-01-28T22:29:21","slug":"eficiencia-energetica","status":"publish","type":"page","link":"https:\/\/ecpamericas.org\/es\/areas-tematicas\/eficiencia-energetica\/","title":{"rendered":"Eficiencia energ\u00e9tica"},"content":{"rendered":"<div class=\"page\" title=\"Page 15\">\n<div class=\"layoutArea\">\n<p class=\"column\">\u00bfQu\u00e9 energ\u00eda podr\u00eda ser menos contaminante y m\u00e1s eficaz en funci\u00f3n del costo que la energ\u00eda que nunca se llega a usar? La eficiencia energ\u00e9tica se considera, a menudo, un recurso en s\u00ed mismo: un \u201ccombustible oculto\u201d que tiene el potencial de reducir costos, aumentar el acceso a la energ\u00eda, reducir la contaminaci\u00f3n del aire\u00a0y mejorar la seguridad energ\u00e9tica, entre otros beneficios. Adem\u00e1s, como se\u00f1al\u00f3 la Agencia Internacional de la Energ\u00eda (AIE),\u00a0la eficiencia energ\u00e9tica \u201ces el \u00fanico recurso energ\u00e9tico que todos los pa\u00edses poseen en abundancia.\u201d M\u00e9xico es un pa\u00eds de la regi\u00f3n con amplia experiencia en este sector.\u00a0En efecto, su programa para mejorar la eficiencia energ\u00e9tica en edificios p\u00fablicos se remonta a la d\u00e9cada de los noventa.<\/p>\n<\/div>\n<div><\/div>\n<\/div>\n<h4>Noticias relacionadas:<\/h4>\n<blockquote class=\"wp-embedded-content\" data-secret=\"qZ3FQgBSVC\"><p><a href=\"https:\/\/ecpamericas.org\/es\/newsletters\/ideas-brillantes-para-un-alumbrado-mas-eficiente\/\">Ideas brillantes para un alumbrado m\u00e1s eficiente<\/a><\/p><\/blockquote>\n<p><iframe class=\"wp-embedded-content\" sandbox=\"allow-scripts\" security=\"restricted\" style=\"position: absolute; visibility: hidden;\" title=\"\u00abIdeas brillantes para un alumbrado m\u00e1s eficiente\u00bb \u2014 ECPA - Energy and Climate Partnership of the Americas\" src=\"https:\/\/ecpamericas.org\/es\/newsletters\/ideas-brillantes-para-un-alumbrado-mas-eficiente\/embed\/#?secret=dcap2KZdeQ#?secret=qZ3FQgBSVC\" data-secret=\"qZ3FQgBSVC\" width=\"500\" height=\"282\" frameborder=\"0\" marginwidth=\"0\" marginheight=\"0\" scrolling=\"no\"><\/iframe><\/p>\n<blockquote class=\"wp-embedded-content\" data-secret=\"FBsypQ66EV\"><p><a href=\"https:\/\/ecpamericas.org\/es\/newsletters\/desempeno-energetico-en-edificios-publicos\/\">Desempe\u00f1o energ\u00e9tico en edificios p\u00fablicos<\/a><\/p><\/blockquote>\n<p><iframe class=\"wp-embedded-content\" sandbox=\"allow-scripts\" security=\"restricted\" style=\"position: absolute; visibility: hidden;\" title=\"\u00abDesempe\u00f1o energ\u00e9tico en edificios p\u00fablicos\u00bb \u2014 ECPA - Energy and Climate Partnership of the Americas\" src=\"https:\/\/ecpamericas.org\/es\/newsletters\/desempeno-energetico-en-edificios-publicos\/embed\/#?secret=rngfcPlbH1#?secret=FBsypQ66EV\" data-secret=\"FBsypQ66EV\" width=\"500\" height=\"282\" frameborder=\"0\" marginwidth=\"0\" marginheight=\"0\" scrolling=\"no\"><\/iframe><\/p>\n<div><\/div>\n","protected":false},"excerpt":{"rendered":"<p>\u00bfQu\u00e9 energ\u00eda podr\u00eda ser menos contaminante y m\u00e1s eficaz en funci\u00f3n del costo que la energ\u00eda que nunca se llega a usar? La eficiencia energ\u00e9tica se considera, a menudo, un recurso en s\u00ed mismo: un \u201ccombustible oculto\u201d que tiene el potencial de reducir costos, aumentar el acceso a la energ\u00eda, reducir la contaminaci\u00f3n del aire\u00a0y [&hellip;]<\/p>\n","protected":false},"author":1,"featured_media":0,"parent":63,"menu_order":0,"comment_status":"closed","ping_status":"closed","template":"templates\/thematic-areas.php","meta":{"_acf_changed":false,"inline_featured_image":false,"footnotes":""},"class_list":["post-1979","page","type-page","status-publish","hentry"],"acf":[],"yoast_head":"<!-- This site is optimized with the Yoast SEO plugin v21.7 - https:\/\/yoast.com\/wordpress\/plugins\/seo\/ -->\n<title>Eficiencia energ\u00e9tica - ECPA - Energy and Climate Partnership of the Americas<\/title>\n<meta name=\"robots\" content=\"index, follow, max-snippet:-1, max-image-preview:large, max-video-preview:-1\" \/>\n<link rel=\"canonical\" href=\"https:\/\/ecpamericas.org\/es\/areas-tematicas\/eficiencia-energetica\/\" \/>\n<meta property=\"og:locale\" content=\"es_ES\" \/>\n<meta property=\"og:type\" content=\"article\" \/>\n<meta property=\"og:title\" content=\"Eficiencia energ\u00e9tica - ECPA - Energy and Climate Partnership of the Americas\" \/>\n<meta property=\"og:description\" content=\"\u00bfQu\u00e9 energ\u00eda podr\u00eda ser menos contaminante y m\u00e1s eficaz en funci\u00f3n del costo que la energ\u00eda que nunca se llega a usar? La eficiencia energ\u00e9tica se considera, a menudo, un recurso en s\u00ed mismo: un \u201ccombustible oculto\u201d que tiene el potencial de reducir costos, aumentar el acceso a la energ\u00eda, reducir la contaminaci\u00f3n del aire\u00a0y [&hellip;]\" \/>\n<meta property=\"og:url\" content=\"https:\/\/ecpamericas.org\/es\/areas-tematicas\/eficiencia-energetica\/\" \/>\n<meta property=\"og:site_name\" content=\"ECPA - Energy and Climate Partnership of the Americas\" \/>\n<meta property=\"article:modified_time\" content=\"2021-01-28T22:29:21+00:00\" \/>\n<meta name=\"twitter:card\" content=\"summary_large_image\" \/>\n<meta name=\"twitter:label1\" content=\"Tiempo de lectura\" \/>\n\t<meta name=\"twitter:data1\" content=\"1 minuto\" \/>\n<script type=\"application\/ld+json\" class=\"yoast-schema-graph\">{\"@context\":\"https:\/\/schema.org\",\"@graph\":[{\"@type\":\"WebPage\",\"@id\":\"https:\/\/ecpamericas.org\/es\/areas-tematicas\/eficiencia-energetica\/\",\"url\":\"https:\/\/ecpamericas.org\/es\/areas-tematicas\/eficiencia-energetica\/\",\"name\":\"Eficiencia energ\u00e9tica - ECPA - Energy and Climate Partnership of the Americas\",\"isPartOf\":{\"@id\":\"https:\/\/ecpamericas.org\/es\/#website\"},\"datePublished\":\"2020-12-31T06:13:25+00:00\",\"dateModified\":\"2021-01-28T22:29:21+00:00\",\"breadcrumb\":{\"@id\":\"https:\/\/ecpamericas.org\/es\/areas-tematicas\/eficiencia-energetica\/#breadcrumb\"},\"inLanguage\":\"es\",\"potentialAction\":[{\"@type\":\"ReadAction\",\"target\":[\"https:\/\/ecpamericas.org\/es\/areas-tematicas\/eficiencia-energetica\/\"]}]},{\"@type\":\"BreadcrumbList\",\"@id\":\"https:\/\/ecpamericas.org\/es\/areas-tematicas\/eficiencia-energetica\/#breadcrumb\",\"itemListElement\":[{\"@type\":\"ListItem\",\"position\":1,\"name\":\"Home\",\"item\":\"https:\/\/ecpamericas.org\/es\/\"},{\"@type\":\"ListItem\",\"position\":2,\"name\":\"\u00c1reas Tem\u00e1ticas\",\"item\":\"https:\/\/ecpamericas.org\/es\/areas-tematicas\/\"},{\"@type\":\"ListItem\",\"position\":3,\"name\":\"Eficiencia energ\u00e9tica\"}]},{\"@type\":\"WebSite\",\"@id\":\"https:\/\/ecpamericas.org\/es\/#website\",\"url\":\"https:\/\/ecpamericas.org\/es\/\",\"name\":\"ECPA - Energy and Climate Partnership of the Americas\",\"description\":\"Promoting cooperation for a sustainable energy future in the Americas\",\"potentialAction\":[{\"@type\":\"SearchAction\",\"target\":{\"@type\":\"EntryPoint\",\"urlTemplate\":\"https:\/\/ecpamericas.org\/es\/?s={search_term_string}\"},\"query-input\":\"required name=search_term_string\"}],\"inLanguage\":\"es\"}]}<\/script>\n<!-- \/ Yoast SEO plugin. -->","yoast_head_json":{"title":"Eficiencia energ\u00e9tica - ECPA - Energy and Climate Partnership of the Americas","robots":{"index":"index","follow":"follow","max-snippet":"max-snippet:-1","max-image-preview":"max-image-preview:large","max-video-preview":"max-video-preview:-1"},"canonical":"https:\/\/ecpamericas.org\/es\/areas-tematicas\/eficiencia-energetica\/","og_locale":"es_ES","og_type":"article","og_title":"Eficiencia energ\u00e9tica - ECPA - Energy and Climate Partnership of the Americas","og_description":"\u00bfQu\u00e9 energ\u00eda podr\u00eda ser menos contaminante y m\u00e1s eficaz en funci\u00f3n del costo que la energ\u00eda que nunca se llega a usar? La eficiencia energ\u00e9tica se considera, a menudo, un recurso en s\u00ed mismo: un \u201ccombustible oculto\u201d que tiene el potencial de reducir costos, aumentar el acceso a la energ\u00eda, reducir la contaminaci\u00f3n del aire\u00a0y [&hellip;]","og_url":"https:\/\/ecpamericas.org\/es\/areas-tematicas\/eficiencia-energetica\/","og_site_name":"ECPA - Energy and Climate Partnership of the Americas","article_modified_time":"2021-01-28T22:29:21+00:00","twitter_card":"summary_large_image","twitter_misc":{"Tiempo de lectura":"1 minuto"},"schema":{"@context":"https:\/\/schema.org","@graph":[{"@type":"WebPage","@id":"https:\/\/ecpamericas.org\/es\/areas-tematicas\/eficiencia-energetica\/","url":"https:\/\/ecpamericas.org\/es\/areas-tematicas\/eficiencia-energetica\/","name":"Eficiencia energ\u00e9tica - ECPA - Energy and Climate Partnership of the Americas","isPartOf":{"@id":"https:\/\/ecpamericas.org\/es\/#website"},"datePublished":"2020-12-31T06:13:25+00:00","dateModified":"2021-01-28T22:29:21+00:00","breadcrumb":{"@id":"https:\/\/ecpamericas.org\/es\/areas-tematicas\/eficiencia-energetica\/#breadcrumb"},"inLanguage":"es","potentialAction":[{"@type":"ReadAction","target":["https:\/\/ecpamericas.org\/es\/areas-tematicas\/eficiencia-energetica\/"]}]},{"@type":"BreadcrumbList","@id":"https:\/\/ecpamericas.org\/es\/areas-tematicas\/eficiencia-energetica\/#breadcrumb","itemListElement":[{"@type":"ListItem","position":1,"name":"Home","item":"https:\/\/ecpamericas.org\/es\/"},{"@type":"ListItem","position":2,"name":"\u00c1reas Tem\u00e1ticas","item":"https:\/\/ecpamericas.org\/es\/areas-tematicas\/"},{"@type":"ListItem","position":3,"name":"Eficiencia energ\u00e9tica"}]},{"@type":"WebSite","@id":"https:\/\/ecpamericas.org\/es\/#website","url":"https:\/\/ecpamericas.org\/es\/","name":"ECPA - Energy and Climate Partnership of the Americas","description":"Promoting cooperation for a sustainable energy future in the Americas","potentialAction":[{"@type":"SearchAction","target":{"@type":"EntryPoint","urlTemplate":"https:\/\/ecpamericas.org\/es\/?s={search_term_string}"},"query-input":"required name=search_term_string"}],"inLanguage":"es"}]}},"_links":{"self":[{"href":"https:\/\/ecpamericas.org\/es\/wp-json\/wp\/v2\/pages\/1979","targetHints":{"allow":["GET"]}}],"collection":[{"href":"https:\/\/ecpamericas.org\/es\/wp-json\/wp\/v2\/pages"}],"about":[{"href":"https:\/\/ecpamericas.org\/es\/wp-json\/wp\/v2\/types\/page"}],"author":[{"embeddable":true,"href":"https:\/\/ecpamericas.org\/es\/wp-json\/wp\/v2\/users\/1"}],"replies":[{"embeddable":true,"href":"https:\/\/ecpamericas.org\/es\/wp-json\/wp\/v2\/comments?post=1979"}],"version-history":[{"count":14,"href":"https:\/\/ecpamericas.org\/es\/wp-json\/wp\/v2\/pages\/1979\/revisions"}],"predecessor-version":[{"id":5089,"href":"https:\/\/ecpamericas.org\/es\/wp-json\/wp\/v2\/pages\/1979\/revisions\/5089"}],"up":[{"embeddable":true,"href":"https:\/\/ecpamericas.org\/es\/wp-json\/wp\/v2\/pages\/63"}],"wp:attachment":[{"href":"https:\/\/ecpamericas.org\/es\/wp-json\/wp\/v2\/media?parent=1979"}],"curies":[{"name":"wp","href":"https:\/\/api.w.org\/{rel}","templated":true}]}}