{"id":1977,"date":"2020-12-31T01:12:58","date_gmt":"2020-12-31T06:12:58","guid":{"rendered":"https:\/\/ecpamericas.org\/?page_id=1977"},"modified":"2021-01-28T17:26:16","modified_gmt":"2021-01-28T22:26:16","slug":"combustibles-fosiles-mas-limpios","status":"publish","type":"page","link":"https:\/\/ecpamericas.org\/es\/areas-tematicas\/combustibles-fosiles-mas-limpios\/","title":{"rendered":"Combustibles f\u00f3siles m\u00e1s limpios"},"content":{"rendered":"<div class=\"page\" title=\"Page 18\">\n<div class=\"layoutArea\">\n<p class=\"column\">A menudo, el gas natural se considera un combustible de transici\u00f3n, un puente hacia\u00a0la energ\u00eda renovable, debido a su capacidad\u00a0de suministrar una carga base fiable que al quemarse es m\u00e1s limpia que el petr\u00f3leo o el carb\u00f3n. Extra\u00eddo del suelo en forma de gas\u00a0y generalmente trasladado al mercado por gasoductos, este recurso tambi\u00e9n se puede enfriar y convertir en gas natural licuado (GNL), ser transportado por barco y luego convertirse nuevamente en gas para ser utilizado como combustible. Jamaica, M\u00e9xico, Rep\u00fablica Dominicana y Panam\u00e1 son solo algunos de los pa\u00edses que, en los \u00faltimos a\u00f1os, han aumentado el uso de gas natural para la generaci\u00f3n de energ\u00eda el\u00e9ctrica. El aumento de la producci\u00f3n de gas de esquisto en Estados Unidos est\u00e1 impulsando nuevas redes de distribuci\u00f3n de gas natural licuado en la cuenca del Caribe.<\/p>\n<\/div>\n<\/div>\n<h4><\/h4>\n<h4>Noticias relacionadas:<\/h4>\n<blockquote class=\"wp-embedded-content\" data-secret=\"ZYPJYkPzmj\"><p><a href=\"https:\/\/ecpamericas.org\/es\/newsletters\/grandes-oportunidades-a-pequena-escala\/\">Grandes oportunidades a peque\u00f1a escala<\/a><\/p><\/blockquote>\n<p><iframe class=\"wp-embedded-content\" sandbox=\"allow-scripts\" security=\"restricted\" style=\"position: absolute; visibility: hidden;\" title=\"\u00abGrandes oportunidades a peque\u00f1a escala\u00bb \u2014 ECPA - Energy and Climate Partnership of the Americas\" src=\"https:\/\/ecpamericas.org\/es\/newsletters\/grandes-oportunidades-a-pequena-escala\/embed\/#?secret=ViEn1idHSw#?secret=ZYPJYkPzmj\" data-secret=\"ZYPJYkPzmj\" width=\"500\" height=\"282\" frameborder=\"0\" marginwidth=\"0\" marginheight=\"0\" scrolling=\"no\"><\/iframe><\/p>\n<blockquote class=\"wp-embedded-content\" data-secret=\"oewPM2rUQt\"><p><a href=\"https:\/\/ecpamericas.org\/es\/newsletters\/el-papel-del-gnl-en-la-matriz-energetica\/\">El papel del GNL en la matriz energ\u00e9tica<\/a><\/p><\/blockquote>\n<p><iframe class=\"wp-embedded-content\" sandbox=\"allow-scripts\" security=\"restricted\" style=\"position: absolute; visibility: hidden;\" title=\"\u00abEl papel del GNL en la matriz energ\u00e9tica\u00bb \u2014 ECPA - Energy and Climate Partnership of the Americas\" src=\"https:\/\/ecpamericas.org\/es\/newsletters\/el-papel-del-gnl-en-la-matriz-energetica\/embed\/#?secret=IEdHd0BiLU#?secret=oewPM2rUQt\" data-secret=\"oewPM2rUQt\" width=\"500\" height=\"282\" frameborder=\"0\" marginwidth=\"0\" marginheight=\"0\" scrolling=\"no\"><\/iframe><\/p>\n","protected":false},"excerpt":{"rendered":"<p>A menudo, el gas natural se considera un combustible de transici\u00f3n, un puente hacia\u00a0la energ\u00eda renovable, debido a su capacidad\u00a0de suministrar una carga base fiable que al quemarse es m\u00e1s limpia que el petr\u00f3leo o el carb\u00f3n. Extra\u00eddo del suelo en forma de gas\u00a0y generalmente trasladado al mercado por gasoductos, este recurso tambi\u00e9n se puede [&hellip;]<\/p>\n","protected":false},"author":1,"featured_media":0,"parent":63,"menu_order":0,"comment_status":"closed","ping_status":"closed","template":"templates\/thematic-areas.php","meta":{"_acf_changed":false,"inline_featured_image":false,"footnotes":""},"class_list":["post-1977","page","type-page","status-publish","hentry"],"acf":[],"yoast_head":"<!-- This site is optimized with the Yoast SEO plugin v21.7 - https:\/\/yoast.com\/wordpress\/plugins\/seo\/ -->\n<title>Combustibles f\u00f3siles m\u00e1s limpios - ECPA - Energy and Climate Partnership of the Americas<\/title>\n<meta name=\"robots\" content=\"index, follow, max-snippet:-1, max-image-preview:large, max-video-preview:-1\" \/>\n<link rel=\"canonical\" href=\"https:\/\/ecpamericas.org\/es\/areas-tematicas\/combustibles-fosiles-mas-limpios\/\" \/>\n<meta property=\"og:locale\" content=\"es_ES\" \/>\n<meta property=\"og:type\" content=\"article\" \/>\n<meta property=\"og:title\" content=\"Combustibles f\u00f3siles m\u00e1s limpios - ECPA - Energy and Climate Partnership of the Americas\" \/>\n<meta property=\"og:description\" content=\"A menudo, el gas natural se considera un combustible de transici\u00f3n, un puente hacia\u00a0la energ\u00eda renovable, debido a su capacidad\u00a0de suministrar una carga base fiable que al quemarse es m\u00e1s limpia que el petr\u00f3leo o el carb\u00f3n. Extra\u00eddo del suelo en forma de gas\u00a0y generalmente trasladado al mercado por gasoductos, este recurso tambi\u00e9n se puede [&hellip;]\" \/>\n<meta property=\"og:url\" content=\"https:\/\/ecpamericas.org\/es\/areas-tematicas\/combustibles-fosiles-mas-limpios\/\" \/>\n<meta property=\"og:site_name\" content=\"ECPA - Energy and Climate Partnership of the Americas\" \/>\n<meta property=\"article:modified_time\" content=\"2021-01-28T22:26:16+00:00\" \/>\n<meta name=\"twitter:card\" content=\"summary_large_image\" \/>\n<meta name=\"twitter:label1\" content=\"Tiempo de lectura\" \/>\n\t<meta name=\"twitter:data1\" content=\"1 minuto\" \/>\n<script type=\"application\/ld+json\" class=\"yoast-schema-graph\">{\"@context\":\"https:\/\/schema.org\",\"@graph\":[{\"@type\":\"WebPage\",\"@id\":\"https:\/\/ecpamericas.org\/es\/areas-tematicas\/combustibles-fosiles-mas-limpios\/\",\"url\":\"https:\/\/ecpamericas.org\/es\/areas-tematicas\/combustibles-fosiles-mas-limpios\/\",\"name\":\"Combustibles f\u00f3siles m\u00e1s limpios - ECPA - Energy and Climate Partnership of the Americas\",\"isPartOf\":{\"@id\":\"https:\/\/ecpamericas.org\/es\/#website\"},\"datePublished\":\"2020-12-31T06:12:58+00:00\",\"dateModified\":\"2021-01-28T22:26:16+00:00\",\"breadcrumb\":{\"@id\":\"https:\/\/ecpamericas.org\/es\/areas-tematicas\/combustibles-fosiles-mas-limpios\/#breadcrumb\"},\"inLanguage\":\"es\",\"potentialAction\":[{\"@type\":\"ReadAction\",\"target\":[\"https:\/\/ecpamericas.org\/es\/areas-tematicas\/combustibles-fosiles-mas-limpios\/\"]}]},{\"@type\":\"BreadcrumbList\",\"@id\":\"https:\/\/ecpamericas.org\/es\/areas-tematicas\/combustibles-fosiles-mas-limpios\/#breadcrumb\",\"itemListElement\":[{\"@type\":\"ListItem\",\"position\":1,\"name\":\"Home\",\"item\":\"https:\/\/ecpamericas.org\/es\/\"},{\"@type\":\"ListItem\",\"position\":2,\"name\":\"\u00c1reas Tem\u00e1ticas\",\"item\":\"https:\/\/ecpamericas.org\/es\/areas-tematicas\/\"},{\"@type\":\"ListItem\",\"position\":3,\"name\":\"Combustibles f\u00f3siles m\u00e1s limpios\"}]},{\"@type\":\"WebSite\",\"@id\":\"https:\/\/ecpamericas.org\/es\/#website\",\"url\":\"https:\/\/ecpamericas.org\/es\/\",\"name\":\"ECPA - Energy and Climate Partnership of the Americas\",\"description\":\"Promoting cooperation for a sustainable energy future in the Americas\",\"potentialAction\":[{\"@type\":\"SearchAction\",\"target\":{\"@type\":\"EntryPoint\",\"urlTemplate\":\"https:\/\/ecpamericas.org\/es\/?s={search_term_string}\"},\"query-input\":\"required name=search_term_string\"}],\"inLanguage\":\"es\"}]}<\/script>\n<!-- \/ Yoast SEO plugin. -->","yoast_head_json":{"title":"Combustibles f\u00f3siles m\u00e1s limpios - ECPA - Energy and Climate Partnership of the Americas","robots":{"index":"index","follow":"follow","max-snippet":"max-snippet:-1","max-image-preview":"max-image-preview:large","max-video-preview":"max-video-preview:-1"},"canonical":"https:\/\/ecpamericas.org\/es\/areas-tematicas\/combustibles-fosiles-mas-limpios\/","og_locale":"es_ES","og_type":"article","og_title":"Combustibles f\u00f3siles m\u00e1s limpios - ECPA - Energy and Climate Partnership of the Americas","og_description":"A menudo, el gas natural se considera un combustible de transici\u00f3n, un puente hacia\u00a0la energ\u00eda renovable, debido a su capacidad\u00a0de suministrar una carga base fiable que al quemarse es m\u00e1s limpia que el petr\u00f3leo o el carb\u00f3n. Extra\u00eddo del suelo en forma de gas\u00a0y generalmente trasladado al mercado por gasoductos, este recurso tambi\u00e9n se puede [&hellip;]","og_url":"https:\/\/ecpamericas.org\/es\/areas-tematicas\/combustibles-fosiles-mas-limpios\/","og_site_name":"ECPA - Energy and Climate Partnership of the Americas","article_modified_time":"2021-01-28T22:26:16+00:00","twitter_card":"summary_large_image","twitter_misc":{"Tiempo de lectura":"1 minuto"},"schema":{"@context":"https:\/\/schema.org","@graph":[{"@type":"WebPage","@id":"https:\/\/ecpamericas.org\/es\/areas-tematicas\/combustibles-fosiles-mas-limpios\/","url":"https:\/\/ecpamericas.org\/es\/areas-tematicas\/combustibles-fosiles-mas-limpios\/","name":"Combustibles f\u00f3siles m\u00e1s limpios - ECPA - Energy and Climate Partnership of the Americas","isPartOf":{"@id":"https:\/\/ecpamericas.org\/es\/#website"},"datePublished":"2020-12-31T06:12:58+00:00","dateModified":"2021-01-28T22:26:16+00:00","breadcrumb":{"@id":"https:\/\/ecpamericas.org\/es\/areas-tematicas\/combustibles-fosiles-mas-limpios\/#breadcrumb"},"inLanguage":"es","potentialAction":[{"@type":"ReadAction","target":["https:\/\/ecpamericas.org\/es\/areas-tematicas\/combustibles-fosiles-mas-limpios\/"]}]},{"@type":"BreadcrumbList","@id":"https:\/\/ecpamericas.org\/es\/areas-tematicas\/combustibles-fosiles-mas-limpios\/#breadcrumb","itemListElement":[{"@type":"ListItem","position":1,"name":"Home","item":"https:\/\/ecpamericas.org\/es\/"},{"@type":"ListItem","position":2,"name":"\u00c1reas Tem\u00e1ticas","item":"https:\/\/ecpamericas.org\/es\/areas-tematicas\/"},{"@type":"ListItem","position":3,"name":"Combustibles f\u00f3siles m\u00e1s limpios"}]},{"@type":"WebSite","@id":"https:\/\/ecpamericas.org\/es\/#website","url":"https:\/\/ecpamericas.org\/es\/","name":"ECPA - Energy and Climate Partnership of the Americas","description":"Promoting cooperation for a sustainable energy future in the Americas","potentialAction":[{"@type":"SearchAction","target":{"@type":"EntryPoint","urlTemplate":"https:\/\/ecpamericas.org\/es\/?s={search_term_string}"},"query-input":"required name=search_term_string"}],"inLanguage":"es"}]}},"_links":{"self":[{"href":"https:\/\/ecpamericas.org\/es\/wp-json\/wp\/v2\/pages\/1977","targetHints":{"allow":["GET"]}}],"collection":[{"href":"https:\/\/ecpamericas.org\/es\/wp-json\/wp\/v2\/pages"}],"about":[{"href":"https:\/\/ecpamericas.org\/es\/wp-json\/wp\/v2\/types\/page"}],"author":[{"embeddable":true,"href":"https:\/\/ecpamericas.org\/es\/wp-json\/wp\/v2\/users\/1"}],"replies":[{"embeddable":true,"href":"https:\/\/ecpamericas.org\/es\/wp-json\/wp\/v2\/comments?post=1977"}],"version-history":[{"count":20,"href":"https:\/\/ecpamericas.org\/es\/wp-json\/wp\/v2\/pages\/1977\/revisions"}],"predecessor-version":[{"id":5082,"href":"https:\/\/ecpamericas.org\/es\/wp-json\/wp\/v2\/pages\/1977\/revisions\/5082"}],"up":[{"embeddable":true,"href":"https:\/\/ecpamericas.org\/es\/wp-json\/wp\/v2\/pages\/63"}],"wp:attachment":[{"href":"https:\/\/ecpamericas.org\/es\/wp-json\/wp\/v2\/media?parent=1977"}],"curies":[{"name":"wp","href":"https:\/\/api.w.org\/{rel}","templated":true}]}}