{"id":1876,"date":"2020-12-30T16:06:42","date_gmt":"2020-12-30T21:06:42","guid":{"rendered":"https:\/\/ecpamericas.org\/?page_id=1876"},"modified":"2020-12-30T16:12:36","modified_gmt":"2020-12-30T21:12:36","slug":"proceso-preparatorio-de-la-iv-ministerial","status":"publish","type":"page","link":"https:\/\/ecpamericas.org\/es\/reuniones-ministeriales\/ministerial-ecpa-2020\/proceso-preparatorio-de-la-iv-ministerial\/","title":{"rendered":"Proceso preparatorio de la IV Ministerial"},"content":{"rendered":"<h4>Antecedentes<\/h4>\n<p>La segunda reuni\u00f3n ministerial se celebr\u00f3 en mayo de 2015 en la ciudad de M\u00e9rida, en M\u00e9xico. El evento atrajo a ministros de energ\u00eda y dem\u00e1s autoridades nacionales, las cuales acordaron conjuntamente dise\u00f1ar un plan de trabajo m\u00e1s din\u00e1mico que comprenda acciones concretas para impulsar un papel de liderazgo del Hemisferio Occidental en temas relacionados con la energ\u00eda y el cambio clim\u00e1tico. Esta reuni\u00f3n sent\u00f3 las bases de un plan de trabajo de dos a\u00f1os y estableci\u00f3 la creaci\u00f3n de un Comit\u00e9 Directivo que sirva de estructura de gesti\u00f3n de la Alianza.<\/p>\n<p>La Tercera Reuni\u00f3n Ministerial se realiz\u00f3n en Vi\u00f1a del Mar, Chile, en septiembre 2017, bajo el tema \u00abTransici\u00f3n Energ\u00e9tica en las Am\u00e9ricas.\u201d\u00a0 Durante dos d\u00edas de deliberaciones, representantes de 24 pa\u00edses aprobaron los Principios Rectores y el Plan de Acci\u00f3n, que contiene una hoja de ruta con acciones de colaboraci\u00f3n concretas que apoyan la energ\u00eda sostenible. Los pa\u00edses identificaron un total de 30 acciones de colaboracin relacionadas con los siete pilares fundamentales de ECPA.<\/p>\n<h4>Proceso preparatorio<\/h4>\n<p>El 7 de noviembre de 2018, representantes de 22 pa\u00edses de las Am\u00e9ricas se reunieron en Miami con motivo de la Primera Reuni\u00f3n Regional Preparatoria para presentar su progreso con respecto a la sostenibilidad energ\u00e9tica, la transici\u00f3n y la resiliencia. La Segunda Reuni\u00f3n Preparatoria se realiz\u00f3 en San Jos\u00e9, costa Rica, el 25 de abril, 2019.\u00a0Sobre la base de los aportes de los pa\u00edses a trav\u00e9s de sus Puntos Focales Nacionales, el Comit\u00e9 Directivo, con el apoyo de la OEA, elabor\u00f3 la agenda de la IV Reuni\u00f3n Ministerial de la ECPA.<\/p>\n<p>&nbsp;<\/p>\n<hr \/>\n<h4><strong>Serie de Di\u00e1logos Ministeriales de la ECPA<\/strong><\/h4>\n<div class=\"item\">\n<p>En preparaci\u00f3n para la IV Reuni\u00f3n Ministerial de la Alianza de Energ\u00eda y Clima de las Am\u00e9ricas (ECPA) que se celebrar\u00e1 en Montego Bay, Jamaica, los d\u00edas 27 y 28 de febrero de 2020, la OEA convocar\u00e1 una serie de di\u00e1logos ministeriales. El objetivo de estos eventos consiste en recibir el aporte y el asesoramiento de Misiones Permanentes, organismos internacionales del desarrollo, organizaciones multilaterales y el cuerpo diplom\u00e1tico en general con sede en Washington mientras las delegaciones de los 34 Estados miembros de la OEA se preparan para reunirse en Montego Bay. El primer di\u00e1logo de esta serie se centrar\u00e1 en la movilidad el\u00e9ctrica en las Am\u00e9ricas.<\/p>\n<p>Los pa\u00edses de Am\u00e9rica Latina y el Caribe son conscientes de las importantes oportunidades para el crecimiento econ\u00f3mico y la resiliencia que la descarbonizaci\u00f3n puede crear a trav\u00e9s de un mayor despliegue de energ\u00eda renovable, una mayor eficiencia energ\u00e9tica y la transici\u00f3n hacia la movilidad el\u00e9ctrica.<\/p>\n<p>Los di\u00e1logos ministerial otorgar\u00e1n un espacio para deliberar acerca de experiencias, opciones de pol\u00edticas y tecnolog\u00edas que alienten a soluciones sostenibles en las Am\u00e9ricas.<\/p>\n<p><img fetchpriority=\"high\" decoding=\"async\" class=\"size-medium wp-image-1856 alignnone\" src=\"https:\/\/ecpamericas.org\/wp-content\/uploads\/2020\/12\/electric-mobility-photo-sm-300x186.jpeg\" alt=\"\" width=\"300\" height=\"186\" srcset=\"https:\/\/ecpamericas.org\/wp-content\/uploads\/2020\/12\/electric-mobility-photo-sm-300x186.jpeg 300w, https:\/\/ecpamericas.org\/wp-content\/uploads\/2020\/12\/electric-mobility-photo-sm-768x476.jpeg 768w, https:\/\/ecpamericas.org\/wp-content\/uploads\/2020\/12\/electric-mobility-photo-sm.jpeg 800w\" sizes=\"(max-width: 300px) 100vw, 300px\" \/><\/p>\n<p><img decoding=\"async\" src=\"http:\/\/sp.ecpamericas.org\/assets\/Site_32\/images\/ECPA%20Events\/2019\/Di%C3%A1logos\/electric%20mobility%20photo%20sm.jpeg\" alt=\"\" \/><a href=\"https:\/\/ecpamericas.org\/es\/events\/serie-de-dialogos-ministeriales-de-la-ecpa-retos-y-oportunidades-de-la-movilidad-electrica-en-las-americas\/\">Retos y oportunidades de la movilidad el\u00e9ctrica en las Am\u00e9ricas<\/a><\/p>\n<p>17 de septiembre de 2019<\/p>\n<p>Ver reporte,\u00a0<a href=\"http:\/\/sp.ecpamericas.org\/News\/Default.aspx?id=3609\">aqu\u00ed<\/a>.<\/p>\n<p><a href=\"http:\/\/sp.ecpamericas.org\/events\/Default.aspx?id=1736&amp;archive=1\"><img decoding=\"async\" class=\"size-medium wp-image-1858 alignnone\" src=\"https:\/\/ecpamericas.org\/wp-content\/uploads\/2020\/12\/Gender-and-energy-SM-d-300x200.jpeg\" alt=\"\" width=\"300\" height=\"200\" srcset=\"https:\/\/ecpamericas.org\/wp-content\/uploads\/2020\/12\/Gender-and-energy-SM-d-300x200.jpeg 300w, https:\/\/ecpamericas.org\/wp-content\/uploads\/2020\/12\/Gender-and-energy-SM-d-391x260.jpeg 391w, https:\/\/ecpamericas.org\/wp-content\/uploads\/2020\/12\/Gender-and-energy-SM-d.jpeg 611w\" sizes=\"(max-width: 300px) 100vw, 300px\" \/><\/a><\/p>\n<p><a href=\"https:\/\/ecpamericas.org\/es\/events\/serie-de-dialogos-ministeriales-de-la-ecpa-genero-y-energia\/\">G\u00e9nero y energ\u00eda<\/a><\/p>\n<p>23 de octubre de 2019<\/p>\n<p>Ver reporte,\u00a0<a href=\"http:\/\/sp.ecpamericas.org\/News\/Default.aspx?id=3619\">aqu\u00ed<\/a>.<\/p>\n<p><a href=\"http:\/\/sp.ecpamericas.org\/events\/Default.aspx?id=1741&amp;archive=1\"><img decoding=\"async\" class=\"size-medium wp-image-1860 alignnone\" src=\"https:\/\/ecpamericas.org\/wp-content\/uploads\/2020\/12\/Building-OAS-DSD-banner-300x221.jpg\" alt=\"\" width=\"300\" height=\"221\" srcset=\"https:\/\/ecpamericas.org\/wp-content\/uploads\/2020\/12\/Building-OAS-DSD-banner-300x221.jpg 300w, https:\/\/ecpamericas.org\/wp-content\/uploads\/2020\/12\/Building-OAS-DSD-banner.jpg 415w\" sizes=\"(max-width: 300px) 100vw, 300px\" \/><\/a><\/p>\n<p><a href=\"https:\/\/ecpamericas.org\/es\/events\/serie-de-dialogos-ministeriales-de-la-ecpa-construir-resiliencia-urbana\/\">Construir Resiliencia Urbana<\/a><\/p>\n<p>5 de noviembre de 2019<\/p>\n<p>Ver reporte,\u00a0<a href=\"http:\/\/sp.ecpamericas.org\/News\/Default.aspx?id=3618\">aqu\u00ed<\/a>.<\/p>\n<div id=\"attachment_1862\" style=\"width: 310px\" class=\"wp-caption alignnone\"><img loading=\"lazy\" decoding=\"async\" aria-describedby=\"caption-attachment-1862\" class=\"size-medium wp-image-1862\" src=\"https:\/\/ecpamericas.org\/wp-content\/uploads\/2020\/12\/Investing-in-Naturgal-gas-event-thumbnail-300x220.jpg\" alt=\"\" width=\"300\" height=\"220\" srcset=\"https:\/\/ecpamericas.org\/wp-content\/uploads\/2020\/12\/Investing-in-Naturgal-gas-event-thumbnail-300x220.jpg 300w, https:\/\/ecpamericas.org\/wp-content\/uploads\/2020\/12\/Investing-in-Naturgal-gas-event-thumbnail.jpg 449w\" sizes=\"(max-width: 300px) 100vw, 300px\" \/><p id=\"caption-attachment-1862\" class=\"wp-caption-text\">823514072<\/p><\/div>\n<p><a href=\"https:\/\/ecpamericas.org\/es\/events\/invertir-en-gas-natural-opciones-de-sistemas-energeticos-flexibles-y-resilientes-en-america-latina\/\">Invertir en gas natural: opciones de sistemas energ\u00e9ticos flexibles y resilientes en Am\u00e9rica Latina<\/a><\/p>\n<p>13 de diciembre de 2019<\/p>\n<p>Inscr\u00edbase a este evento,\u00a0<a href=\"http:\/\/sp.ecpamericas.org\/News\/Default.aspx?id=3617\">aqu\u00ed<\/a>.<\/p>\n<\/div>\n","protected":false},"excerpt":{"rendered":"<p>Antecedentes La segunda reuni\u00f3n ministerial se celebr\u00f3 en mayo de 2015 en la ciudad de M\u00e9rida, en M\u00e9xico. El evento atrajo a ministros de energ\u00eda y dem\u00e1s autoridades nacionales, las cuales acordaron conjuntamente dise\u00f1ar un plan de trabajo m\u00e1s din\u00e1mico que comprenda acciones concretas para impulsar un papel de liderazgo del Hemisferio Occidental en temas [&hellip;]<\/p>\n","protected":false},"author":1,"featured_media":0,"parent":86,"menu_order":0,"comment_status":"closed","ping_status":"closed","template":"","meta":{"_acf_changed":false,"inline_featured_image":false,"footnotes":""},"class_list":["post-1876","page","type-page","status-publish","hentry"],"acf":[],"yoast_head":"<!-- This site is optimized with the Yoast SEO plugin v21.7 - https:\/\/yoast.com\/wordpress\/plugins\/seo\/ -->\n<title>Proceso preparatorio de la IV Ministerial - ECPA - Energy and Climate Partnership of the Americas<\/title>\n<meta name=\"robots\" content=\"index, follow, max-snippet:-1, max-image-preview:large, max-video-preview:-1\" \/>\n<link rel=\"canonical\" href=\"https:\/\/ecpamericas.org\/es\/reuniones-ministeriales\/ministerial-ecpa-2020\/proceso-preparatorio-de-la-iv-ministerial\/\" \/>\n<meta property=\"og:locale\" content=\"es_ES\" \/>\n<meta property=\"og:type\" content=\"article\" \/>\n<meta property=\"og:title\" content=\"Proceso preparatorio de la IV Ministerial - ECPA - Energy and Climate Partnership of the Americas\" \/>\n<meta property=\"og:description\" content=\"Antecedentes La segunda reuni\u00f3n ministerial se celebr\u00f3 en mayo de 2015 en la ciudad de M\u00e9rida, en M\u00e9xico. El evento atrajo a ministros de energ\u00eda y dem\u00e1s autoridades nacionales, las cuales acordaron conjuntamente dise\u00f1ar un plan de trabajo m\u00e1s din\u00e1mico que comprenda acciones concretas para impulsar un papel de liderazgo del Hemisferio Occidental en temas [&hellip;]\" \/>\n<meta property=\"og:url\" content=\"https:\/\/ecpamericas.org\/es\/reuniones-ministeriales\/ministerial-ecpa-2020\/proceso-preparatorio-de-la-iv-ministerial\/\" \/>\n<meta property=\"og:site_name\" content=\"ECPA - Energy and Climate Partnership of the Americas\" \/>\n<meta property=\"article:modified_time\" content=\"2020-12-30T21:12:36+00:00\" \/>\n<meta property=\"og:image\" content=\"https:\/\/ecpamericas.org\/wp-content\/uploads\/2020\/12\/electric-mobility-photo-sm-300x186.jpeg\" \/>\n<meta name=\"twitter:card\" content=\"summary_large_image\" \/>\n<meta name=\"twitter:label1\" content=\"Tiempo de lectura\" \/>\n\t<meta name=\"twitter:data1\" content=\"3 minutos\" \/>\n<script type=\"application\/ld+json\" class=\"yoast-schema-graph\">{\"@context\":\"https:\/\/schema.org\",\"@graph\":[{\"@type\":\"WebPage\",\"@id\":\"https:\/\/ecpamericas.org\/es\/reuniones-ministeriales\/ministerial-ecpa-2020\/proceso-preparatorio-de-la-iv-ministerial\/\",\"url\":\"https:\/\/ecpamericas.org\/es\/reuniones-ministeriales\/ministerial-ecpa-2020\/proceso-preparatorio-de-la-iv-ministerial\/\",\"name\":\"Proceso preparatorio de la IV Ministerial - ECPA - Energy and Climate Partnership of the Americas\",\"isPartOf\":{\"@id\":\"https:\/\/ecpamericas.org\/es\/#website\"},\"datePublished\":\"2020-12-30T21:06:42+00:00\",\"dateModified\":\"2020-12-30T21:12:36+00:00\",\"breadcrumb\":{\"@id\":\"https:\/\/ecpamericas.org\/es\/reuniones-ministeriales\/ministerial-ecpa-2020\/proceso-preparatorio-de-la-iv-ministerial\/#breadcrumb\"},\"inLanguage\":\"es\",\"potentialAction\":[{\"@type\":\"ReadAction\",\"target\":[\"https:\/\/ecpamericas.org\/es\/reuniones-ministeriales\/ministerial-ecpa-2020\/proceso-preparatorio-de-la-iv-ministerial\/\"]}]},{\"@type\":\"BreadcrumbList\",\"@id\":\"https:\/\/ecpamericas.org\/es\/reuniones-ministeriales\/ministerial-ecpa-2020\/proceso-preparatorio-de-la-iv-ministerial\/#breadcrumb\",\"itemListElement\":[{\"@type\":\"ListItem\",\"position\":1,\"name\":\"Home\",\"item\":\"https:\/\/ecpamericas.org\/es\/\"},{\"@type\":\"ListItem\",\"position\":2,\"name\":\"Reuniones Ministeriales\",\"item\":\"https:\/\/ecpamericas.org\/es\/reuniones-ministeriales\/\"},{\"@type\":\"ListItem\",\"position\":3,\"name\":\"Ministerial ECPA 2020\",\"item\":\"https:\/\/ecpamericas.org\/es\/reuniones-ministeriales\/ministerial-ecpa-2020\/\"},{\"@type\":\"ListItem\",\"position\":4,\"name\":\"Proceso preparatorio de la IV Ministerial\"}]},{\"@type\":\"WebSite\",\"@id\":\"https:\/\/ecpamericas.org\/es\/#website\",\"url\":\"https:\/\/ecpamericas.org\/es\/\",\"name\":\"ECPA - Energy and Climate Partnership of the Americas\",\"description\":\"Promoting cooperation for a sustainable energy future in the Americas\",\"potentialAction\":[{\"@type\":\"SearchAction\",\"target\":{\"@type\":\"EntryPoint\",\"urlTemplate\":\"https:\/\/ecpamericas.org\/es\/?s={search_term_string}\"},\"query-input\":\"required name=search_term_string\"}],\"inLanguage\":\"es\"}]}<\/script>\n<!-- \/ Yoast SEO plugin. -->","yoast_head_json":{"title":"Proceso preparatorio de la IV Ministerial - ECPA - Energy and Climate Partnership of the Americas","robots":{"index":"index","follow":"follow","max-snippet":"max-snippet:-1","max-image-preview":"max-image-preview:large","max-video-preview":"max-video-preview:-1"},"canonical":"https:\/\/ecpamericas.org\/es\/reuniones-ministeriales\/ministerial-ecpa-2020\/proceso-preparatorio-de-la-iv-ministerial\/","og_locale":"es_ES","og_type":"article","og_title":"Proceso preparatorio de la IV Ministerial - ECPA - Energy and Climate Partnership of the Americas","og_description":"Antecedentes La segunda reuni\u00f3n ministerial se celebr\u00f3 en mayo de 2015 en la ciudad de M\u00e9rida, en M\u00e9xico. El evento atrajo a ministros de energ\u00eda y dem\u00e1s autoridades nacionales, las cuales acordaron conjuntamente dise\u00f1ar un plan de trabajo m\u00e1s din\u00e1mico que comprenda acciones concretas para impulsar un papel de liderazgo del Hemisferio Occidental en temas [&hellip;]","og_url":"https:\/\/ecpamericas.org\/es\/reuniones-ministeriales\/ministerial-ecpa-2020\/proceso-preparatorio-de-la-iv-ministerial\/","og_site_name":"ECPA - Energy and Climate Partnership of the Americas","article_modified_time":"2020-12-30T21:12:36+00:00","og_image":[{"url":"https:\/\/ecpamericas.org\/wp-content\/uploads\/2020\/12\/electric-mobility-photo-sm-300x186.jpeg"}],"twitter_card":"summary_large_image","twitter_misc":{"Tiempo de lectura":"3 minutos"},"schema":{"@context":"https:\/\/schema.org","@graph":[{"@type":"WebPage","@id":"https:\/\/ecpamericas.org\/es\/reuniones-ministeriales\/ministerial-ecpa-2020\/proceso-preparatorio-de-la-iv-ministerial\/","url":"https:\/\/ecpamericas.org\/es\/reuniones-ministeriales\/ministerial-ecpa-2020\/proceso-preparatorio-de-la-iv-ministerial\/","name":"Proceso preparatorio de la IV Ministerial - ECPA - Energy and Climate Partnership of the Americas","isPartOf":{"@id":"https:\/\/ecpamericas.org\/es\/#website"},"datePublished":"2020-12-30T21:06:42+00:00","dateModified":"2020-12-30T21:12:36+00:00","breadcrumb":{"@id":"https:\/\/ecpamericas.org\/es\/reuniones-ministeriales\/ministerial-ecpa-2020\/proceso-preparatorio-de-la-iv-ministerial\/#breadcrumb"},"inLanguage":"es","potentialAction":[{"@type":"ReadAction","target":["https:\/\/ecpamericas.org\/es\/reuniones-ministeriales\/ministerial-ecpa-2020\/proceso-preparatorio-de-la-iv-ministerial\/"]}]},{"@type":"BreadcrumbList","@id":"https:\/\/ecpamericas.org\/es\/reuniones-ministeriales\/ministerial-ecpa-2020\/proceso-preparatorio-de-la-iv-ministerial\/#breadcrumb","itemListElement":[{"@type":"ListItem","position":1,"name":"Home","item":"https:\/\/ecpamericas.org\/es\/"},{"@type":"ListItem","position":2,"name":"Reuniones Ministeriales","item":"https:\/\/ecpamericas.org\/es\/reuniones-ministeriales\/"},{"@type":"ListItem","position":3,"name":"Ministerial ECPA 2020","item":"https:\/\/ecpamericas.org\/es\/reuniones-ministeriales\/ministerial-ecpa-2020\/"},{"@type":"ListItem","position":4,"name":"Proceso preparatorio de la IV Ministerial"}]},{"@type":"WebSite","@id":"https:\/\/ecpamericas.org\/es\/#website","url":"https:\/\/ecpamericas.org\/es\/","name":"ECPA - Energy and Climate Partnership of the Americas","description":"Promoting cooperation for a sustainable energy future in the Americas","potentialAction":[{"@type":"SearchAction","target":{"@type":"EntryPoint","urlTemplate":"https:\/\/ecpamericas.org\/es\/?s={search_term_string}"},"query-input":"required name=search_term_string"}],"inLanguage":"es"}]}},"_links":{"self":[{"href":"https:\/\/ecpamericas.org\/es\/wp-json\/wp\/v2\/pages\/1876","targetHints":{"allow":["GET"]}}],"collection":[{"href":"https:\/\/ecpamericas.org\/es\/wp-json\/wp\/v2\/pages"}],"about":[{"href":"https:\/\/ecpamericas.org\/es\/wp-json\/wp\/v2\/types\/page"}],"author":[{"embeddable":true,"href":"https:\/\/ecpamericas.org\/es\/wp-json\/wp\/v2\/users\/1"}],"replies":[{"embeddable":true,"href":"https:\/\/ecpamericas.org\/es\/wp-json\/wp\/v2\/comments?post=1876"}],"version-history":[{"count":4,"href":"https:\/\/ecpamericas.org\/es\/wp-json\/wp\/v2\/pages\/1876\/revisions"}],"predecessor-version":[{"id":1883,"href":"https:\/\/ecpamericas.org\/es\/wp-json\/wp\/v2\/pages\/1876\/revisions\/1883"}],"up":[{"embeddable":true,"href":"https:\/\/ecpamericas.org\/es\/wp-json\/wp\/v2\/pages\/86"}],"wp:attachment":[{"href":"https:\/\/ecpamericas.org\/es\/wp-json\/wp\/v2\/media?parent=1876"}],"curies":[{"name":"wp","href":"https:\/\/api.w.org\/{rel}","templated":true}]}}