{"id":1847,"date":"2020-12-30T15:44:44","date_gmt":"2020-12-30T20:44:44","guid":{"rendered":"https:\/\/ecpamericas.org\/?page_id=1847"},"modified":"2020-12-30T15:44:44","modified_gmt":"2020-12-30T20:44:44","slug":"eventos-paralelos","status":"publish","type":"page","link":"https:\/\/ecpamericas.org\/es\/reuniones-ministeriales\/ministerial-ecpa-2020\/eventos-paralelos\/","title":{"rendered":"Eventos paralelos"},"content":{"rendered":"<p>D\u00cdA 1:<\/p>\n<p>Mi\u00e9rcoles 26 de febrero, 2020<\/p>\n<p>Eventos paralelos de la ma\u00f1ana &#8211; Sesiones simult\u00e1neas<\/p>\n<p>9:00 &#8211; 11:00<\/p>\n<p><strong>Liberar el potencial de la eficiencia energ\u00e9tica en Am\u00e9rica Latina y el Caribe: Papel del cambio de comportamiento<\/strong><\/p>\n<p>Organiza:\u00a0<a href=\"https:\/\/www.bancomundial.org\/\">Banco Mundial<\/a><\/p>\n<p>9:30 &#8211; 11:30<\/p>\n<p><strong>Caminos de la energ\u00eda sostenible en Am\u00e9rica Latina y el Caribe<\/strong><\/p>\n<p>9:30 &#8211; 11:30<\/p>\n<p>Reuniones bilaterales o grupales con empresas del Di\u00e1logo Empresarial de las Am\u00e9ricas en las que se deliberar\u00e1 acerca de temas y oportunidades espec\u00edficas de colaboraci\u00f3n p\u00fablico-privada en el plano nacional o subregional<\/p>\n<p>Organiza: Di\u00e1logo Empresarial de las Am\u00e9ricas<\/p>\n<p>11:00 &#8211; 12:00<\/p>\n<p><strong>Beneficios y oportunidades de la armonizaci\u00f3n de la eficiencia energ\u00e9tica<\/strong><\/p>\n<p>Organiza:\u00a0<a href=\"http:\/\/http\/\/www.oas.org\/es\/default.asp\">Organizaci\u00f3n de los Estados Americanos (OEA)<\/a>\u00a0y el\u00a0<a href=\"https:\/\/www.bancomundial.org\/\">Banco Mundial<\/a><\/p>\n<p>&nbsp;<\/p>\n<p>13:00 &#8211; 15:00<\/p>\n<p>Eventos paralelos vespertinos &#8211; Sesiones simult\u00e1neas<\/p>\n<ul>\n<li><strong>Pobreza energ\u00e9tica en Am\u00e9rica Latina y el Caribe: \u00bfC\u00f3mo superar la \u00faltima milla?<\/strong><\/li>\n<\/ul>\n<p>Organiza:\u00a0<a href=\"http:\/\/https\/\/www.bancomundial.org\/\">Banco Mundial<\/a><\/p>\n<p>14:00 &#8211; 15:00<\/p>\n<ul>\n<li><strong>Integraci\u00f3n de la perspectiva de g\u00e9nero en el sector energ\u00e9tico<\/strong><\/li>\n<\/ul>\n<p>Organiza:\u00a0<a href=\"https:\/\/www.bancomundial.org\/\">Banco Mundial<\/a><\/p>\n<p><a href=\"https:\/\/www.bancomundial.org\/\">13:00 &#8211; 15:00<br \/>\n<\/a><\/p>\n<ul>\n<li><strong>Construcci\u00f3n de infraestructura resiliente<\/strong><\/li>\n<\/ul>\n<p>Organiza:\u00a0<a href=\"http:\/\/www.oas.org\/es\/default.asp\">Organizaci\u00f3n de los Estados Americanos (OEA)<\/a><\/p>\n<p><a href=\"http:\/\/www.oas.org\/es\/default.asp\">13:00 &#8211; 15:00<br \/>\n<\/a><\/p>\n<ul>\n<li><strong>Habilitaci\u00f3n de un ecosistema emergente para la movilidad el\u00e9ctrica<\/strong><\/li>\n<\/ul>\n<p>Organiza:\u00a0<a href=\"https:\/\/www.iadb.org\/es\">Banco Interamericano de Desarrollo<\/a><\/p>\n<p><strong>Informes relacionados:<\/strong><\/p>\n<p><em><a href=\"https:\/\/ecpamericas.org\/wp-content\/uploads\/2020\/12\/Electrified-Islands-Final-1.pdf\">Islas electrificadas: El camino hacia la movilidad el\u00e9ctrica en el Caribe<\/a><\/em>\u00a0(disponible en ingl\u00e9s).<\/p>\n<p><a href=\"https:\/\/online.flippingbook.com\/view\/70038\/\" target=\"_blank\" rel=\"noopener noreferrer\" data-cke-saved-href=\"https:\/\/online.flippingbook.com\/view\/70038\/\"><em>Electromobilidad en Am\u00e9rica Latina y el Caribe<\/em><\/a>\u00a0(disponible en ingl\u00e9s).<\/p>\n<ul>\n<li>Reuniones bilaterales o grupales con empresas del Di\u00e1logo Empresarial de las Am\u00e9ricas en las que se deliberar\u00e1 acerca de temas y oportunidades espec\u00edficas de colaboraci\u00f3n p\u00fablico-privada en el plano nacional o subregional.<\/li>\n<\/ul>\n","protected":false},"excerpt":{"rendered":"<p>D\u00cdA 1: Mi\u00e9rcoles 26 de febrero, 2020 Eventos paralelos de la ma\u00f1ana &#8211; Sesiones simult\u00e1neas 9:00 &#8211; 11:00 Liberar el potencial de la eficiencia energ\u00e9tica en Am\u00e9rica Latina y el Caribe: Papel del cambio de comportamiento Organiza:\u00a0Banco Mundial 9:30 &#8211; 11:30 Caminos de la energ\u00eda sostenible en Am\u00e9rica Latina y el Caribe 9:30 &#8211; 11:30 [&hellip;]<\/p>\n","protected":false},"author":1,"featured_media":0,"parent":86,"menu_order":0,"comment_status":"closed","ping_status":"closed","template":"","meta":{"_acf_changed":false,"inline_featured_image":false,"footnotes":""},"class_list":["post-1847","page","type-page","status-publish","hentry"],"acf":[],"yoast_head":"<!-- This site is optimized with the Yoast SEO plugin v21.7 - https:\/\/yoast.com\/wordpress\/plugins\/seo\/ -->\n<title>Eventos paralelos - ECPA - Energy and Climate Partnership of the Americas<\/title>\n<meta name=\"robots\" content=\"index, follow, max-snippet:-1, max-image-preview:large, max-video-preview:-1\" \/>\n<link rel=\"canonical\" href=\"https:\/\/ecpamericas.org\/es\/reuniones-ministeriales\/ministerial-ecpa-2020\/eventos-paralelos\/\" \/>\n<meta property=\"og:locale\" content=\"es_ES\" \/>\n<meta property=\"og:type\" content=\"article\" \/>\n<meta property=\"og:title\" content=\"Eventos paralelos - ECPA - Energy and Climate Partnership of the Americas\" \/>\n<meta property=\"og:description\" content=\"D\u00cdA 1: Mi\u00e9rcoles 26 de febrero, 2020 Eventos paralelos de la ma\u00f1ana &#8211; Sesiones simult\u00e1neas 9:00 &#8211; 11:00 Liberar el potencial de la eficiencia energ\u00e9tica en Am\u00e9rica Latina y el Caribe: Papel del cambio de comportamiento Organiza:\u00a0Banco Mundial 9:30 &#8211; 11:30 Caminos de la energ\u00eda sostenible en Am\u00e9rica Latina y el Caribe 9:30 &#8211; 11:30 [&hellip;]\" \/>\n<meta property=\"og:url\" content=\"https:\/\/ecpamericas.org\/es\/reuniones-ministeriales\/ministerial-ecpa-2020\/eventos-paralelos\/\" \/>\n<meta property=\"og:site_name\" content=\"ECPA - Energy and Climate Partnership of the Americas\" \/>\n<meta name=\"twitter:card\" content=\"summary_large_image\" \/>\n<meta name=\"twitter:label1\" content=\"Tiempo de lectura\" \/>\n\t<meta name=\"twitter:data1\" content=\"1 minuto\" \/>\n<script type=\"application\/ld+json\" class=\"yoast-schema-graph\">{\"@context\":\"https:\/\/schema.org\",\"@graph\":[{\"@type\":\"WebPage\",\"@id\":\"https:\/\/ecpamericas.org\/es\/reuniones-ministeriales\/ministerial-ecpa-2020\/eventos-paralelos\/\",\"url\":\"https:\/\/ecpamericas.org\/es\/reuniones-ministeriales\/ministerial-ecpa-2020\/eventos-paralelos\/\",\"name\":\"Eventos paralelos - ECPA - Energy and Climate Partnership of the Americas\",\"isPartOf\":{\"@id\":\"https:\/\/ecpamericas.org\/es\/#website\"},\"datePublished\":\"2020-12-30T20:44:44+00:00\",\"dateModified\":\"2020-12-30T20:44:44+00:00\",\"breadcrumb\":{\"@id\":\"https:\/\/ecpamericas.org\/es\/reuniones-ministeriales\/ministerial-ecpa-2020\/eventos-paralelos\/#breadcrumb\"},\"inLanguage\":\"es\",\"potentialAction\":[{\"@type\":\"ReadAction\",\"target\":[\"https:\/\/ecpamericas.org\/es\/reuniones-ministeriales\/ministerial-ecpa-2020\/eventos-paralelos\/\"]}]},{\"@type\":\"BreadcrumbList\",\"@id\":\"https:\/\/ecpamericas.org\/es\/reuniones-ministeriales\/ministerial-ecpa-2020\/eventos-paralelos\/#breadcrumb\",\"itemListElement\":[{\"@type\":\"ListItem\",\"position\":1,\"name\":\"Home\",\"item\":\"https:\/\/ecpamericas.org\/es\/\"},{\"@type\":\"ListItem\",\"position\":2,\"name\":\"Reuniones Ministeriales\",\"item\":\"https:\/\/ecpamericas.org\/es\/reuniones-ministeriales\/\"},{\"@type\":\"ListItem\",\"position\":3,\"name\":\"Ministerial ECPA 2020\",\"item\":\"https:\/\/ecpamericas.org\/es\/reuniones-ministeriales\/ministerial-ecpa-2020\/\"},{\"@type\":\"ListItem\",\"position\":4,\"name\":\"Eventos paralelos\"}]},{\"@type\":\"WebSite\",\"@id\":\"https:\/\/ecpamericas.org\/es\/#website\",\"url\":\"https:\/\/ecpamericas.org\/es\/\",\"name\":\"ECPA - Energy and Climate Partnership of the Americas\",\"description\":\"Promoting cooperation for a sustainable energy future in the Americas\",\"potentialAction\":[{\"@type\":\"SearchAction\",\"target\":{\"@type\":\"EntryPoint\",\"urlTemplate\":\"https:\/\/ecpamericas.org\/es\/?s={search_term_string}\"},\"query-input\":\"required name=search_term_string\"}],\"inLanguage\":\"es\"}]}<\/script>\n<!-- \/ Yoast SEO plugin. -->","yoast_head_json":{"title":"Eventos paralelos - ECPA - Energy and Climate Partnership of the Americas","robots":{"index":"index","follow":"follow","max-snippet":"max-snippet:-1","max-image-preview":"max-image-preview:large","max-video-preview":"max-video-preview:-1"},"canonical":"https:\/\/ecpamericas.org\/es\/reuniones-ministeriales\/ministerial-ecpa-2020\/eventos-paralelos\/","og_locale":"es_ES","og_type":"article","og_title":"Eventos paralelos - ECPA - Energy and Climate Partnership of the Americas","og_description":"D\u00cdA 1: Mi\u00e9rcoles 26 de febrero, 2020 Eventos paralelos de la ma\u00f1ana &#8211; Sesiones simult\u00e1neas 9:00 &#8211; 11:00 Liberar el potencial de la eficiencia energ\u00e9tica en Am\u00e9rica Latina y el Caribe: Papel del cambio de comportamiento Organiza:\u00a0Banco Mundial 9:30 &#8211; 11:30 Caminos de la energ\u00eda sostenible en Am\u00e9rica Latina y el Caribe 9:30 &#8211; 11:30 [&hellip;]","og_url":"https:\/\/ecpamericas.org\/es\/reuniones-ministeriales\/ministerial-ecpa-2020\/eventos-paralelos\/","og_site_name":"ECPA - Energy and Climate Partnership of the Americas","twitter_card":"summary_large_image","twitter_misc":{"Tiempo de lectura":"1 minuto"},"schema":{"@context":"https:\/\/schema.org","@graph":[{"@type":"WebPage","@id":"https:\/\/ecpamericas.org\/es\/reuniones-ministeriales\/ministerial-ecpa-2020\/eventos-paralelos\/","url":"https:\/\/ecpamericas.org\/es\/reuniones-ministeriales\/ministerial-ecpa-2020\/eventos-paralelos\/","name":"Eventos paralelos - ECPA - Energy and Climate Partnership of the Americas","isPartOf":{"@id":"https:\/\/ecpamericas.org\/es\/#website"},"datePublished":"2020-12-30T20:44:44+00:00","dateModified":"2020-12-30T20:44:44+00:00","breadcrumb":{"@id":"https:\/\/ecpamericas.org\/es\/reuniones-ministeriales\/ministerial-ecpa-2020\/eventos-paralelos\/#breadcrumb"},"inLanguage":"es","potentialAction":[{"@type":"ReadAction","target":["https:\/\/ecpamericas.org\/es\/reuniones-ministeriales\/ministerial-ecpa-2020\/eventos-paralelos\/"]}]},{"@type":"BreadcrumbList","@id":"https:\/\/ecpamericas.org\/es\/reuniones-ministeriales\/ministerial-ecpa-2020\/eventos-paralelos\/#breadcrumb","itemListElement":[{"@type":"ListItem","position":1,"name":"Home","item":"https:\/\/ecpamericas.org\/es\/"},{"@type":"ListItem","position":2,"name":"Reuniones Ministeriales","item":"https:\/\/ecpamericas.org\/es\/reuniones-ministeriales\/"},{"@type":"ListItem","position":3,"name":"Ministerial ECPA 2020","item":"https:\/\/ecpamericas.org\/es\/reuniones-ministeriales\/ministerial-ecpa-2020\/"},{"@type":"ListItem","position":4,"name":"Eventos paralelos"}]},{"@type":"WebSite","@id":"https:\/\/ecpamericas.org\/es\/#website","url":"https:\/\/ecpamericas.org\/es\/","name":"ECPA - Energy and Climate Partnership of the Americas","description":"Promoting cooperation for a sustainable energy future in the Americas","potentialAction":[{"@type":"SearchAction","target":{"@type":"EntryPoint","urlTemplate":"https:\/\/ecpamericas.org\/es\/?s={search_term_string}"},"query-input":"required name=search_term_string"}],"inLanguage":"es"}]}},"_links":{"self":[{"href":"https:\/\/ecpamericas.org\/es\/wp-json\/wp\/v2\/pages\/1847","targetHints":{"allow":["GET"]}}],"collection":[{"href":"https:\/\/ecpamericas.org\/es\/wp-json\/wp\/v2\/pages"}],"about":[{"href":"https:\/\/ecpamericas.org\/es\/wp-json\/wp\/v2\/types\/page"}],"author":[{"embeddable":true,"href":"https:\/\/ecpamericas.org\/es\/wp-json\/wp\/v2\/users\/1"}],"replies":[{"embeddable":true,"href":"https:\/\/ecpamericas.org\/es\/wp-json\/wp\/v2\/comments?post=1847"}],"version-history":[{"count":1,"href":"https:\/\/ecpamericas.org\/es\/wp-json\/wp\/v2\/pages\/1847\/revisions"}],"predecessor-version":[{"id":1850,"href":"https:\/\/ecpamericas.org\/es\/wp-json\/wp\/v2\/pages\/1847\/revisions\/1850"}],"up":[{"embeddable":true,"href":"https:\/\/ecpamericas.org\/es\/wp-json\/wp\/v2\/pages\/86"}],"wp:attachment":[{"href":"https:\/\/ecpamericas.org\/es\/wp-json\/wp\/v2\/media?parent=1847"}],"curies":[{"name":"wp","href":"https:\/\/api.w.org\/{rel}","templated":true}]}}