{"id":1834,"date":"2020-12-30T15:37:33","date_gmt":"2020-12-30T20:37:33","guid":{"rendered":"https:\/\/ecpamericas.org\/?page_id=1834"},"modified":"2020-12-30T15:39:06","modified_gmt":"2020-12-30T20:39:06","slug":"sector-privado","status":"publish","type":"page","link":"https:\/\/ecpamericas.org\/es\/reuniones-ministeriales\/ministerial-ecpa-2020\/sector-privado\/","title":{"rendered":"Sector privado"},"content":{"rendered":"<h4>Di\u00e1logo Empresarial de las Am\u00e9ricas<\/h4>\n<p>Debido al hecho de que las empresas juegan un papel fundamental en el aprovechamiento del potencial energ\u00e9tico de la regi\u00f3n, la comunicaci\u00f3n entre los sectores p\u00fablico y privado es fundamental. La Alianza de Energ\u00eda y Clima de las Am\u00e9ricas (ECPA) coopera estrechamente con el grupo de trabajo sobre energ\u00eda del Di\u00e1logo Empresarial de las Am\u00e9ricas, una iniciativa de alto nivel liderada por el sector privado y facilitada por el BID para promover mayores oportunidades de crecimiento y desarrollo econ\u00f3mico.<\/p>\n<p><strong>DOCUMENTOS \u00a0DEL GRUPO DE TRABAJO PARA LA IV MINISTERIAL DE LA ECPA:<\/strong><\/p>\n<ul>\n<li><a href=\"https:\/\/ecpamericas.org\/wp-content\/uploads\/2020\/12\/ABD-ECPA-Grid-Flexibility.pdf\">NEW REGULATORY FRAMEWORKS FOR GRID FLEXIBILITY\u00a0<\/a><\/li>\n<\/ul>\n<ul>\n<li><a href=\"https:\/\/ecpamericas.org\/wp-content\/uploads\/2020\/12\/ABD-ECPA-Natural-Gas.pdf\">THE ROLE OF NATURAL GAS IN THE LATIN AMERICAN ENERGY TRANSITION<\/a><\/li>\n<\/ul>\n<ul>\n<li><a href=\"https:\/\/ecpamericas.org\/wp-content\/uploads\/2020\/12\/ABD-ECPA-Physical-and-Regulatory-Integration.pdf\">REGIONAL INTEGRATION AND INTERCONNECTION<\/a><\/li>\n<\/ul>\n","protected":false},"excerpt":{"rendered":"<p>Di\u00e1logo Empresarial de las Am\u00e9ricas Debido al hecho de que las empresas juegan un papel fundamental en el aprovechamiento del potencial energ\u00e9tico de la regi\u00f3n, la comunicaci\u00f3n entre los sectores p\u00fablico y privado es fundamental. La Alianza de Energ\u00eda y Clima de las Am\u00e9ricas (ECPA) coopera estrechamente con el grupo de trabajo sobre energ\u00eda del [&hellip;]<\/p>\n","protected":false},"author":1,"featured_media":0,"parent":86,"menu_order":0,"comment_status":"closed","ping_status":"closed","template":"","meta":{"_acf_changed":false,"inline_featured_image":false,"footnotes":""},"class_list":["post-1834","page","type-page","status-publish","hentry"],"acf":[],"yoast_head":"<!-- This site is optimized with the Yoast SEO plugin v21.7 - https:\/\/yoast.com\/wordpress\/plugins\/seo\/ -->\n<title>Sector privado - ECPA - Energy and Climate Partnership of the Americas<\/title>\n<meta name=\"robots\" content=\"index, follow, max-snippet:-1, max-image-preview:large, max-video-preview:-1\" \/>\n<link rel=\"canonical\" href=\"https:\/\/ecpamericas.org\/es\/reuniones-ministeriales\/ministerial-ecpa-2020\/sector-privado\/\" \/>\n<meta property=\"og:locale\" content=\"es_ES\" \/>\n<meta property=\"og:type\" content=\"article\" \/>\n<meta property=\"og:title\" content=\"Sector privado - ECPA - Energy and Climate Partnership of the Americas\" \/>\n<meta property=\"og:description\" content=\"Di\u00e1logo Empresarial de las Am\u00e9ricas Debido al hecho de que las empresas juegan un papel fundamental en el aprovechamiento del potencial energ\u00e9tico de la regi\u00f3n, la comunicaci\u00f3n entre los sectores p\u00fablico y privado es fundamental. La Alianza de Energ\u00eda y Clima de las Am\u00e9ricas (ECPA) coopera estrechamente con el grupo de trabajo sobre energ\u00eda del [&hellip;]\" \/>\n<meta property=\"og:url\" content=\"https:\/\/ecpamericas.org\/es\/reuniones-ministeriales\/ministerial-ecpa-2020\/sector-privado\/\" \/>\n<meta property=\"og:site_name\" content=\"ECPA - Energy and Climate Partnership of the Americas\" \/>\n<meta property=\"article:modified_time\" content=\"2020-12-30T20:39:06+00:00\" \/>\n<meta name=\"twitter:card\" content=\"summary_large_image\" \/>\n<meta name=\"twitter:label1\" content=\"Tiempo de lectura\" \/>\n\t<meta name=\"twitter:data1\" content=\"1 minuto\" \/>\n<script type=\"application\/ld+json\" class=\"yoast-schema-graph\">{\"@context\":\"https:\/\/schema.org\",\"@graph\":[{\"@type\":\"WebPage\",\"@id\":\"https:\/\/ecpamericas.org\/es\/reuniones-ministeriales\/ministerial-ecpa-2020\/sector-privado\/\",\"url\":\"https:\/\/ecpamericas.org\/es\/reuniones-ministeriales\/ministerial-ecpa-2020\/sector-privado\/\",\"name\":\"Sector privado - ECPA - Energy and Climate Partnership of the Americas\",\"isPartOf\":{\"@id\":\"https:\/\/ecpamericas.org\/es\/#website\"},\"datePublished\":\"2020-12-30T20:37:33+00:00\",\"dateModified\":\"2020-12-30T20:39:06+00:00\",\"breadcrumb\":{\"@id\":\"https:\/\/ecpamericas.org\/es\/reuniones-ministeriales\/ministerial-ecpa-2020\/sector-privado\/#breadcrumb\"},\"inLanguage\":\"es\",\"potentialAction\":[{\"@type\":\"ReadAction\",\"target\":[\"https:\/\/ecpamericas.org\/es\/reuniones-ministeriales\/ministerial-ecpa-2020\/sector-privado\/\"]}]},{\"@type\":\"BreadcrumbList\",\"@id\":\"https:\/\/ecpamericas.org\/es\/reuniones-ministeriales\/ministerial-ecpa-2020\/sector-privado\/#breadcrumb\",\"itemListElement\":[{\"@type\":\"ListItem\",\"position\":1,\"name\":\"Home\",\"item\":\"https:\/\/ecpamericas.org\/es\/\"},{\"@type\":\"ListItem\",\"position\":2,\"name\":\"Reuniones Ministeriales\",\"item\":\"https:\/\/ecpamericas.org\/es\/reuniones-ministeriales\/\"},{\"@type\":\"ListItem\",\"position\":3,\"name\":\"Ministerial ECPA 2020\",\"item\":\"https:\/\/ecpamericas.org\/es\/reuniones-ministeriales\/ministerial-ecpa-2020\/\"},{\"@type\":\"ListItem\",\"position\":4,\"name\":\"Sector privado\"}]},{\"@type\":\"WebSite\",\"@id\":\"https:\/\/ecpamericas.org\/es\/#website\",\"url\":\"https:\/\/ecpamericas.org\/es\/\",\"name\":\"ECPA - Energy and Climate Partnership of the Americas\",\"description\":\"Promoting cooperation for a sustainable energy future in the Americas\",\"potentialAction\":[{\"@type\":\"SearchAction\",\"target\":{\"@type\":\"EntryPoint\",\"urlTemplate\":\"https:\/\/ecpamericas.org\/es\/?s={search_term_string}\"},\"query-input\":\"required name=search_term_string\"}],\"inLanguage\":\"es\"}]}<\/script>\n<!-- \/ Yoast SEO plugin. -->","yoast_head_json":{"title":"Sector privado - ECPA - Energy and Climate Partnership of the Americas","robots":{"index":"index","follow":"follow","max-snippet":"max-snippet:-1","max-image-preview":"max-image-preview:large","max-video-preview":"max-video-preview:-1"},"canonical":"https:\/\/ecpamericas.org\/es\/reuniones-ministeriales\/ministerial-ecpa-2020\/sector-privado\/","og_locale":"es_ES","og_type":"article","og_title":"Sector privado - ECPA - Energy and Climate Partnership of the Americas","og_description":"Di\u00e1logo Empresarial de las Am\u00e9ricas Debido al hecho de que las empresas juegan un papel fundamental en el aprovechamiento del potencial energ\u00e9tico de la regi\u00f3n, la comunicaci\u00f3n entre los sectores p\u00fablico y privado es fundamental. La Alianza de Energ\u00eda y Clima de las Am\u00e9ricas (ECPA) coopera estrechamente con el grupo de trabajo sobre energ\u00eda del [&hellip;]","og_url":"https:\/\/ecpamericas.org\/es\/reuniones-ministeriales\/ministerial-ecpa-2020\/sector-privado\/","og_site_name":"ECPA - Energy and Climate Partnership of the Americas","article_modified_time":"2020-12-30T20:39:06+00:00","twitter_card":"summary_large_image","twitter_misc":{"Tiempo de lectura":"1 minuto"},"schema":{"@context":"https:\/\/schema.org","@graph":[{"@type":"WebPage","@id":"https:\/\/ecpamericas.org\/es\/reuniones-ministeriales\/ministerial-ecpa-2020\/sector-privado\/","url":"https:\/\/ecpamericas.org\/es\/reuniones-ministeriales\/ministerial-ecpa-2020\/sector-privado\/","name":"Sector privado - ECPA - Energy and Climate Partnership of the Americas","isPartOf":{"@id":"https:\/\/ecpamericas.org\/es\/#website"},"datePublished":"2020-12-30T20:37:33+00:00","dateModified":"2020-12-30T20:39:06+00:00","breadcrumb":{"@id":"https:\/\/ecpamericas.org\/es\/reuniones-ministeriales\/ministerial-ecpa-2020\/sector-privado\/#breadcrumb"},"inLanguage":"es","potentialAction":[{"@type":"ReadAction","target":["https:\/\/ecpamericas.org\/es\/reuniones-ministeriales\/ministerial-ecpa-2020\/sector-privado\/"]}]},{"@type":"BreadcrumbList","@id":"https:\/\/ecpamericas.org\/es\/reuniones-ministeriales\/ministerial-ecpa-2020\/sector-privado\/#breadcrumb","itemListElement":[{"@type":"ListItem","position":1,"name":"Home","item":"https:\/\/ecpamericas.org\/es\/"},{"@type":"ListItem","position":2,"name":"Reuniones Ministeriales","item":"https:\/\/ecpamericas.org\/es\/reuniones-ministeriales\/"},{"@type":"ListItem","position":3,"name":"Ministerial ECPA 2020","item":"https:\/\/ecpamericas.org\/es\/reuniones-ministeriales\/ministerial-ecpa-2020\/"},{"@type":"ListItem","position":4,"name":"Sector privado"}]},{"@type":"WebSite","@id":"https:\/\/ecpamericas.org\/es\/#website","url":"https:\/\/ecpamericas.org\/es\/","name":"ECPA - Energy and Climate Partnership of the Americas","description":"Promoting cooperation for a sustainable energy future in the Americas","potentialAction":[{"@type":"SearchAction","target":{"@type":"EntryPoint","urlTemplate":"https:\/\/ecpamericas.org\/es\/?s={search_term_string}"},"query-input":"required name=search_term_string"}],"inLanguage":"es"}]}},"_links":{"self":[{"href":"https:\/\/ecpamericas.org\/es\/wp-json\/wp\/v2\/pages\/1834","targetHints":{"allow":["GET"]}}],"collection":[{"href":"https:\/\/ecpamericas.org\/es\/wp-json\/wp\/v2\/pages"}],"about":[{"href":"https:\/\/ecpamericas.org\/es\/wp-json\/wp\/v2\/types\/page"}],"author":[{"embeddable":true,"href":"https:\/\/ecpamericas.org\/es\/wp-json\/wp\/v2\/users\/1"}],"replies":[{"embeddable":true,"href":"https:\/\/ecpamericas.org\/es\/wp-json\/wp\/v2\/comments?post=1834"}],"version-history":[{"count":2,"href":"https:\/\/ecpamericas.org\/es\/wp-json\/wp\/v2\/pages\/1834\/revisions"}],"predecessor-version":[{"id":1837,"href":"https:\/\/ecpamericas.org\/es\/wp-json\/wp\/v2\/pages\/1834\/revisions\/1837"}],"up":[{"embeddable":true,"href":"https:\/\/ecpamericas.org\/es\/wp-json\/wp\/v2\/pages\/86"}],"wp:attachment":[{"href":"https:\/\/ecpamericas.org\/es\/wp-json\/wp\/v2\/media?parent=1834"}],"curies":[{"name":"wp","href":"https:\/\/api.w.org\/{rel}","templated":true}]}}