{"id":1784,"date":"2020-12-30T12:53:12","date_gmt":"2020-12-30T17:53:12","guid":{"rendered":"https:\/\/ecpamericas.org\/?page_id=1784"},"modified":"2020-12-30T14:19:44","modified_gmt":"2020-12-30T19:19:44","slug":"proceso-preparatorio-de-la-iii-ministerial","status":"publish","type":"page","link":"https:\/\/ecpamericas.org\/es\/reuniones-ministeriales\/ministerial-ecpa-2017\/proceso-preparatorio-de-la-iii-ministerial\/","title":{"rendered":"Proceso preparatorio de la III Ministerial"},"content":{"rendered":"<h4>Antecedentes:<\/h4>\n<p>La primera Ministerial de Energ\u00eda y Clima de las Am\u00e9ricas se llev\u00f3 a cabo en Washington, DC, Estados Unidos, en abril de 2010. Este encuentro de ministros de energ\u00eda de los pa\u00edses de las Am\u00e9ricas fue clave para el establecimiento de la Alianza de Energ\u00eda y Clima de las Am\u00e9ricas (conocida como ECPA, por su acr\u00f3nimo en ingl\u00e9s), anunciada por el Gobierno de Estados Unidos en la Quinta Cumbre de las Am\u00e9ricas realizada en Trinidad y Tobago en 2009.<\/p>\n<p>La segunda reuni\u00f3n ministerial se celebr\u00f3 en mayo de 2015 en la ciudad de M\u00e9rida, en M\u00e9xico. El evento atrajo a ministros de energ\u00eda y dem\u00e1s autoridades nacionales, las cuales acordaron conjuntamente dise\u00f1ar un plan de trabajo m\u00e1s din\u00e1mico que comprenda acciones concretas para impulsar un papel de liderazgo del Hemisferio Occidental en temas relacionados con la energ\u00eda y el cambio clim\u00e1tico. Esta reuni\u00f3n sent\u00f3 las bases de un plan de trabajo de dos a\u00f1os y estableci\u00f3 la creaci\u00f3n de un Comit\u00e9 Directivo que sirva de estructura de gesti\u00f3n de la Alianza.<\/p>\n<p>Estas reuniones tambi\u00e9n sentaron las bases del Plan de Acci\u00f3n de la ECPA, el cual definir\u00e1 los pr\u00f3ximos pasos de la agenda regional de energ\u00eda y clima.<\/p>\n<h4>Proceso preparatorio:<\/h4>\n<p>Con miras a la tercera ministerial de la ECPA, se celebrar\u00e1n dos reuniones regionales en preparaci\u00f3n del encuentro ministerial en Chile en 2017.<\/p>\n<p>Los antecedentes de la II Reuni\u00f3n Ministerial celebrada en M\u00e9xico servir\u00e1n de base para las reuniones preparatorias. Cada reuni\u00f3n abordar\u00e1 temas espec\u00edficos de la energ\u00eda y el clima y evaluar\u00e1 los avances logrados con el prop\u00f3sito de formular posiciones regionales en temas de inter\u00e9s com\u00fan y con vistas a consolidar la estructura de la Alianza. Estas reuniones tambi\u00e9n servir\u00e1n para realizar un balance de los resultados de los proyectos e iniciativas y debatir acerca de las formas de fortalecer este esfuerzo hemisf\u00e9rico.<\/p>\n<p>&nbsp;<\/p>\n<hr \/>\n<h4>Primera reuni\u00f3n preparatoria: Miami, Florida, 20 de octubre de 2016<\/h4>\n<p>Los 19 pa\u00edses representados en el evento preparatorio hicieron un balance de la Alianza desde la \u00faltima Reuni\u00f3n Ministerial de la ECPA celebrada en M\u00e9rida en\u00a0<strong>2015<\/strong>. Los acontecimientos m\u00e1s importantes que se debatieron incluyeron los\u00a0<em>Principios Rectores<\/em>\u00a0y el\u00a0<em>Plan de Acci\u00f3n<\/em>\u00a0del Comit\u00e9 Directivo de la Alianza y las iniciativas que la OEA ejecut\u00f3 para fortalecer este esfuerzo hemisf\u00e9rico.<\/p>\n<p>Durante el evento, los pa\u00edses participantes consideraron medidas para impulsar la participaci\u00f3n y la colaboraci\u00f3n de los pa\u00edses en el marco de la ECPA y compartieron las prioridades de sus gobiernos en materia de energ\u00eda. Los Gobiernos acordaron proporcionar una\u00a0<em>Nota Conceptual<\/em>\u00a0de una p\u00e1gina, en la que se describiese un (1) tema espec\u00edfico relacionado con la energ\u00eda sostenible considerado prioritario a nivel nacional y \/ o regional.<\/p>\n<p><strong>Objetivo:<\/strong><\/p>\n<p>Lanzar el proceso preparatorio hacia la Tercera Reuni\u00f3n Ministerial de la Alianza de Energ\u00eda y Clima de las Am\u00e9ricas (ECPA), orientada a la transici\u00f3n energ\u00e9tica en las Am\u00e9ricas.<\/p>\n<ul>\n<li>Agenda\u00a0<a href=\"https:\/\/ecpamericas.org\/wp-content\/uploads\/2020\/12\/Prep-Meeting-agenda-ENG.pdf\">EN<\/a>\u00a0|\u00a0<a href=\"https:\/\/ecpamericas.org\/wp-content\/uploads\/2020\/12\/Prep-Meeting-Agenda-SP.pdf\">ES<\/a>\u00a0|<\/li>\n<li>Presentaciones:<\/li>\n<\/ul>\n<ol>\n<li>Vicepresidencia del Comit\u00e9 Directivos: Erika Streu, Directora para Am\u00e9rica Latina y el Caribe, Direcci\u00f3n General de Asuntos Internacionales, Secretar\u00eda Nacional de Energ\u00eda, M\u00e9xico. Vea presentaci\u00f3n en ingl\u00e9s,\u00a0<a href=\"https:\/\/ecpamericas.org\/wp-content\/uploads\/2020\/12\/E-Streu_Mexico.pdf\">aqu\u00ed<\/a>.<\/li>\n<li>Presidencia del Comit\u00e9 Directivos: Maria Cristina Silva Parejas, Profesional, Departamento Internacional, Ministerio de Energ\u00eda, Gobierno de Chile.\u00a0Vea presentaci\u00f3n en ingl\u00e9s,\u00a0<a href=\"https:\/\/ecpamericas.org\/wp-content\/uploads\/2020\/12\/ECPA_Guiding_Principles-final-1.pdf\">aqu\u00ed<\/a>.<\/li>\n<li>Unidad de Coordinaci\u00f3n T\u00e9cnica: Juan Cruz Monticelli, Especialista Principal de Energ\u00eda, Departamento de Desarrollo Sostenible, Organizaci\u00f3n de los Estados Americanos. Vea presentaci\u00f3n en ingl\u00e9s,\u00a0<a href=\"https:\/\/ecpamericas.org\/wp-content\/uploads\/2020\/12\/JC-Monticelli_ECPA-Technical-Coordination-Unit.pdf\">aqu\u00ed<\/a>.<\/li>\n<li>Clean Energy Solutions Center: Jessica McDonald, Departamento de Energ\u00eda de los Estados Unidos. Vea presentaci\u00f3n en ingl\u00e9s,\u00a0<a href=\"https:\/\/ecpamericas.org\/wp-content\/uploads\/2020\/12\/J-MCDonald_Clean-Energy-Solutions-Center.pdf\">aqu\u00ed<\/a>.<\/li>\n<\/ol>\n<p>&nbsp;<\/p>\n<hr \/>\n<h4>Segunda reuni\u00f3n preparatoria: Puerto Espa\u00f1a, Trinidad y Tobago, 20 de abril de 2017<\/h4>\n<p><strong>Objetivo:<\/strong><\/p>\n<p>Dar seguimiento a los intercambios sobre prioridades energ\u00e9ticas sostenibles nacionales y regionales iniciados en la Primera Reuni\u00f3n Regional, alentar alianzas p\u00fablico-privadas que impulsen la energ\u00eda sostenible e identificar potenciales \u00e1reas de acci\u00f3n y entregables a ser presentados en la Reuni\u00f3n Ministerial.<\/p>\n<ul>\n<li>Agenda\u00a0<a href=\"https:\/\/ecpamericas.org\/wp-content\/uploads\/2020\/12\/Prep_Meeting_Agenda_ENG.pdf\">EN<\/a>\u00a0|\u00a0<a href=\"https:\/\/ecpamericas.org\/wp-content\/uploads\/2020\/12\/Prep_Meeting_Agenda_ESP.pdf\">ES<\/a>\u00a0|<\/li>\n<li>Presentaci\u00f3n:<\/li>\n<\/ul>\n<ol>\n<li>Unidad de Coordinaci\u00f3n T\u00e9cnica: Juan Cruz Monticelli, Especialista Principal de Energ\u00eda, Departamento de Desarrollo Sostenible, Organizaci\u00f3n de los Estados Americanos. Vea presentaci\u00f3n en ingl\u00e9s,\u00a0<a href=\"https:\/\/ecpamericas.org\/wp-content\/uploads\/2020\/12\/TandT-presentation-Juan-Cruz2-FINAL-552017.pdf\">aqu\u00ed<\/a>.<\/li>\n<\/ol>\n","protected":false},"excerpt":{"rendered":"<p>Antecedentes: La primera Ministerial de Energ\u00eda y Clima de las Am\u00e9ricas se llev\u00f3 a cabo en Washington, DC, Estados Unidos, en abril de 2010. Este encuentro de ministros de energ\u00eda de los pa\u00edses de las Am\u00e9ricas fue clave para el establecimiento de la Alianza de Energ\u00eda y Clima de las Am\u00e9ricas (conocida como ECPA, por [&hellip;]<\/p>\n","protected":false},"author":1,"featured_media":0,"parent":84,"menu_order":0,"comment_status":"closed","ping_status":"closed","template":"","meta":{"_acf_changed":false,"inline_featured_image":false,"footnotes":""},"class_list":["post-1784","page","type-page","status-publish","hentry"],"acf":[],"yoast_head":"<!-- This site is optimized with the Yoast SEO plugin v21.7 - https:\/\/yoast.com\/wordpress\/plugins\/seo\/ -->\n<title>Proceso preparatorio de la III Ministerial - ECPA - Energy and Climate Partnership of the Americas<\/title>\n<meta name=\"robots\" content=\"index, follow, max-snippet:-1, max-image-preview:large, max-video-preview:-1\" \/>\n<link rel=\"canonical\" href=\"https:\/\/ecpamericas.org\/es\/reuniones-ministeriales\/ministerial-ecpa-2017\/proceso-preparatorio-de-la-iii-ministerial\/\" \/>\n<meta property=\"og:locale\" content=\"es_ES\" \/>\n<meta property=\"og:type\" content=\"article\" \/>\n<meta property=\"og:title\" content=\"Proceso preparatorio de la III Ministerial - ECPA - Energy and Climate Partnership of the Americas\" \/>\n<meta property=\"og:description\" content=\"Antecedentes: La primera Ministerial de Energ\u00eda y Clima de las Am\u00e9ricas se llev\u00f3 a cabo en Washington, DC, Estados Unidos, en abril de 2010. Este encuentro de ministros de energ\u00eda de los pa\u00edses de las Am\u00e9ricas fue clave para el establecimiento de la Alianza de Energ\u00eda y Clima de las Am\u00e9ricas (conocida como ECPA, por [&hellip;]\" \/>\n<meta property=\"og:url\" content=\"https:\/\/ecpamericas.org\/es\/reuniones-ministeriales\/ministerial-ecpa-2017\/proceso-preparatorio-de-la-iii-ministerial\/\" \/>\n<meta property=\"og:site_name\" content=\"ECPA - Energy and Climate Partnership of the Americas\" \/>\n<meta property=\"article:modified_time\" content=\"2020-12-30T19:19:44+00:00\" \/>\n<meta name=\"twitter:card\" content=\"summary_large_image\" \/>\n<meta name=\"twitter:label1\" content=\"Tiempo de lectura\" \/>\n\t<meta name=\"twitter:data1\" content=\"4 minutos\" \/>\n<script type=\"application\/ld+json\" class=\"yoast-schema-graph\">{\"@context\":\"https:\/\/schema.org\",\"@graph\":[{\"@type\":\"WebPage\",\"@id\":\"https:\/\/ecpamericas.org\/es\/reuniones-ministeriales\/ministerial-ecpa-2017\/proceso-preparatorio-de-la-iii-ministerial\/\",\"url\":\"https:\/\/ecpamericas.org\/es\/reuniones-ministeriales\/ministerial-ecpa-2017\/proceso-preparatorio-de-la-iii-ministerial\/\",\"name\":\"Proceso preparatorio de la III Ministerial - ECPA - Energy and Climate Partnership of the Americas\",\"isPartOf\":{\"@id\":\"https:\/\/ecpamericas.org\/es\/#website\"},\"datePublished\":\"2020-12-30T17:53:12+00:00\",\"dateModified\":\"2020-12-30T19:19:44+00:00\",\"breadcrumb\":{\"@id\":\"https:\/\/ecpamericas.org\/es\/reuniones-ministeriales\/ministerial-ecpa-2017\/proceso-preparatorio-de-la-iii-ministerial\/#breadcrumb\"},\"inLanguage\":\"es\",\"potentialAction\":[{\"@type\":\"ReadAction\",\"target\":[\"https:\/\/ecpamericas.org\/es\/reuniones-ministeriales\/ministerial-ecpa-2017\/proceso-preparatorio-de-la-iii-ministerial\/\"]}]},{\"@type\":\"BreadcrumbList\",\"@id\":\"https:\/\/ecpamericas.org\/es\/reuniones-ministeriales\/ministerial-ecpa-2017\/proceso-preparatorio-de-la-iii-ministerial\/#breadcrumb\",\"itemListElement\":[{\"@type\":\"ListItem\",\"position\":1,\"name\":\"Home\",\"item\":\"https:\/\/ecpamericas.org\/es\/\"},{\"@type\":\"ListItem\",\"position\":2,\"name\":\"Reuniones Ministeriales\",\"item\":\"https:\/\/ecpamericas.org\/es\/reuniones-ministeriales\/\"},{\"@type\":\"ListItem\",\"position\":3,\"name\":\"Ministerial ECPA 2017\",\"item\":\"https:\/\/ecpamericas.org\/es\/reuniones-ministeriales\/ministerial-ecpa-2017\/\"},{\"@type\":\"ListItem\",\"position\":4,\"name\":\"Proceso preparatorio de la III Ministerial\"}]},{\"@type\":\"WebSite\",\"@id\":\"https:\/\/ecpamericas.org\/es\/#website\",\"url\":\"https:\/\/ecpamericas.org\/es\/\",\"name\":\"ECPA - Energy and Climate Partnership of the Americas\",\"description\":\"Promoting cooperation for a sustainable energy future in the Americas\",\"potentialAction\":[{\"@type\":\"SearchAction\",\"target\":{\"@type\":\"EntryPoint\",\"urlTemplate\":\"https:\/\/ecpamericas.org\/es\/?s={search_term_string}\"},\"query-input\":\"required name=search_term_string\"}],\"inLanguage\":\"es\"}]}<\/script>\n<!-- \/ Yoast SEO plugin. -->","yoast_head_json":{"title":"Proceso preparatorio de la III Ministerial - ECPA - Energy and Climate Partnership of the Americas","robots":{"index":"index","follow":"follow","max-snippet":"max-snippet:-1","max-image-preview":"max-image-preview:large","max-video-preview":"max-video-preview:-1"},"canonical":"https:\/\/ecpamericas.org\/es\/reuniones-ministeriales\/ministerial-ecpa-2017\/proceso-preparatorio-de-la-iii-ministerial\/","og_locale":"es_ES","og_type":"article","og_title":"Proceso preparatorio de la III Ministerial - ECPA - Energy and Climate Partnership of the Americas","og_description":"Antecedentes: La primera Ministerial de Energ\u00eda y Clima de las Am\u00e9ricas se llev\u00f3 a cabo en Washington, DC, Estados Unidos, en abril de 2010. Este encuentro de ministros de energ\u00eda de los pa\u00edses de las Am\u00e9ricas fue clave para el establecimiento de la Alianza de Energ\u00eda y Clima de las Am\u00e9ricas (conocida como ECPA, por [&hellip;]","og_url":"https:\/\/ecpamericas.org\/es\/reuniones-ministeriales\/ministerial-ecpa-2017\/proceso-preparatorio-de-la-iii-ministerial\/","og_site_name":"ECPA - Energy and Climate Partnership of the Americas","article_modified_time":"2020-12-30T19:19:44+00:00","twitter_card":"summary_large_image","twitter_misc":{"Tiempo de lectura":"4 minutos"},"schema":{"@context":"https:\/\/schema.org","@graph":[{"@type":"WebPage","@id":"https:\/\/ecpamericas.org\/es\/reuniones-ministeriales\/ministerial-ecpa-2017\/proceso-preparatorio-de-la-iii-ministerial\/","url":"https:\/\/ecpamericas.org\/es\/reuniones-ministeriales\/ministerial-ecpa-2017\/proceso-preparatorio-de-la-iii-ministerial\/","name":"Proceso preparatorio de la III Ministerial - ECPA - Energy and Climate Partnership of the Americas","isPartOf":{"@id":"https:\/\/ecpamericas.org\/es\/#website"},"datePublished":"2020-12-30T17:53:12+00:00","dateModified":"2020-12-30T19:19:44+00:00","breadcrumb":{"@id":"https:\/\/ecpamericas.org\/es\/reuniones-ministeriales\/ministerial-ecpa-2017\/proceso-preparatorio-de-la-iii-ministerial\/#breadcrumb"},"inLanguage":"es","potentialAction":[{"@type":"ReadAction","target":["https:\/\/ecpamericas.org\/es\/reuniones-ministeriales\/ministerial-ecpa-2017\/proceso-preparatorio-de-la-iii-ministerial\/"]}]},{"@type":"BreadcrumbList","@id":"https:\/\/ecpamericas.org\/es\/reuniones-ministeriales\/ministerial-ecpa-2017\/proceso-preparatorio-de-la-iii-ministerial\/#breadcrumb","itemListElement":[{"@type":"ListItem","position":1,"name":"Home","item":"https:\/\/ecpamericas.org\/es\/"},{"@type":"ListItem","position":2,"name":"Reuniones Ministeriales","item":"https:\/\/ecpamericas.org\/es\/reuniones-ministeriales\/"},{"@type":"ListItem","position":3,"name":"Ministerial ECPA 2017","item":"https:\/\/ecpamericas.org\/es\/reuniones-ministeriales\/ministerial-ecpa-2017\/"},{"@type":"ListItem","position":4,"name":"Proceso preparatorio de la III Ministerial"}]},{"@type":"WebSite","@id":"https:\/\/ecpamericas.org\/es\/#website","url":"https:\/\/ecpamericas.org\/es\/","name":"ECPA - Energy and Climate Partnership of the Americas","description":"Promoting cooperation for a sustainable energy future in the Americas","potentialAction":[{"@type":"SearchAction","target":{"@type":"EntryPoint","urlTemplate":"https:\/\/ecpamericas.org\/es\/?s={search_term_string}"},"query-input":"required name=search_term_string"}],"inLanguage":"es"}]}},"_links":{"self":[{"href":"https:\/\/ecpamericas.org\/es\/wp-json\/wp\/v2\/pages\/1784","targetHints":{"allow":["GET"]}}],"collection":[{"href":"https:\/\/ecpamericas.org\/es\/wp-json\/wp\/v2\/pages"}],"about":[{"href":"https:\/\/ecpamericas.org\/es\/wp-json\/wp\/v2\/types\/page"}],"author":[{"embeddable":true,"href":"https:\/\/ecpamericas.org\/es\/wp-json\/wp\/v2\/users\/1"}],"replies":[{"embeddable":true,"href":"https:\/\/ecpamericas.org\/es\/wp-json\/wp\/v2\/comments?post=1784"}],"version-history":[{"count":5,"href":"https:\/\/ecpamericas.org\/es\/wp-json\/wp\/v2\/pages\/1784\/revisions"}],"predecessor-version":[{"id":1817,"href":"https:\/\/ecpamericas.org\/es\/wp-json\/wp\/v2\/pages\/1784\/revisions\/1817"}],"up":[{"embeddable":true,"href":"https:\/\/ecpamericas.org\/es\/wp-json\/wp\/v2\/pages\/84"}],"wp:attachment":[{"href":"https:\/\/ecpamericas.org\/es\/wp-json\/wp\/v2\/media?parent=1784"}],"curies":[{"name":"wp","href":"https:\/\/api.w.org\/{rel}","templated":true}]}}